{"id":729923,"date":"2025-08-27T21:05:13","date_gmt":"2025-08-27T18:05:13","guid":{"rendered":"https:\/\/roveyayinevi.com.tr\/index.php\/urun\/cumhuriyet-ve-antropoloji\/"},"modified":"2026-04-16T02:37:36","modified_gmt":"2026-04-15T23:37:36","slug":"cumhuriyet-ve-antropoloji","status":"publish","type":"product","link":"https:\/\/roveyayinevi.com.tr\/index.php\/urun\/cumhuriyet-ve-antropoloji\/","title":{"rendered":"Cumhuriyet Ve Antropoloji"},"content":{"rendered":"<p>Cumhuriyet ve Antropoloji Tanzimat sonras\u0131 y\u00fcz y\u0131l\u0131 kapsayan bir bilim tarihi. 1930\u2019lu y\u0131llarda ger\u00e7ekle\u015ftirilen bilimsel ve k\u00fclt\u00fcrel devrimin geri plan\u0131nda yer alan birikime odaklan\u0131yor. Tarih\u00e7ilerce \u201ckatastrofik\u201d ve \u201ckaranl\u0131k\u201d bir evre diye nitelenen iki d\u00fcnya sava\u015f\u0131 aras\u0131 d\u00f6nem, T\u00fcrkiye\u2019nin kendi \u201cyeni insan\u201d\u0131n\u0131 in\u015fa etti\u011fi y\u0131llar oldu. \u00c7a\u011fda\u015f bilim ve e\u011fitim anlay\u0131\u015f\u0131n\u0131n temelleri ulusla\u015fman\u0131n ilk evrelerine \u00f6zg\u00fc romantik \u00f6zlemlerle 1930\u2019lu y\u0131llarda at\u0131ld\u0131. Harf devrimi ertesi 1928-1938 evresi bilim anlay\u0131\u015f\u0131nda milat say\u0131ld\u0131. \u0130lk\u00f6\u011fretimden y\u00fcksek\u00f6\u011fretime antropolojik verilerle y\u00fckl\u00fc bir ge\u00e7mi\u015f vurguland\u0131. S\u00fcre\u00e7 tarih, co\u011frafya, dilbilim, mant\u0131k, jeoloji, biyoloji ba\u015fta olmak \u00fczere geni\u015f bir bilim yelpazesini ku\u015fatt\u0131. K\u00fclt\u00fcr devrimi ise Anadolu insan\u0131 \u00fczerine Bat\u0131\u2019daki nas\u0131rla\u015fm\u0131\u015f \u00f6nyarg\u0131lar\u0131 sorgulayan bir projeye d\u00f6n\u00fc\u015ft\u00fc. Prof. Dr. Zafer Toprak, Cumhuriyet ve Antropoloji \u2019de yine \u00e7ok zengin bir malzeme k\u00fclliyat\u0131na dayanarak, bunal\u0131ml\u0131 bir evrede do\u011fayla bar\u0131\u015f\u0131k bilimsel kayg\u0131lar\u0131 belgeleriyle dile getiriyor. Prof. Dr. Zafer Toprak Bo\u011fazi\u00e7i \u00dcniversitesi Emerit\u00fcs \u00d6\u011fretim \u00dcyesidir. <\/p>\n","protected":false},"excerpt":{"rendered":"<p>Cumhuriyet ve Antropoloji Tanzimat sonras\u0131 y\u00fcz y\u0131l\u0131 kapsayan bir bilim tarihi. 1930\u2019lu y\u0131llarda ger\u00e7ekle\u015ftirilen bilimsel ve k\u00fclt\u00fcrel devrimin geri plan\u0131nda yer alan birikime odaklan\u0131yor. Tarih\u00e7ilerce \u201ckatastrofik\u201d<span class=\"excerpt-hellip\"> [\u2026]<\/span><\/p>\n","protected":false},"featured_media":0,"template":"","meta":{"_monsterinsights_skip_tracking":false,"_monsterinsights_sitenote_active":false,"_monsterinsights_sitenote_note":"","_monsterinsights_sitenote_category":0},"product_brand":[],"product_cat":[12370,12304],"product_tag":[],"class_list":{"0":"post-729923","1":"product","2":"type-product","3":"status-publish","5":"product_cat-arastirma-inceleme","6":"product_cat-tarih","7":"pa_cilt-ciltsiz","8":"pa_tur-kitap","9":"pa_yayinevi-is-bankasi-kultur-yayinlari","10":"pa_yazar-zafer-toprak","12":"first","13":"instock","14":"sale","15":"shipping-taxable","16":"purchasable","17":"product-type-simple"},"_links":{"self":[{"href":"https:\/\/roveyayinevi.com.tr\/index.php\/wp-json\/wp\/v2\/product\/729923","targetHints":{"allow":["GET"]}}],"collection":[{"href":"https:\/\/roveyayinevi.com.tr\/index.php\/wp-json\/wp\/v2\/product"}],"about":[{"href":"https:\/\/roveyayinevi.com.tr\/index.php\/wp-json\/wp\/v2\/types\/product"}],"wp:attachment":[{"href":"https:\/\/roveyayinevi.com.tr\/index.php\/wp-json\/wp\/v2\/media?parent=729923"}],"wp:term":[{"taxonomy":"product_brand","embeddable":true,"href":"https:\/\/roveyayinevi.com.tr\/index.php\/wp-json\/wp\/v2\/product_brand?post=729923"},{"taxonomy":"product_cat","embeddable":true,"href":"https:\/\/roveyayinevi.com.tr\/index.php\/wp-json\/wp\/v2\/product_cat?post=729923"},{"taxonomy":"product_tag","embeddable":true,"href":"https:\/\/roveyayinevi.com.tr\/index.php\/wp-json\/wp\/v2\/product_tag?post=729923"}],"curies":[{"name":"wp","href":"https:\/\/api.w.org\/{rel}","templated":true}]}}