{"id":729921,"date":"2025-08-27T21:05:11","date_gmt":"2025-08-27T18:05:11","guid":{"rendered":"https:\/\/roveyayinevi.com.tr\/index.php\/urun\/gubar-i-huzun\/"},"modified":"2026-04-16T02:37:36","modified_gmt":"2026-04-15T23:37:36","slug":"gubar-i-huzun","status":"publish","type":"product","link":"https:\/\/roveyayinevi.com.tr\/index.php\/urun\/gubar-i-huzun\/","title":{"rendered":"Gubar-\u0131 H\u00fcz\u00fcn"},"content":{"rendered":"<p>\u00dczg\u00fcn\u00fcm. \u00dcz\u00fcld\u00fc\u011f\u00fcm \u00e7ok \u015fey var\u2026 Ve bunca \u00fczg\u00fcnl\u00fc\u011f\u00fcn i\u00e7erisinde elimden gelen tek \u015fey elimden geliyor. Bu el\u00eem bir h\u00e2dise de\u011fil fikrimce. Hi\u00e7bir vahimli\u011fi yok kanaatindeyim. Asl\u0131nda bir m\u00fck\u00e2fat, i\u00e7imi konu\u015fturmak istedi\u011fim i\u00e7in elimetutunmak. Elimse el\u00eemime uzanan bir el .Buna inanc\u0131m had safhada. <\/p>\n","protected":false},"excerpt":{"rendered":"<p>\u00dczg\u00fcn\u00fcm. \u00dcz\u00fcld\u00fc\u011f\u00fcm \u00e7ok \u015fey var\u2026 Ve bunca \u00fczg\u00fcnl\u00fc\u011f\u00fcn i\u00e7erisinde elimden gelen tek \u015fey elimden geliyor. Bu el\u00eem bir h\u00e2dise de\u011fil fikrimce. Hi\u00e7bir vahimli\u011fi yok kanaatindeyim. Asl\u0131nda<span class=\"excerpt-hellip\"> [\u2026]<\/span><\/p>\n","protected":false},"featured_media":0,"template":"","meta":{"_monsterinsights_skip_tracking":false,"_monsterinsights_sitenote_active":false,"_monsterinsights_sitenote_note":"","_monsterinsights_sitenote_category":0},"product_brand":[],"product_cat":[12291,12509],"product_tag":[],"class_list":{"0":"post-729921","1":"product","2":"type-product","3":"status-publish","5":"product_cat-edebiyat","6":"product_cat-siir","7":"pa_cilt-ciltsiz","8":"pa_tur-kitap","9":"pa_yayinevi-luna-yayinlari","10":"pa_yazar-ahmet-rufai-ilaslan","12":"first","13":"instock","14":"sale","15":"shipping-taxable","16":"purchasable","17":"product-type-simple"},"_links":{"self":[{"href":"https:\/\/roveyayinevi.com.tr\/index.php\/wp-json\/wp\/v2\/product\/729921","targetHints":{"allow":["GET"]}}],"collection":[{"href":"https:\/\/roveyayinevi.com.tr\/index.php\/wp-json\/wp\/v2\/product"}],"about":[{"href":"https:\/\/roveyayinevi.com.tr\/index.php\/wp-json\/wp\/v2\/types\/product"}],"wp:attachment":[{"href":"https:\/\/roveyayinevi.com.tr\/index.php\/wp-json\/wp\/v2\/media?parent=729921"}],"wp:term":[{"taxonomy":"product_brand","embeddable":true,"href":"https:\/\/roveyayinevi.com.tr\/index.php\/wp-json\/wp\/v2\/product_brand?post=729921"},{"taxonomy":"product_cat","embeddable":true,"href":"https:\/\/roveyayinevi.com.tr\/index.php\/wp-json\/wp\/v2\/product_cat?post=729921"},{"taxonomy":"product_tag","embeddable":true,"href":"https:\/\/roveyayinevi.com.tr\/index.php\/wp-json\/wp\/v2\/product_tag?post=729921"}],"curies":[{"name":"wp","href":"https:\/\/api.w.org\/{rel}","templated":true}]}}