{"id":729918,"date":"2025-08-27T21:05:07","date_gmt":"2025-08-27T18:05:07","guid":{"rendered":"https:\/\/roveyayinevi.com.tr\/index.php\/urun\/yasama-dair\/"},"modified":"2026-04-16T02:37:36","modified_gmt":"2026-04-15T23:37:36","slug":"yasama-dair","status":"publish","type":"product","link":"https:\/\/roveyayinevi.com.tr\/index.php\/urun\/yasama-dair\/","title":{"rendered":"Ya\u015fama Dair"},"content":{"rendered":"<p>Taksam k\u0131rm\u0131z\u0131 ne\u015feleri Mutluluk tac\u0131 gibi ba\u015f\u0131ma. G\u00f6\u011fs\u00fcm kabar\u0131k, g\u00f6zlerimde gurur Y\u00fcr\u00fcsem \u015fu garip \u00fclkemin Topraklar\u0131nda, Tek bir dikene rastlamadan yollar\u0131nda.&#8221; <\/p>\n","protected":false},"excerpt":{"rendered":"<p>Taksam k\u0131rm\u0131z\u0131 ne\u015feleri Mutluluk tac\u0131 gibi ba\u015f\u0131ma. G\u00f6\u011fs\u00fcm kabar\u0131k, g\u00f6zlerimde gurur Y\u00fcr\u00fcsem \u015fu garip \u00fclkemin Topraklar\u0131nda, Tek bir dikene rastlamadan yollar\u0131nda.&#8221;<\/p>\n","protected":false},"featured_media":0,"template":"","meta":{"_monsterinsights_skip_tracking":false,"_monsterinsights_sitenote_active":false,"_monsterinsights_sitenote_note":"","_monsterinsights_sitenote_category":0},"product_brand":[],"product_cat":[12291,12509],"product_tag":[],"class_list":{"0":"post-729918","1":"product","2":"type-product","3":"status-publish","5":"product_cat-edebiyat","6":"product_cat-siir","7":"pa_cilt-ciltsiz","8":"pa_tur-kitap","9":"pa_yayinevi-luna-yayinlari","10":"pa_yazar-ozgul-kusdemir","12":"first","13":"instock","14":"sale","15":"shipping-taxable","16":"purchasable","17":"product-type-simple"},"_links":{"self":[{"href":"https:\/\/roveyayinevi.com.tr\/index.php\/wp-json\/wp\/v2\/product\/729918","targetHints":{"allow":["GET"]}}],"collection":[{"href":"https:\/\/roveyayinevi.com.tr\/index.php\/wp-json\/wp\/v2\/product"}],"about":[{"href":"https:\/\/roveyayinevi.com.tr\/index.php\/wp-json\/wp\/v2\/types\/product"}],"wp:attachment":[{"href":"https:\/\/roveyayinevi.com.tr\/index.php\/wp-json\/wp\/v2\/media?parent=729918"}],"wp:term":[{"taxonomy":"product_brand","embeddable":true,"href":"https:\/\/roveyayinevi.com.tr\/index.php\/wp-json\/wp\/v2\/product_brand?post=729918"},{"taxonomy":"product_cat","embeddable":true,"href":"https:\/\/roveyayinevi.com.tr\/index.php\/wp-json\/wp\/v2\/product_cat?post=729918"},{"taxonomy":"product_tag","embeddable":true,"href":"https:\/\/roveyayinevi.com.tr\/index.php\/wp-json\/wp\/v2\/product_tag?post=729918"}],"curies":[{"name":"wp","href":"https:\/\/api.w.org\/{rel}","templated":true}]}}