{"id":729917,"date":"2025-08-27T21:05:06","date_gmt":"2025-08-27T18:05:06","guid":{"rendered":"https:\/\/roveyayinevi.com.tr\/index.php\/urun\/umut-isigi\/"},"modified":"2026-04-16T02:37:36","modified_gmt":"2026-04-15T23:37:36","slug":"umut-isigi","status":"publish","type":"product","link":"https:\/\/roveyayinevi.com.tr\/index.php\/urun\/umut-isigi\/","title":{"rendered":"Umut I\u015f\u0131\u011f\u0131"},"content":{"rendered":"<p>BEN UFUK U\u00c7AR Herkes hayat\u0131n ortas\u0131ndan ko\u015farken Ben hayat\u0131n kenar\u0131nda yava\u015f y\u00fcr\u00fcd\u00fcm, G\u00fcne\u015f herkesi \u0131\u015f\u0131\u011f\u0131yla \u0131s\u0131t\u0131rken Ben ya\u011fmurlarda \u00fc\u015f\u00fcyerek \u0131sland\u0131m, Herkes sevdi\u011finin elini tutarken Ben s\u0131r\u0131ls\u0131klam, sevdi\u011fime hasrettim. Herkes parklarda e\u011flenip gezerken Ben penceremde mutluluklar\u0131m\u0131 ya\u015fad\u0131m&#8230; <\/p>\n","protected":false},"excerpt":{"rendered":"<p>BEN UFUK U\u00c7AR Herkes hayat\u0131n ortas\u0131ndan ko\u015farken Ben hayat\u0131n kenar\u0131nda yava\u015f y\u00fcr\u00fcd\u00fcm, G\u00fcne\u015f herkesi \u0131\u015f\u0131\u011f\u0131yla \u0131s\u0131t\u0131rken Ben ya\u011fmurlarda \u00fc\u015f\u00fcyerek \u0131sland\u0131m, Herkes sevdi\u011finin elini tutarken Ben s\u0131r\u0131ls\u0131klam,<span class=\"excerpt-hellip\"> [\u2026]<\/span><\/p>\n","protected":false},"featured_media":0,"template":"","meta":{"_monsterinsights_skip_tracking":false,"_monsterinsights_sitenote_active":false,"_monsterinsights_sitenote_note":"","_monsterinsights_sitenote_category":0},"product_brand":[],"product_cat":[12291,12509],"product_tag":[],"class_list":{"0":"post-729917","1":"product","2":"type-product","3":"status-publish","5":"product_cat-edebiyat","6":"product_cat-siir","7":"pa_cilt-ciltsiz","8":"pa_tur-kitap","9":"pa_yayinevi-luna-yayinlari","10":"pa_yazar-ufuk-ucar","12":"first","13":"instock","14":"sale","15":"shipping-taxable","16":"purchasable","17":"product-type-simple"},"_links":{"self":[{"href":"https:\/\/roveyayinevi.com.tr\/index.php\/wp-json\/wp\/v2\/product\/729917","targetHints":{"allow":["GET"]}}],"collection":[{"href":"https:\/\/roveyayinevi.com.tr\/index.php\/wp-json\/wp\/v2\/product"}],"about":[{"href":"https:\/\/roveyayinevi.com.tr\/index.php\/wp-json\/wp\/v2\/types\/product"}],"wp:attachment":[{"href":"https:\/\/roveyayinevi.com.tr\/index.php\/wp-json\/wp\/v2\/media?parent=729917"}],"wp:term":[{"taxonomy":"product_brand","embeddable":true,"href":"https:\/\/roveyayinevi.com.tr\/index.php\/wp-json\/wp\/v2\/product_brand?post=729917"},{"taxonomy":"product_cat","embeddable":true,"href":"https:\/\/roveyayinevi.com.tr\/index.php\/wp-json\/wp\/v2\/product_cat?post=729917"},{"taxonomy":"product_tag","embeddable":true,"href":"https:\/\/roveyayinevi.com.tr\/index.php\/wp-json\/wp\/v2\/product_tag?post=729917"}],"curies":[{"name":"wp","href":"https:\/\/api.w.org\/{rel}","templated":true}]}}