{"id":729910,"date":"2025-08-27T21:04:59","date_gmt":"2025-08-27T18:04:59","guid":{"rendered":"https:\/\/roveyayinevi.com.tr\/index.php\/urun\/dus-un-sen\/"},"modified":"2026-04-03T02:45:16","modified_gmt":"2026-04-02T23:45:16","slug":"dus-un-sen","status":"publish","type":"product","link":"https:\/\/roveyayinevi.com.tr\/index.php\/urun\/dus-un-sen\/","title":{"rendered":"D\u00fc\u015f\/\u00dcn\/Sen"},"content":{"rendered":"<p>Bu kitap bir oyun daveti. Okuyup bitirdi\u011finde kendinle yeniden tan\u0131\u015fm\u0131\u015f olacaks\u0131n\u2026 Sorsan bir g\u00fcn kendine; hani hep o \u201cben\u201d diye d\u00fc\u015f\u00fcnd\u00fc\u011f\u00fcn, sadece o \u201csen sand\u0131\u011f\u0131n\u201d ise. Hani \u201co hep d\u00fc\u015fledi\u011fin\u201d, belki de hi\u00e7 tan\u0131\u015fmad\u0131\u011f\u0131n, derinlerinde sessizce durup bir g\u00fcn sana sesini duyurmay\u0131 bekleyen o \u201cger\u00e7ek sen\u201d ise? Merak etsen bir g\u00fcn; hani belki de o hi\u00e7 fark\u0131na dahi varmad\u0131\u011f\u0131n \u201cger\u00e7ek sen\u201d en \u00e7ok neyi d\u00fc\u015f\u00fcn\u00fcr, neyi d\u00fc\u015fler, kimin d\u00fc\u015f\u00fcd\u00fcr? Anlamak istesen bir g\u00fcn; kim en \u00e7ok \u201cben\u201di d\u00fc\u015f\u00fcn\u00fcr, kim en \u00e7ok \u201cben\u201d sand\u0131\u011f\u0131n\u0131? Kim neyi \u201cben\u201d san\u0131r, kim neleri \u201cben de\u011fil\u201d diye \u00f6teler? Gir oyuna sen de o vakit, seni ger\u00e7ekten sen yapanlarla tan\u0131\u015f\u0131p yepyeni bir sen harmanlamaya\u2026 D\u00dc\u015e\/\u00dcN\/SEN s\u0131ra d\u0131\u015f\u0131, kendimizle ilgili bildi\u011fimizi sand\u0131\u011f\u0131m\u0131z her \u015feyi alt \u00fcst edecek, i\u00e7imizdeki kodlar\u0131, kabulleri tek tek de\u015fifre eden bir kitap. \u00d6d\u00fcl\u00fc kendinle tan\u0131\u015fma olan bir oyun daveti&#8230; <\/p>\n","protected":false},"excerpt":{"rendered":"<p>Bu kitap bir oyun daveti. Okuyup bitirdi\u011finde kendinle yeniden tan\u0131\u015fm\u0131\u015f olacaks\u0131n\u2026 Sorsan bir g\u00fcn kendine; hani hep o \u201cben\u201d diye d\u00fc\u015f\u00fcnd\u00fc\u011f\u00fcn, sadece o \u201csen sand\u0131\u011f\u0131n\u201d ise.<span class=\"excerpt-hellip\"> [\u2026]<\/span><\/p>\n","protected":false},"featured_media":0,"template":"","meta":{"_monsterinsights_skip_tracking":false,"_monsterinsights_sitenote_active":false,"_monsterinsights_sitenote_note":"","_monsterinsights_sitenote_category":0},"product_brand":[],"product_cat":[12364,12376],"product_tag":[],"class_list":{"0":"post-729910","1":"product","2":"type-product","3":"status-publish","5":"product_cat-genel-konular","6":"product_cat-kisisel-gelisim","7":"pa_cilt-ciltsiz","8":"pa_tur-kitap","9":"pa_yayinevi-dogan-novus","10":"pa_yazar-belig-a-gureller","12":"first","13":"instock","14":"sale","15":"shipping-taxable","16":"purchasable","17":"product-type-simple"},"_links":{"self":[{"href":"https:\/\/roveyayinevi.com.tr\/index.php\/wp-json\/wp\/v2\/product\/729910","targetHints":{"allow":["GET"]}}],"collection":[{"href":"https:\/\/roveyayinevi.com.tr\/index.php\/wp-json\/wp\/v2\/product"}],"about":[{"href":"https:\/\/roveyayinevi.com.tr\/index.php\/wp-json\/wp\/v2\/types\/product"}],"wp:attachment":[{"href":"https:\/\/roveyayinevi.com.tr\/index.php\/wp-json\/wp\/v2\/media?parent=729910"}],"wp:term":[{"taxonomy":"product_brand","embeddable":true,"href":"https:\/\/roveyayinevi.com.tr\/index.php\/wp-json\/wp\/v2\/product_brand?post=729910"},{"taxonomy":"product_cat","embeddable":true,"href":"https:\/\/roveyayinevi.com.tr\/index.php\/wp-json\/wp\/v2\/product_cat?post=729910"},{"taxonomy":"product_tag","embeddable":true,"href":"https:\/\/roveyayinevi.com.tr\/index.php\/wp-json\/wp\/v2\/product_tag?post=729910"}],"curies":[{"name":"wp","href":"https:\/\/api.w.org\/{rel}","templated":true}]}}