{"id":729909,"date":"2025-08-27T21:04:58","date_gmt":"2025-08-27T18:04:58","guid":{"rendered":"https:\/\/roveyayinevi.com.tr\/index.php\/urun\/vahsetin-cagrisi-ciltli\/"},"modified":"2026-04-16T02:37:36","modified_gmt":"2026-04-15T23:37:36","slug":"vahsetin-cagrisi-ciltli","status":"publish","type":"product","link":"https:\/\/roveyayinevi.com.tr\/index.php\/urun\/vahsetin-cagrisi-ciltli\/","title":{"rendered":"Vah\u015fetin \u00c7a\u011fr\u0131s\u0131 (Ciltli)"},"content":{"rendered":"<p>JACK LONDON ya da do\u011fdu\u011funda kendisine verilen isimle John Griffith, 12 Ocak 1876\u2019da San Francisco\u2019da do\u011fdu. \u00c7ocuklu\u011funu anne ve baba sevgisinden mahrum ge\u00e7irdi. \u0130lkokul s\u0131ralar\u0131ndayken Oakland Kasabas\u203a\u2019ndaki abonesi oldu\u011fu k\u00fct\u00fcphanede \u201cedebi annesi\u201d Ina Coolbirth\u2019\u00fc ke\u015ffetti. Ya\u015fam\u0131 boyunca ona e\u015flik edecek kitap sevgisi, deniz ve tekne tutkusu bu ortamda filizlendi. \u0130lk teknesi Razzle Dazzle\u2019\u0131 ilkokulu bitirdi\u011fi y\u0131l ald\u0131 ve 15 ya\u015f\u0131nda kolay para kazanmak i\u00e7in teknesi ile San Francisco K\u00f6rfezi\u2019nde maceral\u0131 bir hayata at\u0131ld\u0131. Ka\u00e7ak istiridye avlad\u0131, Japonya\u2019da fok avlayan bir gemide tayfal\u0131k yapt\u0131, ABD\u2019yi bir ba\u015f\u0131na dola\u015ft\u0131. \u0130\u015fsizli\u011fin ve yoksullu\u011fun kol gezdi\u011fi y\u0131llarda trenlerde ka\u00e7ak yolculuk edip, ac\u0131kt\u0131\u011f\u0131nda dilendi. Gen\u00e7 bedenini h\u0131zla k\u00f6t\u00fcye kullan\u0131p, hastalanm\u0131\u015ft\u0131. Ya\u015fam tarz\u0131n\u0131 de\u011fi\u015ftirmeye karar verip Oakland\u2019a d\u00f6nd\u00fc ve liseye ba\u015flad\u0131; s\u0131navlar\u0131n\u0131 d\u0131\u015far\u0131dan vererek \u00fcniversiteye girdi. Yazar olmas\u0131 i\u00e7in ba\u015f\u0131ndan bir alt\u0131n maceras\u0131 ge\u00e7mesi gerekiyordu. <\/p>\n","protected":false},"excerpt":{"rendered":"<p>JACK LONDON ya da do\u011fdu\u011funda kendisine verilen isimle John Griffith, 12 Ocak 1876\u2019da San Francisco\u2019da do\u011fdu. \u00c7ocuklu\u011funu anne ve baba sevgisinden mahrum ge\u00e7irdi. \u0130lkokul s\u0131ralar\u0131ndayken Oakland<span class=\"excerpt-hellip\"> [\u2026]<\/span><\/p>\n","protected":false},"featured_media":0,"template":"","meta":{"_monsterinsights_skip_tracking":false,"_monsterinsights_sitenote_active":false,"_monsterinsights_sitenote_note":"","_monsterinsights_sitenote_category":0},"product_brand":[],"product_cat":[12291,26797],"product_tag":[],"class_list":{"0":"post-729909","1":"product","2":"type-product","3":"status-publish","5":"product_cat-edebiyat","6":"product_cat-modern-klasikler","7":"pa_cilt-ciltli","8":"pa_tur-kitap","9":"pa_yayinevi-is-bankasi-kultur-yayinlari","10":"pa_yazar-jack-london","12":"first","13":"instock","14":"sale","15":"shipping-taxable","16":"purchasable","17":"product-type-simple"},"_links":{"self":[{"href":"https:\/\/roveyayinevi.com.tr\/index.php\/wp-json\/wp\/v2\/product\/729909","targetHints":{"allow":["GET"]}}],"collection":[{"href":"https:\/\/roveyayinevi.com.tr\/index.php\/wp-json\/wp\/v2\/product"}],"about":[{"href":"https:\/\/roveyayinevi.com.tr\/index.php\/wp-json\/wp\/v2\/types\/product"}],"wp:attachment":[{"href":"https:\/\/roveyayinevi.com.tr\/index.php\/wp-json\/wp\/v2\/media?parent=729909"}],"wp:term":[{"taxonomy":"product_brand","embeddable":true,"href":"https:\/\/roveyayinevi.com.tr\/index.php\/wp-json\/wp\/v2\/product_brand?post=729909"},{"taxonomy":"product_cat","embeddable":true,"href":"https:\/\/roveyayinevi.com.tr\/index.php\/wp-json\/wp\/v2\/product_cat?post=729909"},{"taxonomy":"product_tag","embeddable":true,"href":"https:\/\/roveyayinevi.com.tr\/index.php\/wp-json\/wp\/v2\/product_tag?post=729909"}],"curies":[{"name":"wp","href":"https:\/\/api.w.org\/{rel}","templated":true}]}}