{"id":729906,"date":"2025-08-27T21:04:55","date_gmt":"2025-08-27T18:04:55","guid":{"rendered":"https:\/\/roveyayinevi.com.tr\/index.php\/urun\/dusunumsel-sosyolojiye-davet\/"},"modified":"2026-04-16T02:37:36","modified_gmt":"2026-04-15T23:37:36","slug":"dusunumsel-sosyolojiye-davet","status":"publish","type":"product","link":"https:\/\/roveyayinevi.com.tr\/index.php\/urun\/dusunumsel-sosyolojiye-davet\/","title":{"rendered":"D\u00fc\u015f\u00fcn\u00fcmsel Sosyolojiye Davet"},"content":{"rendered":"<p>\u00c7a\u011fda\u015f sosyal bilim d\u00fcnyas\u0131na damgas\u0131n\u0131 vurmu\u015f isimlerden biri olan Pierre Bourdieu, inceledi\u011fi alanlar a\u00e7\u0131s\u0131ndan b\u00fcy\u00fck bir \u00e7e\u015fitlilik g\u00f6steren eserleriyle, d\u00fcnyan\u0131n d\u00f6rt bir yan\u0131nda, \u00e7e\u015fitli disiplinlerden ara\u015ft\u0131rmac\u0131lar\u0131 etkilemeye devam ediyor. Bourdieu sosyolojisine genel bir bak\u0131\u015f sunan bu kitap \u00fc\u00e7 ana b\u00f6l\u00fcmden olu\u015fuyor: Lo\u00efc Wacquant, ilk b\u00f6l\u00fcmde Bourdieu sosyolojisinin yap\u0131s\u0131n\u0131 ve mant\u0131\u011f\u0131n\u0131 derli toplu ama son derece derinlikli bir bi\u00e7imde de\u011ferlendiriyor. \u0130kinci b\u00f6l\u00fcmde Bourdieu, Wacquant\u2019la yapt\u0131\u011f\u0131 m\u00fclakatta sosyolog olarak entelekt\u00fcel ser\u00fcveninin adeta bir muhasebesini yap\u0131yor. \u00c7al\u0131\u015fmalar\u0131n\u0131, kulland\u0131\u011f\u0131 temel kavramlar\u0131 \u2013yap\u0131, alan, strateji, habitus, k\u00fclt\u00fcrel sermaye, \u00e7\u0131kar, illusio, simgesel iktidar\u2013 olabildi\u011fince yal\u0131n ve anla\u015f\u0131l\u0131r bir dille a\u00e7\u0131kl\u0131yor. Eserlerine dair yanl\u0131\u015f anla\u015f\u0131lmalar\u0131n nedenlerine i\u015faret ederek kendisine y\u00f6neltilen ele\u015ftirilere cevap verirken, hem sosyal bilimler alan\u0131n\u0131n genel bir manzaras\u0131n\u0131 \u00e7iziyor hem de bu alanda kendi \u00f6zg\u00fcn konumunu net bir \u015fekilde ortaya koyuyor. Kitab\u0131n \u00fc\u00e7\u00fcnc\u00fc b\u00f6l\u00fcm\u00fc, Bourdieu\u2019n\u00fcn lisans\u00fcst\u00fc \u00f6\u011frencileriyle yapt\u0131\u011f\u0131 bir ara\u015ft\u0131rma seminerinde verdi\u011fi konferanslardan olu\u015fuyor. Bu b\u00f6l\u00fcmde Bourdieu, ara\u015ft\u0131rma anlay\u0131\u015f\u0131n\u0131 \u00f6\u011frencilere aktar\u0131rken pratikten yola \u00e7\u0131k\u0131p epistemolojik ilkelere ula\u015f\u0131yor. Kitab\u0131n sonunda ise yine Wacquant\u2019\u0131n kaleminden, Bourdieu\u2019n\u00fcn eserlerine dair iki okuma g\u00fczerg\u00e2h\u0131 \u00f6nerisi ve geni\u015f bir kaynak\u00e7a bulmak m\u00fcmk\u00fcn. T\u00fcrk\u00e7edeki ilk bas\u0131m\u0131 D\u00fc\u015f\u00fcn\u00fcmsel Bir Antropoloji \u0130\u00e7in Cevaplar ad\u0131yla yay\u0131mlanan kitab\u0131n g\u00f6zden ge\u00e7irilmi\u015f ve geni\u015fletilmi\u015f versiyonu niteli\u011findeki D\u00fc\u015f\u00fcn\u00fcmsel Sosyolojiye e Davet, Bourdieu\u2019n\u00fcn eserlerine m\u00fckemmel bir giri\u015f niteli\u011fi ta\u015f\u0131yor.<\/p>\n","protected":false},"excerpt":{"rendered":"<p>\u00c7a\u011fda\u015f sosyal bilim d\u00fcnyas\u0131na damgas\u0131n\u0131 vurmu\u015f isimlerden biri olan Pierre Bourdieu, inceledi\u011fi alanlar a\u00e7\u0131s\u0131ndan b\u00fcy\u00fck bir \u00e7e\u015fitlilik g\u00f6steren eserleriyle, d\u00fcnyan\u0131n d\u00f6rt bir yan\u0131nda, \u00e7e\u015fitli disiplinlerden ara\u015ft\u0131rmac\u0131lar\u0131<span class=\"excerpt-hellip\"> [\u2026]<\/span><\/p>\n","protected":false},"featured_media":0,"template":"","meta":{"_monsterinsights_skip_tracking":false,"_monsterinsights_sitenote_active":false,"_monsterinsights_sitenote_note":"","_monsterinsights_sitenote_category":0},"product_brand":[],"product_cat":[12324,27533],"product_tag":[],"class_list":{"0":"post-729906","1":"product","2":"type-product","3":"status-publish","5":"product_cat-sosyoloji","6":"product_cat-sosyolojiye-giris","7":"pa_cilt-ciltsiz","8":"pa_tur-kitap","9":"pa_yayinevi-iletisim-yayinlari","10":"pa_yazar-pierre-bourdieu-loic-j-d-wacquant","12":"first","13":"instock","14":"sale","15":"shipping-taxable","16":"purchasable","17":"product-type-simple"},"_links":{"self":[{"href":"https:\/\/roveyayinevi.com.tr\/index.php\/wp-json\/wp\/v2\/product\/729906","targetHints":{"allow":["GET"]}}],"collection":[{"href":"https:\/\/roveyayinevi.com.tr\/index.php\/wp-json\/wp\/v2\/product"}],"about":[{"href":"https:\/\/roveyayinevi.com.tr\/index.php\/wp-json\/wp\/v2\/types\/product"}],"wp:attachment":[{"href":"https:\/\/roveyayinevi.com.tr\/index.php\/wp-json\/wp\/v2\/media?parent=729906"}],"wp:term":[{"taxonomy":"product_brand","embeddable":true,"href":"https:\/\/roveyayinevi.com.tr\/index.php\/wp-json\/wp\/v2\/product_brand?post=729906"},{"taxonomy":"product_cat","embeddable":true,"href":"https:\/\/roveyayinevi.com.tr\/index.php\/wp-json\/wp\/v2\/product_cat?post=729906"},{"taxonomy":"product_tag","embeddable":true,"href":"https:\/\/roveyayinevi.com.tr\/index.php\/wp-json\/wp\/v2\/product_tag?post=729906"}],"curies":[{"name":"wp","href":"https:\/\/api.w.org\/{rel}","templated":true}]}}