{"id":729905,"date":"2025-08-27T21:04:54","date_gmt":"2025-08-27T18:04:54","guid":{"rendered":"https:\/\/roveyayinevi.com.tr\/index.php\/urun\/sifali-donusumler\/"},"modified":"2026-04-16T02:37:36","modified_gmt":"2026-04-15T23:37:36","slug":"sifali-donusumler","status":"publish","type":"product","link":"https:\/\/roveyayinevi.com.tr\/index.php\/urun\/sifali-donusumler\/","title":{"rendered":"\u015eifal\u0131 D\u00f6n\u00fc\u015f\u00fcmler"},"content":{"rendered":"<p>Sebze ve meyveler art\u0131k daha \u015fifal\u0131, daha besleyici ve daha renkli!..   Sa\u011fl\u0131kl\u0131 beslenmenin vazge\u00e7ilmezi sebze ve meyvedir ama en \u00f6nemlisi, bunlar\u0131n mevsiminde t\u00fcketilmesidir. Peki, hangi sebze ve meyvenin hangi aya rengini verdi\u011fini biliyor musunuz?   Probiyotik beslenme \u00e7al\u0131\u015fmalar\u0131yla tan\u0131nan \u0130pek Ku\u015f\u00e7u, her ay\u0131n kendine \u00f6zg\u00fc meyve ve sebzeleriyle haz\u0131rlanan \u00f6zel tarif ve teknikleri bir araya getirdi.  Sonra onlara \u00f6zel dokunu\u015funu katt\u0131 ve ortaya birbirinden renkli re\u00e7eteler \u00e7\u0131kard\u0131.   Enginar \u00e7i\u00e7e\u011finden yo\u011furt mayalama, \u015fekerde bekletilen turp tur\u015fusu, vegan peynir ve yo\u011furt, sebzeler ile meyveleri bulu\u015fturan tur\u015fular, muz gazozu, ac\u0131 pestil, rejuvelac, \u00e7e\u015fit \u00e7e\u015fit kvass \u00f6rnekleri, \u015furup yap\u0131m\u0131\u2026   Onlarca tarif, p\u00fcf noktalar\u0131 ve hayal g\u00fcc\u00fcn\u00fcz\u00fc zorlayacak deneyimler \u015eifal\u0131 D\u00f6n\u00fc\u015f\u00fcmler\u2019de. <\/p>\n","protected":false},"excerpt":{"rendered":"<p>Sebze ve meyveler art\u0131k daha \u015fifal\u0131, daha besleyici ve daha renkli!.. Sa\u011fl\u0131kl\u0131 beslenmenin vazge\u00e7ilmezi sebze ve meyvedir ama en \u00f6nemlisi, bunlar\u0131n mevsiminde t\u00fcketilmesidir. Peki, hangi sebze<span class=\"excerpt-hellip\"> [\u2026]<\/span><\/p>\n","protected":false},"featured_media":0,"template":"","meta":{"_monsterinsights_skip_tracking":false,"_monsterinsights_sitenote_active":false,"_monsterinsights_sitenote_note":"","_monsterinsights_sitenote_category":0},"product_brand":[],"product_cat":[22706,12457],"product_tag":[],"class_list":{"0":"post-729905","1":"product","2":"type-product","3":"status-publish","5":"product_cat-dunya-mutfagi","6":"product_cat-yemek-kitaplari","7":"pa_cilt-ciltsiz","8":"pa_tur-kitap","9":"pa_yayinevi-dogan-kitap","10":"pa_yazar-ipek-kuscu","12":"first","13":"instock","14":"sale","15":"shipping-taxable","16":"purchasable","17":"product-type-simple"},"_links":{"self":[{"href":"https:\/\/roveyayinevi.com.tr\/index.php\/wp-json\/wp\/v2\/product\/729905","targetHints":{"allow":["GET"]}}],"collection":[{"href":"https:\/\/roveyayinevi.com.tr\/index.php\/wp-json\/wp\/v2\/product"}],"about":[{"href":"https:\/\/roveyayinevi.com.tr\/index.php\/wp-json\/wp\/v2\/types\/product"}],"wp:attachment":[{"href":"https:\/\/roveyayinevi.com.tr\/index.php\/wp-json\/wp\/v2\/media?parent=729905"}],"wp:term":[{"taxonomy":"product_brand","embeddable":true,"href":"https:\/\/roveyayinevi.com.tr\/index.php\/wp-json\/wp\/v2\/product_brand?post=729905"},{"taxonomy":"product_cat","embeddable":true,"href":"https:\/\/roveyayinevi.com.tr\/index.php\/wp-json\/wp\/v2\/product_cat?post=729905"},{"taxonomy":"product_tag","embeddable":true,"href":"https:\/\/roveyayinevi.com.tr\/index.php\/wp-json\/wp\/v2\/product_tag?post=729905"}],"curies":[{"name":"wp","href":"https:\/\/api.w.org\/{rel}","templated":true}]}}