{"id":729903,"date":"2025-08-27T21:04:52","date_gmt":"2025-08-27T18:04:52","guid":{"rendered":"https:\/\/roveyayinevi.com.tr\/index.php\/urun\/black-mirror-aynadan-yansiyanlar\/"},"modified":"2026-04-16T02:37:36","modified_gmt":"2026-04-15T23:37:36","slug":"black-mirror-aynadan-yansiyanlar","status":"publish","type":"product","link":"https:\/\/roveyayinevi.com.tr\/index.php\/urun\/black-mirror-aynadan-yansiyanlar\/","title":{"rendered":"Black Mirror: Aynadan Yans\u0131yanlar"},"content":{"rendered":"<p>Modernle\u015fme ser\u00fcveninde zaman zaman tekno-paranoid olarak adland\u0131r\u0131labilecek \u00e7apta bir huzursuzlu\u011fun ya\u015fand\u0131\u011f\u0131n\u0131 biliyoruz. Bu durum sanat ve teknolojinin ilk g\u00f6rkemli kucakla\u015fmas\u0131 sayabilece\u011fimiz foto\u011fraf\u0131n icad\u0131ndan beri b\u00f6yle. Teknoloji neye olanak, neye engel olu\u015fturuyor? Kendini var etmenin, yeni ifade bi\u00e7imleri ke\u015ffetmenin, \u00f6zg\u00fcrle\u015fmenin yolunu a\u00e7arak m\u0131 ilerliyor yoksa tersi \u015fekilde mi? Bu noktada Black Mirror\u2019a distopik yak\u0131\u015ft\u0131rmalar yap\u0131ld\u0131\u011f\u0131n\u0131 da g\u00f6z \u00f6n\u00fcnde bulundurarak, L\u00e1szl\u00f3 F. F\u00f6ld\u00e9nyi\u2019nin \u00fctopyalar \u00fczerine s\u00f6ylediklerini pek\u00e2l\u00e2 distopyalar i\u00e7in de d\u00fc\u015f\u00fcnebilir, korkutucu kehanetleri, gelecek kurgular\u0131m\u0131z\u0131, asl\u0131nda bug\u00fcn\u00fc, kendi zaman\u0131m\u0131z\u0131n yans\u0131malar\u0131 olarak de\u011ferlendirebiliriz. Black Mirror\u2019\u0131n gelece\u011fi konu al\u0131rken bug\u00fcn\u00fcn endi\u015felerinden beslendi\u011fi a\u00e7\u0131k. Dizinin yazar\u0131 ve yap\u0131mc\u0131lar\u0131ndan Charlie Brooker da bu endi\u015felerin ya\u015famdaki kar\u015f\u0131l\u0131\u011f\u0131 ve kurmacadaki temsilleri i\u00e7in &#8220;sorumlu kimdir?&#8221; sorusu \u00fczerine d\u00fc\u015f\u00fcnmemizi istiyor: &#8220;T\u00fcm sorunlar\u0131m\u0131z\u0131n k\u00f6keni ya teknoloji de\u011filse? Kusurlu olan ya bizlersek?&#8221;<\/p>\n","protected":false},"excerpt":{"rendered":"<p>Modernle\u015fme ser\u00fcveninde zaman zaman tekno-paranoid olarak adland\u0131r\u0131labilecek \u00e7apta bir huzursuzlu\u011fun ya\u015fand\u0131\u011f\u0131n\u0131 biliyoruz. Bu durum sanat ve teknolojinin ilk g\u00f6rkemli kucakla\u015fmas\u0131 sayabilece\u011fimiz foto\u011fraf\u0131n icad\u0131ndan beri b\u00f6yle. Teknoloji<span class=\"excerpt-hellip\"> [\u2026]<\/span><\/p>\n","protected":false},"featured_media":0,"template":"","meta":{"_monsterinsights_skip_tracking":false,"_monsterinsights_sitenote_active":false,"_monsterinsights_sitenote_note":"","_monsterinsights_sitenote_category":0},"product_brand":[],"product_cat":[12409,12408],"product_tag":[],"class_list":{"0":"post-729903","1":"product","2":"type-product","3":"status-publish","5":"product_cat-fotograf-sinema-tiyatro","6":"product_cat-sanat","7":"pa_cilt-ciltsiz","8":"pa_tur-kitap","9":"pa_yayinevi-nika-yayinevi","10":"pa_yazar-sezer-ahmet-kara-emre-asilioglu","12":"first","13":"instock","14":"sale","15":"shipping-taxable","16":"purchasable","17":"product-type-simple"},"_links":{"self":[{"href":"https:\/\/roveyayinevi.com.tr\/index.php\/wp-json\/wp\/v2\/product\/729903","targetHints":{"allow":["GET"]}}],"collection":[{"href":"https:\/\/roveyayinevi.com.tr\/index.php\/wp-json\/wp\/v2\/product"}],"about":[{"href":"https:\/\/roveyayinevi.com.tr\/index.php\/wp-json\/wp\/v2\/types\/product"}],"wp:attachment":[{"href":"https:\/\/roveyayinevi.com.tr\/index.php\/wp-json\/wp\/v2\/media?parent=729903"}],"wp:term":[{"taxonomy":"product_brand","embeddable":true,"href":"https:\/\/roveyayinevi.com.tr\/index.php\/wp-json\/wp\/v2\/product_brand?post=729903"},{"taxonomy":"product_cat","embeddable":true,"href":"https:\/\/roveyayinevi.com.tr\/index.php\/wp-json\/wp\/v2\/product_cat?post=729903"},{"taxonomy":"product_tag","embeddable":true,"href":"https:\/\/roveyayinevi.com.tr\/index.php\/wp-json\/wp\/v2\/product_tag?post=729903"}],"curies":[{"name":"wp","href":"https:\/\/api.w.org\/{rel}","templated":true}]}}