{"id":729902,"date":"2025-08-27T21:04:51","date_gmt":"2025-08-27T18:04:51","guid":{"rendered":"https:\/\/roveyayinevi.com.tr\/index.php\/urun\/sosyal-hizmette-dezavantajli-risk-altindaki-gruplar\/"},"modified":"2026-04-16T02:37:36","modified_gmt":"2026-04-15T23:37:36","slug":"sosyal-hizmette-dezavantajli-risk-altindaki-gruplar","status":"publish","type":"product","link":"https:\/\/roveyayinevi.com.tr\/index.php\/urun\/sosyal-hizmette-dezavantajli-risk-altindaki-gruplar\/","title":{"rendered":"Sosyal Hizmette Dezavantajl\u0131 \/ Risk Alt\u0131ndaki Gruplar"},"content":{"rendered":"<p>Sosyal hizmet, birey, grup ve toplumlar\u0131n ya\u015fam kalitesini artt\u0131rmak i\u00e7in destekleyici uygulamalar\u0131 kendi i\u00e7erisinde bar\u0131nd\u0131ran uygulama temelli bir disiplindir. Bu y\u00fczden \u00f6ncelikle savunmas\u0131z, yoksul, toplumda kendini g\u00fc\u00e7s\u00fcz hisseden kesimlere hitap etmektedir. Bu gruplara y\u00f6nelik sosyal devlet ba\u011flam\u0131nda sosyal e\u015fitli\u011fi sa\u011flay\u0131c\u0131 mekanizmalar\u0131n olu\u015fturulmas\u0131, sosyal refah\u0131n sa\u011flanmas\u0131nda da b\u00fcy\u00fck \u00f6neme sahiptir.Bu kitapta \u00f6ncelikle dezavantajl\u0131l\u0131\u011f\u0131n ne oldu\u011fu, dezavantajl\u0131 \/ risk alt\u0131ndaki gruplar\u0131n sosyal hizmet ve sosyal politika a\u00e7\u0131s\u0131ndan \u00f6nemi ele al\u0131nm\u0131\u015f, ard\u0131ndan da kitapta tan\u0131mlanan 13 farkl\u0131 grup ayr\u0131 b\u00f6l\u00fcmlerde incelenmi\u015ftir. \u00d6ncelikle grupsal tan\u0131mlamalara yer verilmi\u015f ard\u0131ndan da bu gruplara y\u00f6nelik risk fakt\u00f6rleri ve bu risk fakt\u00f6rlerine y\u00f6nelik sosyal hizmet uygulamalar\u0131 sunulmu\u015ftur.<\/p>\n","protected":false},"excerpt":{"rendered":"<p>Sosyal hizmet, birey, grup ve toplumlar\u0131n ya\u015fam kalitesini artt\u0131rmak i\u00e7in destekleyici uygulamalar\u0131 kendi i\u00e7erisinde bar\u0131nd\u0131ran uygulama temelli bir disiplindir. Bu y\u00fczden \u00f6ncelikle savunmas\u0131z, yoksul, toplumda kendini<span class=\"excerpt-hellip\"> [\u2026]<\/span><\/p>\n","protected":false},"featured_media":0,"template":"","meta":{"_monsterinsights_skip_tracking":false,"_monsterinsights_sitenote_active":false,"_monsterinsights_sitenote_note":"","_monsterinsights_sitenote_category":0},"product_brand":[],"product_cat":[14787,13488],"product_tag":[],"class_list":{"0":"post-729902","1":"product","2":"type-product","3":"status-publish","5":"product_cat-diger-toplum-ve-insan","6":"product_cat-toplum-ve-insan","7":"pa_cilt-ciltsiz","8":"pa_tur-kitap","9":"pa_yayinevi-nika-yayinevi","10":"pa_yazar-huseyin-dogan","12":"first","13":"instock","14":"sale","15":"shipping-taxable","16":"purchasable","17":"product-type-simple"},"_links":{"self":[{"href":"https:\/\/roveyayinevi.com.tr\/index.php\/wp-json\/wp\/v2\/product\/729902","targetHints":{"allow":["GET"]}}],"collection":[{"href":"https:\/\/roveyayinevi.com.tr\/index.php\/wp-json\/wp\/v2\/product"}],"about":[{"href":"https:\/\/roveyayinevi.com.tr\/index.php\/wp-json\/wp\/v2\/types\/product"}],"wp:attachment":[{"href":"https:\/\/roveyayinevi.com.tr\/index.php\/wp-json\/wp\/v2\/media?parent=729902"}],"wp:term":[{"taxonomy":"product_brand","embeddable":true,"href":"https:\/\/roveyayinevi.com.tr\/index.php\/wp-json\/wp\/v2\/product_brand?post=729902"},{"taxonomy":"product_cat","embeddable":true,"href":"https:\/\/roveyayinevi.com.tr\/index.php\/wp-json\/wp\/v2\/product_cat?post=729902"},{"taxonomy":"product_tag","embeddable":true,"href":"https:\/\/roveyayinevi.com.tr\/index.php\/wp-json\/wp\/v2\/product_tag?post=729902"}],"curies":[{"name":"wp","href":"https:\/\/api.w.org\/{rel}","templated":true}]}}