{"id":729896,"date":"2025-08-27T21:04:46","date_gmt":"2025-08-27T18:04:46","guid":{"rendered":"https:\/\/roveyayinevi.com.tr\/index.php\/urun\/fonksiyonel-ozellikleri-bakimindan-caycuma-ilcesinin-yerlesme-cografyasi\/"},"modified":"2026-04-16T02:37:36","modified_gmt":"2026-04-15T23:37:36","slug":"fonksiyonel-ozellikleri-bakimindan-caycuma-ilcesinin-yerlesme-cografyasi","status":"publish","type":"product","link":"https:\/\/roveyayinevi.com.tr\/index.php\/urun\/fonksiyonel-ozellikleri-bakimindan-caycuma-ilcesinin-yerlesme-cografyasi\/","title":{"rendered":"Fonksiyonel \u00d6zellikleri Bak\u0131m\u0131ndan \u00c7aycuma \u0130l\u00e7esinin Yerle\u015fme Co\u011frafyas\u0131"},"content":{"rendered":"<p>1- Giri\u015f 2- Ama\u00e7 ve Y\u00f6ntem 3- Ara\u015ft\u0131rma Sahas\u0131n\u0131n Co\u011frafi Konumu 4- \u00c7aycuma \u0130l\u00e7esinin Do\u011fal \u00c7evre \u00d6zellikleri 5- \u00c7aycuma \u0130l\u00e7esindeki Yerle\u015fmelerin Fonksiyonlar\u0131 ve \u00d6zellikleri 6- Sonu\u00e7 ve De\u011ferlendirme <\/p>\n","protected":false},"excerpt":{"rendered":"<p>1- Giri\u015f 2- Ama\u00e7 ve Y\u00f6ntem 3- Ara\u015ft\u0131rma Sahas\u0131n\u0131n Co\u011frafi Konumu 4- \u00c7aycuma \u0130l\u00e7esinin Do\u011fal \u00c7evre \u00d6zellikleri 5- \u00c7aycuma \u0130l\u00e7esindeki Yerle\u015fmelerin Fonksiyonlar\u0131 ve \u00d6zellikleri 6- Sonu\u00e7<span class=\"excerpt-hellip\"> [\u2026]<\/span><\/p>\n","protected":false},"featured_media":0,"template":"","meta":{"_monsterinsights_skip_tracking":false,"_monsterinsights_sitenote_active":false,"_monsterinsights_sitenote_note":"","_monsterinsights_sitenote_category":0},"product_brand":[],"product_cat":[12573,12566],"product_tag":[],"class_list":{"0":"post-729896","1":"product","2":"type-product","3":"status-publish","5":"product_cat-akademik-kitaplar","6":"product_cat-egitim","7":"pa_cilt-ciltsiz","8":"pa_tur-kitap","9":"pa_yayinevi-gazi-kitabevi","10":"pa_yazar-evren-atis-saliha-koday","12":"first","13":"instock","14":"sale","15":"shipping-taxable","16":"purchasable","17":"product-type-simple"},"_links":{"self":[{"href":"https:\/\/roveyayinevi.com.tr\/index.php\/wp-json\/wp\/v2\/product\/729896","targetHints":{"allow":["GET"]}}],"collection":[{"href":"https:\/\/roveyayinevi.com.tr\/index.php\/wp-json\/wp\/v2\/product"}],"about":[{"href":"https:\/\/roveyayinevi.com.tr\/index.php\/wp-json\/wp\/v2\/types\/product"}],"wp:attachment":[{"href":"https:\/\/roveyayinevi.com.tr\/index.php\/wp-json\/wp\/v2\/media?parent=729896"}],"wp:term":[{"taxonomy":"product_brand","embeddable":true,"href":"https:\/\/roveyayinevi.com.tr\/index.php\/wp-json\/wp\/v2\/product_brand?post=729896"},{"taxonomy":"product_cat","embeddable":true,"href":"https:\/\/roveyayinevi.com.tr\/index.php\/wp-json\/wp\/v2\/product_cat?post=729896"},{"taxonomy":"product_tag","embeddable":true,"href":"https:\/\/roveyayinevi.com.tr\/index.php\/wp-json\/wp\/v2\/product_tag?post=729896"}],"curies":[{"name":"wp","href":"https:\/\/api.w.org\/{rel}","templated":true}]}}