{"id":729895,"date":"2025-08-27T21:04:45","date_gmt":"2025-08-27T18:04:45","guid":{"rendered":"https:\/\/roveyayinevi.com.tr\/index.php\/urun\/yuzyilin-davasi-adnan-oktar-silahli-suc-orgutu\/"},"modified":"2026-04-16T02:37:36","modified_gmt":"2026-04-15T23:37:36","slug":"yuzyilin-davasi-adnan-oktar-silahli-suc-orgutu","status":"publish","type":"product","link":"https:\/\/roveyayinevi.com.tr\/index.php\/urun\/yuzyilin-davasi-adnan-oktar-silahli-suc-orgutu\/","title":{"rendered":"Y\u00fczy\u0131l\u0131n Davas\u0131 &#8211; Adnan Oktar Silahl\u0131 Su\u00e7 \u00d6rg\u00fct\u00fc"},"content":{"rendered":"<p>Ellerinde \u00e7ok fazla \u015fantaj malzemesi vard\u0131 ve bu i\u015fi yapabilmek i\u00e7in ger\u00e7ekten \u00e7ok temiz olmak gerekirdi. Bu operasyonu yapanlar\u0131, bu \u00e7eteyi takip edip su\u00e7lar\u0131n\u0131 belgeleyenleri, iddianameyi haz\u0131rlayanlar\u0131, yarg\u0131lamay\u0131 yapanlar\u0131 ve hak ettikleri cezalar\u0131 verenleri, hepsini kutluyorum.Fatih Altayl\u0131 &#8211; GazeteciAdnan Oktar ve \u015f\u00fcrekas\u0131, T\u00fcrkiye\u2019nin bug\u00fcn i\u00e7inde debelendi\u011fi ahlaks\u0131zl\u0131\u011f\u0131n kayna\u011f\u0131, devleti, toplumu \u00e7\u00fcr\u00fctmek i\u00e7in g\u00f6revlendirilmi\u015f, organize bir su\u00e7 \u00f6rg\u00fct\u00fcd\u00fcr. Uluslararas\u0131 casusluk te\u015fkilatlar\u0131yla ba\u011flant\u0131lar\u0131 vard\u0131r, meslek ya\u015fam\u0131m\u0131n en zorlu m\u00fccadelesini FET\u00d6\u2019n\u00fcn lojistik orta\u011f\u0131 olarak yarg\u0131ya s\u0131zan bu rezil \u00f6rg\u00fcte kar\u015f\u0131 verdim. Umar\u0131m T\u00fcrkiye kazanm\u0131\u015ft\u0131r.Mine G.K\u0131r\u0131kkanat &#8211; Gazeteci Adnan Oktar ile yolu kesi\u015fen herkes ona uyum sa\u011flamak zorundayd\u0131. E\u011fer bunu yapam\u0131yorsan\u0131z ve bir de tersi d\u00fc\u015f\u00fcncelerinizi a\u00e7\u0131k\u00e7a s\u00f6yl\u00fcyorsan\u0131z ba\u015f\u0131n\u0131za neler gelebilece\u011fini ben m\u00fcvekkillerime ve bana ya\u015fat\u0131lanlar sayesinde \u00f6\u011frendim.Av. Emine Rezzan Ayd\u0131no\u011flu \u00dclkemizdeki en k\u00f6t\u00fc ve sinsi \u00f6rg\u00fctlenmeler dini k\u00f6t\u00fcye kullananlard\u0131r. Klasik organize su\u00e7 ve ter\u00f6r \u00f6rg\u00fct\u00fc tan\u0131mlar\u0131na uymayan Adnan Hocac\u0131lar ve FET\u00d6 gibi \u00f6rg\u00fctlerle etkili m\u00fccadele i\u00e7in hukuk alt yap\u0131s\u0131nda de\u011fi\u015fikliklere gidilmesi gerekmektedir. Adnan Hocac\u0131lar \u00e7ok ciddi ve etkili organize ter\u00f6r \u00f6rg\u00fct\u00fcd\u00fcr. Onlarla m\u00fccadelede y\u0131lmadan sava\u015fan herkese selam olsun. Av. Adil Serdar Sa\u00e7an &#8211; \u0130stanbul Emn. Organize su\u00e7larla M\u00fccadele ve Ka\u00e7ak\u00e7\u0131l\u0131k \u015eube Eski M\u00fcd\u00fcr\u00fc<\/p>\n","protected":false},"excerpt":{"rendered":"<p>Ellerinde \u00e7ok fazla \u015fantaj malzemesi vard\u0131 ve bu i\u015fi yapabilmek i\u00e7in ger\u00e7ekten \u00e7ok temiz olmak gerekirdi. Bu operasyonu yapanlar\u0131, bu \u00e7eteyi takip edip su\u00e7lar\u0131n\u0131 belgeleyenleri, iddianameyi<span class=\"excerpt-hellip\"> [\u2026]<\/span><\/p>\n","protected":false},"featured_media":0,"template":"","meta":{"_monsterinsights_skip_tracking":false,"_monsterinsights_sitenote_active":false,"_monsterinsights_sitenote_note":"","_monsterinsights_sitenote_category":0},"product_brand":[],"product_cat":[12346,12337],"product_tag":[],"class_list":{"0":"post-729895","1":"product","2":"type-product","3":"status-publish","5":"product_cat-derin-siyaset-komplo-teorileri","6":"product_cat-politika-siyaset","7":"pa_cilt-ciltsiz","8":"pa_tur-kitap","9":"pa_yayinevi-pankus-yayinlari","10":"pa_yazar-eser-comlekcioglu","12":"first","13":"instock","14":"sale","15":"shipping-taxable","16":"purchasable","17":"product-type-simple"},"_links":{"self":[{"href":"https:\/\/roveyayinevi.com.tr\/index.php\/wp-json\/wp\/v2\/product\/729895","targetHints":{"allow":["GET"]}}],"collection":[{"href":"https:\/\/roveyayinevi.com.tr\/index.php\/wp-json\/wp\/v2\/product"}],"about":[{"href":"https:\/\/roveyayinevi.com.tr\/index.php\/wp-json\/wp\/v2\/types\/product"}],"wp:attachment":[{"href":"https:\/\/roveyayinevi.com.tr\/index.php\/wp-json\/wp\/v2\/media?parent=729895"}],"wp:term":[{"taxonomy":"product_brand","embeddable":true,"href":"https:\/\/roveyayinevi.com.tr\/index.php\/wp-json\/wp\/v2\/product_brand?post=729895"},{"taxonomy":"product_cat","embeddable":true,"href":"https:\/\/roveyayinevi.com.tr\/index.php\/wp-json\/wp\/v2\/product_cat?post=729895"},{"taxonomy":"product_tag","embeddable":true,"href":"https:\/\/roveyayinevi.com.tr\/index.php\/wp-json\/wp\/v2\/product_tag?post=729895"}],"curies":[{"name":"wp","href":"https:\/\/api.w.org\/{rel}","templated":true}]}}