{"id":729893,"date":"2025-08-27T21:04:44","date_gmt":"2025-08-27T18:04:44","guid":{"rendered":"https:\/\/roveyayinevi.com.tr\/index.php\/urun\/gaflet\/"},"modified":"2026-04-16T02:37:35","modified_gmt":"2026-04-15T23:37:35","slug":"gaflet","status":"publish","type":"product","link":"https:\/\/roveyayinevi.com.tr\/index.php\/urun\/gaflet\/","title":{"rendered":"Gaflet"},"content":{"rendered":"<p>Uykudayd\u0131k, gaflet i\u00e7indeydik. Ger\u00e7ekle yalan\u0131 kar\u0131\u015ft\u0131rd\u0131lar, devletimizi y\u0131kmak istediler. Uyanamad\u0131k. Dalalet k\u0131yafetini isteyerek giyenler oldu. Uyanmaya g\u00fcc\u00fcm\u00fcz kalmad\u0131; art\u0131k h\u0131yanet vard\u0131 ve her taraf\u0131m\u0131z\u0131 sard\u0131. Sustuk\u2026 Sustuklar\u0131m\u0131zdan sorumluyduk oysa! \u201cGaflet\u201d, yak\u0131n zamanda \u00e7\u0131kmas\u0131 planlanan \u201cDalalet\u201d ve \u201cHatta H\u0131yanet\u201d adl\u0131 \u00fc\u00e7l\u00fc serinin ilk kitab\u0131 olarak d\u00fc\u015f\u00fcn\u00fcld\u00fc; okuyuculara \u201cKorkma\u201d demek i\u00e7in yaz\u0131ld\u0131. Gaflette olanlar, dalalete d\u00fc\u015fenler, h\u0131yanete kar\u0131\u015fanlar fark edilsin diye\u2026-\u2018Atat\u00fcrk\u00e7\u00fcler darbe yapacak\u2019 iddias\u0131na M\u0130T ne yan\u0131t verdi?-M\u0130T raporunda FET\u00d6\u2019ye hizmet edenler kimler?-\u2018Gladyo\u2019 siyasete nas\u0131l s\u0131z\u0131yor?-\u2018BND\u2019ye \u00e7al\u0131\u015ft\u0131\u011f\u0131n\u0131 s\u00f6yleyen ki\u015fi neden FET\u00d6\u2019den tutuklu?-MHP kaseti kumpas\u00e7\u0131lar\u0131na Bah\u00e7eli neden omuz verdi?-Abdullah G\u00fcl, CIA ve FET\u00d6\u2019y\u00fc nas\u0131l bulu\u015fturdu?-G\u00fcl ve Davuto\u011flu\u2019nun dan\u0131\u015fman\u0131, B\u00fclent Ar\u0131n\u00e7\u2019\u0131n KHK\u2019l\u0131 ye\u011feni \u015fimdi nerede?-\u0130yi Parti\u2019li hangi y\u00f6netici CIA ile anla\u015ft\u0131?-Hatay\u2019da sava\u015f m\u0131 planlan\u0131yor?-Hangi CHP\u2019li Amerikal\u0131lar\u2019dan yard\u0131m istedi?-1990\u2019larda birlikteydiler, 2000\u2019lerde t\u00fcm partilere da\u011f\u0131ld\u0131lar, kimdir bunlar?Ve- Nagehan Al\u00e7\u0131-Rasim Ozan K\u00fctahyal\u0131 ve Cem K\u00fc\u00e7\u00fck\u2019\u00fcn ifadeleri- Kriz yaratan \u2018Kararg\u00e2h Rahats\u0131z\u2019 haberinin ham hali- Ege Ordusu\u2019nda \u2018Darbe\u2019 iddialar\u0131n\u0131 ara\u015ft\u0131ran \u0130stihbarat Albay\u2019la \u00f6zel s\u00f6yle\u015fi- Efsunlu k\u00f6y! Bu k\u00f6yde do\u011fan vali ve kaymakam oluyor.<\/p>\n","protected":false},"excerpt":{"rendered":"<p>Uykudayd\u0131k, gaflet i\u00e7indeydik. Ger\u00e7ekle yalan\u0131 kar\u0131\u015ft\u0131rd\u0131lar, devletimizi y\u0131kmak istediler. Uyanamad\u0131k. Dalalet k\u0131yafetini isteyerek giyenler oldu. Uyanmaya g\u00fcc\u00fcm\u00fcz kalmad\u0131; art\u0131k h\u0131yanet vard\u0131 ve her taraf\u0131m\u0131z\u0131 sard\u0131. Sustuk\u2026<span class=\"excerpt-hellip\"> [\u2026]<\/span><\/p>\n","protected":false},"featured_media":0,"template":"","meta":{"_monsterinsights_skip_tracking":false,"_monsterinsights_sitenote_active":false,"_monsterinsights_sitenote_note":"","_monsterinsights_sitenote_category":0},"product_brand":[],"product_cat":[12346,12337],"product_tag":[],"class_list":{"0":"post-729893","1":"product","2":"type-product","3":"status-publish","5":"product_cat-derin-siyaset-komplo-teorileri","6":"product_cat-politika-siyaset","7":"pa_cilt-ciltsiz","8":"pa_tur-kitap","9":"pa_yayinevi-pankus-yayinlari","10":"pa_yazar-erdem-atay","12":"first","13":"instock","14":"sale","15":"shipping-taxable","16":"purchasable","17":"product-type-simple"},"_links":{"self":[{"href":"https:\/\/roveyayinevi.com.tr\/index.php\/wp-json\/wp\/v2\/product\/729893","targetHints":{"allow":["GET"]}}],"collection":[{"href":"https:\/\/roveyayinevi.com.tr\/index.php\/wp-json\/wp\/v2\/product"}],"about":[{"href":"https:\/\/roveyayinevi.com.tr\/index.php\/wp-json\/wp\/v2\/types\/product"}],"wp:attachment":[{"href":"https:\/\/roveyayinevi.com.tr\/index.php\/wp-json\/wp\/v2\/media?parent=729893"}],"wp:term":[{"taxonomy":"product_brand","embeddable":true,"href":"https:\/\/roveyayinevi.com.tr\/index.php\/wp-json\/wp\/v2\/product_brand?post=729893"},{"taxonomy":"product_cat","embeddable":true,"href":"https:\/\/roveyayinevi.com.tr\/index.php\/wp-json\/wp\/v2\/product_cat?post=729893"},{"taxonomy":"product_tag","embeddable":true,"href":"https:\/\/roveyayinevi.com.tr\/index.php\/wp-json\/wp\/v2\/product_tag?post=729893"}],"curies":[{"name":"wp","href":"https:\/\/api.w.org\/{rel}","templated":true}]}}