{"id":729892,"date":"2025-08-27T21:04:43","date_gmt":"2025-08-27T18:04:43","guid":{"rendered":"https:\/\/roveyayinevi.com.tr\/index.php\/urun\/en-uzun-gun\/"},"modified":"2026-04-16T02:37:35","modified_gmt":"2026-04-15T23:37:35","slug":"en-uzun-gun","status":"publish","type":"product","link":"https:\/\/roveyayinevi.com.tr\/index.php\/urun\/en-uzun-gun\/","title":{"rendered":"En Uzun G\u00fcn"},"content":{"rendered":"<p>Kemal Anadol, bu kitab\u0131nda toplumsal belle\u011fe \u00f6nemli katk\u0131larda bulunuyor. \u0130\u00e7inde ya\u015fad\u0131\u011f\u0131 olaylar\u0131n hi\u00e7bir yerde yay\u0131mlanmam\u0131\u015f ayr\u0131nt\u0131lar\u0131n\u0131 anlat\u0131yor.- H\u0131zla diktat\u00f6rl\u00fc\u011fe giden Demokrat Parti ve Menderes iktidar\u0131na kar\u015f\u0131 direnen \u00fcniversite gen\u00e7li\u011fi\u2026 28\/29 Nisan 1960 olaylar\u0131. Ankara K\u0131z\u0131lay Meydan\u0131\u2019nda ger\u00e7ekle\u015fen 555 K .- 12 Eyl\u00fcl fa\u015fizmine kar\u015f\u0131 namuslu ve \u00f6rnek m\u00fccadele veren ayd\u0131nlar\u2026 S\u0131k\u0131y\u00f6netim Mahkemesinde g\u00f6r\u00fclen Bar\u0131\u015f Derne\u011fi Davas\u0131\u2019ndaki unutulmaz hukuk sava\u015f\u0131m\u0131.- Alia\u011fa Gencelli\u2019de Japon \u015firketlerine ve ANAP iktidar\u0131na kar\u015f\u0131 verilen \u00e7evre ve hukuk m\u00fccadelesi. \u0130zmir\u2019den Alia\u011fa\u2019ya ula\u015fan insan zinciri! Zaferle sonu\u00e7lanan hukuk kavgas\u0131\u2026- TBMM\u2019de, 21 Kas\u0131m 1990 tarihli oturumda Kenan Evren hakk\u0131nda ger\u00e7ekle\u015fen ilk su\u00e7 duyurusu.- 1 Mart Tezkeresinin reddi. TBMM\u2019de, emperyalizme direnen CHP Grubunun \u00f6nc\u00fcl\u00fc\u011f\u00fcnde ger\u00e7ekle\u015fen ba\u015far\u0131l\u0131 sonu\u00e7. Olaylar\u0131n perde arkas\u0131 ve bug\u00fcne kadar bilinmeyen ayr\u0131nt\u0131lar\u2026- Fetullah G\u00fclen \u00e7etesinin ele ge\u00e7irdi\u011fi g\u00fcvenlik ve yarg\u0131\u2026 \u00c7etenin ba\u015flataca\u011f\u0131 kumpas davalar\u0131n\u0131n i\u015faret fi\u015fe\u011fi, Van 100. Y\u0131l \u00dcniversitesi ve Rekt\u00f6r Y\u00fccel A\u015fk\u0131n davalar\u0131n\u0131n perde arkas\u0131.- 17 May\u0131s 2006 g\u00fcn\u00fc Dan\u0131\u015ftayda i\u015flenen cinayet! \u0130kinci Kubilay Olay\u0131\u2019n\u0131n Meclis\u2019e yans\u0131malar\u0131\u2026 Failleri yarg\u0131lanan davan\u0131n Ergenekon hukuk facias\u0131na uzanan ak\u0131beti!- Medya marifetiyle y\u0131llard\u0131r toplumda yarat\u0131lan yanl\u0131\u015f ve uydurma alg\u0131: 2007 Cumhurba\u015fkanl\u0131\u011f\u0131 se\u00e7iminde 367 krizinin ger\u00e7ek \u00f6yk\u00fcs\u00fc.- Obama\u2019n\u0131n konu\u015fma yapt\u0131\u011f\u0131 TBMM\u2019den g\u00f6r\u00fcnt\u00fcler. Ba\u015fkan\u0131n T\u00fcrkiye\u2019den istedikleri\u2026 Meclis\u2019ten ayr\u0131l\u0131rken t\u00fcm partilerin aksine aya\u011fa kalkmayan CHP Grubu.- 2009\u2019da AKP H\u00fck\u00fcmeti\u2019nin Meclis\u2019ten ge\u00e7irmek istedi\u011fi May\u0131n Temizleme Yasa Tasar\u0131s\u0131. Bu yasaya kar\u015f\u0131, muhalefet blo\u011funun verdi\u011fi b\u00fcy\u00fck m\u00fccadele\u2026\u00dclkenin yazg\u0131s\u0131n\u0131 etkileyecek olaylar\u0131n i\u00e7y\u00fcz\u00fc\u2026Kemal Anadol, an\u0131lar\u0131nda, yarat\u0131lan alg\u0131lar\u0131n tersine ger\u00e7ekleri belgeleriyle sergiliyor.<\/p>\n","protected":false},"excerpt":{"rendered":"<p>Kemal Anadol, bu kitab\u0131nda toplumsal belle\u011fe \u00f6nemli katk\u0131larda bulunuyor. \u0130\u00e7inde ya\u015fad\u0131\u011f\u0131 olaylar\u0131n hi\u00e7bir yerde yay\u0131mlanmam\u0131\u015f ayr\u0131nt\u0131lar\u0131n\u0131 anlat\u0131yor.- H\u0131zla diktat\u00f6rl\u00fc\u011fe giden Demokrat Parti ve Menderes iktidar\u0131na kar\u015f\u0131<span class=\"excerpt-hellip\"> [\u2026]<\/span><\/p>\n","protected":false},"featured_media":0,"template":"","meta":{"_monsterinsights_skip_tracking":false,"_monsterinsights_sitenote_active":false,"_monsterinsights_sitenote_note":"","_monsterinsights_sitenote_category":0},"product_brand":[],"product_cat":[12337,14543],"product_tag":[],"class_list":{"0":"post-729892","1":"product","2":"type-product","3":"status-publish","5":"product_cat-politika-siyaset","6":"product_cat-turkiye-siyaseti-ve-politikasi","7":"pa_cilt-ciltsiz","8":"pa_tur-kitap","9":"pa_yayinevi-pankus-yayinlari","10":"pa_yazar-kemal-anadol","12":"first","13":"instock","14":"sale","15":"shipping-taxable","16":"purchasable","17":"product-type-simple"},"_links":{"self":[{"href":"https:\/\/roveyayinevi.com.tr\/index.php\/wp-json\/wp\/v2\/product\/729892","targetHints":{"allow":["GET"]}}],"collection":[{"href":"https:\/\/roveyayinevi.com.tr\/index.php\/wp-json\/wp\/v2\/product"}],"about":[{"href":"https:\/\/roveyayinevi.com.tr\/index.php\/wp-json\/wp\/v2\/types\/product"}],"wp:attachment":[{"href":"https:\/\/roveyayinevi.com.tr\/index.php\/wp-json\/wp\/v2\/media?parent=729892"}],"wp:term":[{"taxonomy":"product_brand","embeddable":true,"href":"https:\/\/roveyayinevi.com.tr\/index.php\/wp-json\/wp\/v2\/product_brand?post=729892"},{"taxonomy":"product_cat","embeddable":true,"href":"https:\/\/roveyayinevi.com.tr\/index.php\/wp-json\/wp\/v2\/product_cat?post=729892"},{"taxonomy":"product_tag","embeddable":true,"href":"https:\/\/roveyayinevi.com.tr\/index.php\/wp-json\/wp\/v2\/product_tag?post=729892"}],"curies":[{"name":"wp","href":"https:\/\/api.w.org\/{rel}","templated":true}]}}