{"id":729890,"date":"2025-08-27T21:04:41","date_gmt":"2025-08-27T18:04:41","guid":{"rendered":"https:\/\/roveyayinevi.com.tr\/index.php\/urun\/kordugum-evrim-agaci-yepyeni-bir-yasam-tarihi\/"},"modified":"2026-04-16T02:37:35","modified_gmt":"2026-04-15T23:37:35","slug":"kordugum-evrim-agaci-yepyeni-bir-yasam-tarihi","status":"publish","type":"product","link":"https:\/\/roveyayinevi.com.tr\/index.php\/urun\/kordugum-evrim-agaci-yepyeni-bir-yasam-tarihi\/","title":{"rendered":"K\u00f6rd\u00fc\u011f\u00fcm Evrim A\u011fac\u0131: Yepyeni Bir Ya\u015fam Tarihi"},"content":{"rendered":"<p>Canl\u0131 organizmalarda bulunan protein molek\u00fcllerindeki \u00e7e\u015fitlili\u011fe bakarak ya\u015fam\u0131n derin tarihini okuyabilir miyiz?  David Quammen, molek\u00fcler filogenetikteki son ke\u015fiflerin evrim anlay\u0131\u015f\u0131m\u0131z\u0131 ve ya\u015fam\u0131 nas\u0131l de\u011fi\u015ftirebildi\u011fini, insan sa\u011fl\u0131\u011f\u0131 ve insan do\u011fas\u0131 i\u00e7in ne t\u00fcr \u00e7\u0131kar\u0131mlar\u0131 olabilece\u011fini bilim tarihinde iz b\u0131rakan ara\u015ft\u0131rmac\u0131lar\u0131n ya\u015famlar\u0131 \u00fczerinden anlat\u0131yor: arkeleri ke\u015ffeden Carl Woese, endosimbiyotik teorinin mimar\u0131 Lynn Margulis,  yatay gen transferinin \u015fa\u015f\u0131rt\u0131c\u0131 sonu\u00e7lar\u0131n\u0131 ortaya koyan Tsutomu Watanabe ve di\u011ferleri&#8230;  \u0130nsan birey nedir? Bizler neyiz? Bu ke\u015fifler insan\u0131n kimli\u011fine, bireyselli\u011fine ve tarihine dair ne gibi etkiler ta\u015f\u0131yor? Canl\u0131lar aras\u0131 evrimsel ba\u011flant\u0131lar\u0131n atalar\u0131ndan kalma do\u011fas\u0131 ve her bir organizman\u0131n i\u00e7 i\u00e7e ge\u00e7me derecesine \u0131\u015f\u0131k tutan K\u00f6rd\u00fc\u011f\u00fcm Evrim A\u011fac\u0131 biyolojideki en b\u00fcy\u00fck hik\u00e2yelerden birini ele al\u0131yor. <\/p>\n","protected":false},"excerpt":{"rendered":"<p>Canl\u0131 organizmalarda bulunan protein molek\u00fcllerindeki \u00e7e\u015fitlili\u011fe bakarak ya\u015fam\u0131n derin tarihini okuyabilir miyiz? David Quammen, molek\u00fcler filogenetikteki son ke\u015fiflerin evrim anlay\u0131\u015f\u0131m\u0131z\u0131 ve ya\u015fam\u0131 nas\u0131l de\u011fi\u015ftirebildi\u011fini, insan sa\u011fl\u0131\u011f\u0131<span class=\"excerpt-hellip\"> [\u2026]<\/span><\/p>\n","protected":false},"featured_media":0,"template":"","meta":{"_monsterinsights_skip_tracking":false,"_monsterinsights_sitenote_active":false,"_monsterinsights_sitenote_note":"","_monsterinsights_sitenote_category":0},"product_brand":[],"product_cat":[12370,12304],"product_tag":[],"class_list":{"0":"post-729890","1":"product","2":"type-product","3":"status-publish","5":"product_cat-arastirma-inceleme","6":"product_cat-tarih","7":"pa_cilt-ciltsiz","8":"pa_tur-kitap","9":"pa_yayinevi-tellekt","10":"pa_yazar-david-quammen","12":"first","13":"instock","14":"sale","15":"shipping-taxable","16":"purchasable","17":"product-type-simple"},"_links":{"self":[{"href":"https:\/\/roveyayinevi.com.tr\/index.php\/wp-json\/wp\/v2\/product\/729890","targetHints":{"allow":["GET"]}}],"collection":[{"href":"https:\/\/roveyayinevi.com.tr\/index.php\/wp-json\/wp\/v2\/product"}],"about":[{"href":"https:\/\/roveyayinevi.com.tr\/index.php\/wp-json\/wp\/v2\/types\/product"}],"wp:attachment":[{"href":"https:\/\/roveyayinevi.com.tr\/index.php\/wp-json\/wp\/v2\/media?parent=729890"}],"wp:term":[{"taxonomy":"product_brand","embeddable":true,"href":"https:\/\/roveyayinevi.com.tr\/index.php\/wp-json\/wp\/v2\/product_brand?post=729890"},{"taxonomy":"product_cat","embeddable":true,"href":"https:\/\/roveyayinevi.com.tr\/index.php\/wp-json\/wp\/v2\/product_cat?post=729890"},{"taxonomy":"product_tag","embeddable":true,"href":"https:\/\/roveyayinevi.com.tr\/index.php\/wp-json\/wp\/v2\/product_tag?post=729890"}],"curies":[{"name":"wp","href":"https:\/\/api.w.org\/{rel}","templated":true}]}}