{"id":729889,"date":"2025-08-27T21:04:40","date_gmt":"2025-08-27T18:04:40","guid":{"rendered":"https:\/\/roveyayinevi.com.tr\/index.php\/urun\/harekete-geciren-100-tavsiye-dahiler-kampi\/"},"modified":"2026-04-16T02:37:35","modified_gmt":"2026-04-15T23:37:35","slug":"harekete-geciren-100-tavsiye-dahiler-kampi","status":"publish","type":"product","link":"https:\/\/roveyayinevi.com.tr\/index.php\/urun\/harekete-geciren-100-tavsiye-dahiler-kampi\/","title":{"rendered":"Harekete Ge\u00e7iren 100 Tavsiye &#8211; Dahiler Kamp\u0131"},"content":{"rendered":"<p>Ampul\u00fc bularak d\u00fcnyay\u0131 ayd\u0131nlatan Thomas Edison, t\u00fcm zamanlar\u0131n en iyi boks\u00f6r\u00fc Muhammed Ali Clay, antik Yunan filozofu Aristoteles, \u015fark\u0131lar\u0131yla m\u00fczikseverlere ilham kayna\u011f\u0131 olan Bob Marley, insan haklar\u0131 konusunda milyonlara cesaret veren Mahatma Ganhdi&#8230;Farkl\u0131 alanlarda ad\u0131n\u0131 duyurmu\u015f b\u00fct\u00fcn bu s\u0131ra d\u0131\u015f\u0131 insanlar\u0131n yollar\u0131 bir yerde kesi\u015fiyor asl\u0131nda. Neresi mi? D\u00e2hiler Kamp\u0131 tabii ki!Bu kitapta onlarca d\u00e2hi, seni harekete ge\u00e7irecek tavsiyeleriyle bir araya geldi. Sadece tavsiye verip gitmiyorlar elbette. Etkinliklerle keyifli vakit ge\u00e7irirken kendini tan\u0131yacak ve harekete ge\u00e7ip onlarla d\u00e2hilerin yolundan y\u00fcr\u00fcyebileceksin.<\/p>\n","protected":false},"excerpt":{"rendered":"<p>Ampul\u00fc bularak d\u00fcnyay\u0131 ayd\u0131nlatan Thomas Edison, t\u00fcm zamanlar\u0131n en iyi boks\u00f6r\u00fc Muhammed Ali Clay, antik Yunan filozofu Aristoteles, \u015fark\u0131lar\u0131yla m\u00fczikseverlere ilham kayna\u011f\u0131 olan Bob Marley, insan<span class=\"excerpt-hellip\"> [\u2026]<\/span><\/p>\n","protected":false},"featured_media":0,"template":"","meta":{"_monsterinsights_skip_tracking":false,"_monsterinsights_sitenote_active":false,"_monsterinsights_sitenote_note":"","_monsterinsights_sitenote_category":0},"product_brand":[],"product_cat":[12275,12274],"product_tag":[],"class_list":{"0":"post-729889","1":"product","2":"type-product","3":"status-publish","5":"product_cat-6-12-yas-kitaplari","6":"product_cat-cocuk-ve-genclik-kitaplari","7":"pa_cilt-ciltsiz","8":"pa_tur-kitap","9":"pa_yayinevi-acayip-kitaplar","10":"pa_yazar-alexander-winterman","12":"first","13":"instock","14":"sale","15":"shipping-taxable","16":"purchasable","17":"product-type-simple"},"_links":{"self":[{"href":"https:\/\/roveyayinevi.com.tr\/index.php\/wp-json\/wp\/v2\/product\/729889","targetHints":{"allow":["GET"]}}],"collection":[{"href":"https:\/\/roveyayinevi.com.tr\/index.php\/wp-json\/wp\/v2\/product"}],"about":[{"href":"https:\/\/roveyayinevi.com.tr\/index.php\/wp-json\/wp\/v2\/types\/product"}],"wp:attachment":[{"href":"https:\/\/roveyayinevi.com.tr\/index.php\/wp-json\/wp\/v2\/media?parent=729889"}],"wp:term":[{"taxonomy":"product_brand","embeddable":true,"href":"https:\/\/roveyayinevi.com.tr\/index.php\/wp-json\/wp\/v2\/product_brand?post=729889"},{"taxonomy":"product_cat","embeddable":true,"href":"https:\/\/roveyayinevi.com.tr\/index.php\/wp-json\/wp\/v2\/product_cat?post=729889"},{"taxonomy":"product_tag","embeddable":true,"href":"https:\/\/roveyayinevi.com.tr\/index.php\/wp-json\/wp\/v2\/product_tag?post=729889"}],"curies":[{"name":"wp","href":"https:\/\/api.w.org\/{rel}","templated":true}]}}