{"id":729888,"date":"2025-08-27T21:04:40","date_gmt":"2025-08-27T18:04:40","guid":{"rendered":"https:\/\/roveyayinevi.com.tr\/index.php\/urun\/hayalleri-ucuran-100-tavsiye-dahiler-kampi\/"},"modified":"2026-04-16T02:37:35","modified_gmt":"2026-04-15T23:37:35","slug":"hayalleri-ucuran-100-tavsiye-dahiler-kampi","status":"publish","type":"product","link":"https:\/\/roveyayinevi.com.tr\/index.php\/urun\/hayalleri-ucuran-100-tavsiye-dahiler-kampi\/","title":{"rendered":"Hayalleri U\u00e7uran 100 Tavsiye &#8211; Dahiler Kamp\u0131"},"content":{"rendered":"<p>Teorileriyle bilim d\u00fcnyas\u0131nda \u00e7\u0131\u011f\u0131r a\u00e7an Albert Einstein, hik\u00e2yeleriyle kitapseverlere ilham kayna\u011f\u0131 olan Mark Twain, t\u00fcm zamanlar\u0131n en iyi basketbolcusu Michael Jordan, k\u00fcbik resimleriyle sanata bak\u0131\u015f\u0131 de\u011fi\u015ftiren Pablo Picasso ve Facebook\u2019un kurucusu Mark Zuckerberg\u2026Farkl\u0131 alanlarda ad\u0131n\u0131 duyurmu\u015f b\u00fct\u00fcn bu s\u0131ra d\u0131\u015f\u0131 insanlar\u0131n yollar\u0131 bir yerde kesi\u015fiyor asl\u0131nda. Neresi mi? D\u00e2hiler Kamp\u0131 tabii ki!Bu kitapta onlarca d\u00e2hi, hayallerini u\u00e7uracak tavsiyeleriyle bir araya geldi. Sadece tavsiye verip gitmiyorlar elbette. Etkinliklerle keyifli vakit ge\u00e7irirken kendini tan\u0131yacak ve hayallerini b\u00fcy\u00fct\u00fcp onlarla d\u00e2hilerin yolundan y\u00fcr\u00fcyebileceksin.<\/p>\n","protected":false},"excerpt":{"rendered":"<p>Teorileriyle bilim d\u00fcnyas\u0131nda \u00e7\u0131\u011f\u0131r a\u00e7an Albert Einstein, hik\u00e2yeleriyle kitapseverlere ilham kayna\u011f\u0131 olan Mark Twain, t\u00fcm zamanlar\u0131n en iyi basketbolcusu Michael Jordan, k\u00fcbik resimleriyle sanata bak\u0131\u015f\u0131 de\u011fi\u015ftiren<span class=\"excerpt-hellip\"> [\u2026]<\/span><\/p>\n","protected":false},"featured_media":0,"template":"","meta":{"_monsterinsights_skip_tracking":false,"_monsterinsights_sitenote_active":false,"_monsterinsights_sitenote_note":"","_monsterinsights_sitenote_category":0},"product_brand":[],"product_cat":[12275,12274],"product_tag":[],"class_list":{"0":"post-729888","1":"product","2":"type-product","3":"status-publish","5":"product_cat-6-12-yas-kitaplari","6":"product_cat-cocuk-ve-genclik-kitaplari","7":"pa_cilt-ciltsiz","8":"pa_tur-kitap","9":"pa_yayinevi-acayip-kitaplar","10":"pa_yazar-alexander-winterman","12":"first","13":"instock","14":"sale","15":"shipping-taxable","16":"purchasable","17":"product-type-simple"},"_links":{"self":[{"href":"https:\/\/roveyayinevi.com.tr\/index.php\/wp-json\/wp\/v2\/product\/729888","targetHints":{"allow":["GET"]}}],"collection":[{"href":"https:\/\/roveyayinevi.com.tr\/index.php\/wp-json\/wp\/v2\/product"}],"about":[{"href":"https:\/\/roveyayinevi.com.tr\/index.php\/wp-json\/wp\/v2\/types\/product"}],"wp:attachment":[{"href":"https:\/\/roveyayinevi.com.tr\/index.php\/wp-json\/wp\/v2\/media?parent=729888"}],"wp:term":[{"taxonomy":"product_brand","embeddable":true,"href":"https:\/\/roveyayinevi.com.tr\/index.php\/wp-json\/wp\/v2\/product_brand?post=729888"},{"taxonomy":"product_cat","embeddable":true,"href":"https:\/\/roveyayinevi.com.tr\/index.php\/wp-json\/wp\/v2\/product_cat?post=729888"},{"taxonomy":"product_tag","embeddable":true,"href":"https:\/\/roveyayinevi.com.tr\/index.php\/wp-json\/wp\/v2\/product_tag?post=729888"}],"curies":[{"name":"wp","href":"https:\/\/api.w.org\/{rel}","templated":true}]}}