{"id":729887,"date":"2025-08-27T21:04:39","date_gmt":"2025-08-27T18:04:39","guid":{"rendered":"https:\/\/roveyayinevi.com.tr\/index.php\/urun\/fikirleri-costuran-100-tavsiye-dahiler-kampi\/"},"modified":"2026-04-16T02:37:35","modified_gmt":"2026-04-15T23:37:35","slug":"fikirleri-costuran-100-tavsiye-dahiler-kampi","status":"publish","type":"product","link":"https:\/\/roveyayinevi.com.tr\/index.php\/urun\/fikirleri-costuran-100-tavsiye-dahiler-kampi\/","title":{"rendered":"Fikirleri Co\u015fturan 100 Tavsiye &#8211; Dahiler Kamp\u0131"},"content":{"rendered":"<p>Radyoaktivite \u00e7al\u0131\u015fmalar\u0131yla \u00e7\u0131\u011f\u0131r a\u00e7an Marie Curie, teknoloji devi Apple\u2019\u0131n kurucusu Steve Jobs, romanlar\u0131yla d\u00fcnya edebiyat\u0131n\u0131 etkileyen Umberto Eco, kungfuyu t\u00fcm d\u00fcnyaya tan\u0131tan Bruce Lee, T\u00fcrkiye Cumhuriyeti\u2019nin kurucusu Mustafa Kemal Atat\u00fcrk&#8230;Farkl\u0131 alanlarda ad\u0131n\u0131 duyurmu\u015f b\u00fct\u00fcn bu s\u0131ra d\u0131\u015f\u0131 insanlar\u0131n yollar\u0131 bir yerde kesi\u015fiyor asl\u0131nda. Neresi mi? D\u00e2hiler Kamp\u0131 tabii ki!Bu kitapta onlarca d\u00e2hi, fikirlerini co\u015fturacak tavsiyeleriyle bir araya geldi. Sadece tavsiye verip gitmiyorlar elbette. Etkinliklerle keyifli vakit ge\u00e7irirken kendini tan\u0131yacak ve d\u00fc\u015f\u00fcncelerini geli\u015ftirip onlarla d\u00e2hilerin yolundan y\u00fcr\u00fcyebileceksin.<\/p>\n","protected":false},"excerpt":{"rendered":"<p>Radyoaktivite \u00e7al\u0131\u015fmalar\u0131yla \u00e7\u0131\u011f\u0131r a\u00e7an Marie Curie, teknoloji devi Apple\u2019\u0131n kurucusu Steve Jobs, romanlar\u0131yla d\u00fcnya edebiyat\u0131n\u0131 etkileyen Umberto Eco, kungfuyu t\u00fcm d\u00fcnyaya tan\u0131tan Bruce Lee, T\u00fcrkiye Cumhuriyeti\u2019nin<span class=\"excerpt-hellip\"> [\u2026]<\/span><\/p>\n","protected":false},"featured_media":0,"template":"","meta":{"_monsterinsights_skip_tracking":false,"_monsterinsights_sitenote_active":false,"_monsterinsights_sitenote_note":"","_monsterinsights_sitenote_category":0},"product_brand":[],"product_cat":[12275,12274],"product_tag":[],"class_list":{"0":"post-729887","1":"product","2":"type-product","3":"status-publish","5":"product_cat-6-12-yas-kitaplari","6":"product_cat-cocuk-ve-genclik-kitaplari","7":"pa_cilt-ciltsiz","8":"pa_tur-kitap","9":"pa_yayinevi-acayip-kitaplar","10":"pa_yazar-alexander-winterman","12":"first","13":"instock","14":"sale","15":"shipping-taxable","16":"purchasable","17":"product-type-simple"},"_links":{"self":[{"href":"https:\/\/roveyayinevi.com.tr\/index.php\/wp-json\/wp\/v2\/product\/729887","targetHints":{"allow":["GET"]}}],"collection":[{"href":"https:\/\/roveyayinevi.com.tr\/index.php\/wp-json\/wp\/v2\/product"}],"about":[{"href":"https:\/\/roveyayinevi.com.tr\/index.php\/wp-json\/wp\/v2\/types\/product"}],"wp:attachment":[{"href":"https:\/\/roveyayinevi.com.tr\/index.php\/wp-json\/wp\/v2\/media?parent=729887"}],"wp:term":[{"taxonomy":"product_brand","embeddable":true,"href":"https:\/\/roveyayinevi.com.tr\/index.php\/wp-json\/wp\/v2\/product_brand?post=729887"},{"taxonomy":"product_cat","embeddable":true,"href":"https:\/\/roveyayinevi.com.tr\/index.php\/wp-json\/wp\/v2\/product_cat?post=729887"},{"taxonomy":"product_tag","embeddable":true,"href":"https:\/\/roveyayinevi.com.tr\/index.php\/wp-json\/wp\/v2\/product_tag?post=729887"}],"curies":[{"name":"wp","href":"https:\/\/api.w.org\/{rel}","templated":true}]}}