{"id":729885,"date":"2025-08-27T21:04:36","date_gmt":"2025-08-27T18:04:36","guid":{"rendered":"https:\/\/roveyayinevi.com.tr\/index.php\/urun\/denizlerin-tufani-piri-reis\/"},"modified":"2026-04-08T02:46:41","modified_gmt":"2026-04-07T23:46:41","slug":"denizlerin-tufani-piri-reis","status":"publish","type":"product","link":"https:\/\/roveyayinevi.com.tr\/index.php\/urun\/denizlerin-tufani-piri-reis\/","title":{"rendered":"Denizlerin Tufan\u0131 Piri Reis"},"content":{"rendered":"<p>\u00d6m\u00fcr bilinmezlerle dolu bir zaman diliminden ibaretti. Onu gizemli yapan ise yar\u0131na dair kurulan hayallerden ba\u015fkas\u0131 de\u011fildi. Hayaller, biz onlar\u0131 sadece d\u00fc\u015flesek bile hi\u00e7 beklemedi\u011fimiz bir zamanda yap\u0131\u015f\u0131rd\u0131 yakam\u0131za ve tutsak ederdi bizleri kendisine. Kurtulmak i\u00e7in ne kadar m\u00fccadele etsek de nafile, bunu ba\u015farmam\u0131z hayallerimize kavu\u015fmam\u0131z ile olurdu ancak. Hayalleri ger\u00e7ek eylemeye \u00e7al\u0131\u015fman\u0131n tad\u0131, onlar\u0131 kurmaktan daha zevkliydi \u015f\u00fcphesiz.   \u0130nsano\u011flu; geni\u015f topraklar\u0131, paha bi\u00e7ilmez hazineleri, tarifsiz mutluluklar\u0131 elde edebilmek i\u00e7in \u00f6nce hayal kurard\u0131. Sonra an gelir, bu defa hayaller \u00e7a\u011f\u0131r\u0131rd\u0131 onu. \u00d6nce teredd\u00fct eder, ne yapaca\u011f\u0131n\u0131 bilemez, heyecanlan\u0131rd\u0131 ama hayaller g\u00fczelse i\u015fte o zaman en g\u00fc\u00e7s\u00fcz bedenler bile g\u00f6z\u00fc kara bir sava\u015f\u00e7\u0131ya d\u00f6nerdi.   Hayallerin mayas\u0131nda vard\u0131 sevmek; hayat\u0131 sevmek, m\u00fccadeleyi sevmek ve pes etmemek. Hayallere kavu\u015fmak i\u00e7in y\u00fcr\u00fcnen yollar her daim d\u00fcz ve sorunsuz de\u011fildi \u00e7\u00fcnk\u00fc. Kar\u015f\u0131m\u0131za \u00e7\u0131kard\u0131\u011f\u0131 engelleri a\u015fmak i\u00e7in kararl\u0131 olmak gerekirdi. Ba\u015fka t\u00fcrl\u00fc \u00e7ok ya\u015famaz, bir daha gelmemek i\u00e7in sonsuzlu\u011fa kar\u0131\u015f\u0131r giderdi hayaller.   Piri Reis\u2019in hayali sadece denizlerdeydi, denizlerle do\u011fmu\u015f gibi hissediyordu kendisini. Karaya her ayak bas\u0131\u015f\u0131nda kendisini bir tuhaf hissediyor ve \u00fczerinde nice g\u00fczelliklerin bulundu\u011fu cennet diyarlara ait olmad\u0131\u011f\u0131n\u0131 d\u00fc\u015f\u00fcn\u00fcyordu. Onun d\u00fcnyas\u0131 binbir renkli kara par\u00e7as\u0131 de\u011fil, sadece maviliklerdi. Onun d\u00fcnyas\u0131, yelkenlerin \u00e7\u0131kard\u0131\u011f\u0131 o h\u0131\u015f\u0131rt\u0131l\u0131 seslerde gizliydi. Denizleri kendisine diyar eyleyerek gezmi\u015f, yelkeninin r\u00fczg\u00e2r\u0131n\u0131 tatmad\u0131\u011f\u0131 mavilik neredeyse kalmam\u0131\u015ft\u0131.<\/p>\n","protected":false},"excerpt":{"rendered":"<p>\u00d6m\u00fcr bilinmezlerle dolu bir zaman diliminden ibaretti. Onu gizemli yapan ise yar\u0131na dair kurulan hayallerden ba\u015fkas\u0131 de\u011fildi. Hayaller, biz onlar\u0131 sadece d\u00fc\u015flesek bile hi\u00e7 beklemedi\u011fimiz bir<span class=\"excerpt-hellip\"> [\u2026]<\/span><\/p>\n","protected":false},"featured_media":0,"template":"","meta":{"_monsterinsights_skip_tracking":false,"_monsterinsights_sitenote_active":false,"_monsterinsights_sitenote_note":"","_monsterinsights_sitenote_category":0},"product_brand":[],"product_cat":[12291,12711],"product_tag":[],"class_list":{"0":"post-729885","1":"product","2":"type-product","3":"status-publish","5":"product_cat-edebiyat","6":"product_cat-roman-oyku","7":"pa_cilt-ciltsiz","8":"pa_tur-kitap","9":"pa_yayinevi-nar-agaci-yayinlari","10":"pa_yazar-hasan-murat-gokhan-celik","12":"first","13":"instock","14":"sale","15":"shipping-taxable","16":"purchasable","17":"product-type-simple"},"_links":{"self":[{"href":"https:\/\/roveyayinevi.com.tr\/index.php\/wp-json\/wp\/v2\/product\/729885","targetHints":{"allow":["GET"]}}],"collection":[{"href":"https:\/\/roveyayinevi.com.tr\/index.php\/wp-json\/wp\/v2\/product"}],"about":[{"href":"https:\/\/roveyayinevi.com.tr\/index.php\/wp-json\/wp\/v2\/types\/product"}],"wp:attachment":[{"href":"https:\/\/roveyayinevi.com.tr\/index.php\/wp-json\/wp\/v2\/media?parent=729885"}],"wp:term":[{"taxonomy":"product_brand","embeddable":true,"href":"https:\/\/roveyayinevi.com.tr\/index.php\/wp-json\/wp\/v2\/product_brand?post=729885"},{"taxonomy":"product_cat","embeddable":true,"href":"https:\/\/roveyayinevi.com.tr\/index.php\/wp-json\/wp\/v2\/product_cat?post=729885"},{"taxonomy":"product_tag","embeddable":true,"href":"https:\/\/roveyayinevi.com.tr\/index.php\/wp-json\/wp\/v2\/product_tag?post=729885"}],"curies":[{"name":"wp","href":"https:\/\/api.w.org\/{rel}","templated":true}]}}