{"id":729884,"date":"2025-08-27T21:04:36","date_gmt":"2025-08-27T18:04:36","guid":{"rendered":"https:\/\/roveyayinevi.com.tr\/index.php\/urun\/insanin-yazisi-edebiyat\/"},"modified":"2026-04-16T02:37:35","modified_gmt":"2026-04-15T23:37:35","slug":"insanin-yazisi-edebiyat","status":"publish","type":"product","link":"https:\/\/roveyayinevi.com.tr\/index.php\/urun\/insanin-yazisi-edebiyat\/","title":{"rendered":"\u0130nsan\u0131n Yaz\u0131s\u0131 Edebiyat"},"content":{"rendered":"<p>\u0130nsan\u0131n Yaz\u0131s\u0131 Edebiyat \u201cEdebiyat Bir Hayat \u00dcsl\u00fbbudur Ya Da \u0130nsan\u0131n Kendine Has Hayat \u00dcsl\u00fbbunu Yakalamas\u0131 \u0130\u00e7in Gerekli T\u00fcm \u0130mk\u00e2nlar\u0131 \u0130nsana Sunan Bir Hayat K\u0131lavuzudur. Hepimizin Bu Hayat K\u0131lavuzunu \u0130yi Okuyup Anlamas\u0131; Anlad\u0131\u011f\u0131 \u0130le Kendine \u00d6zg\u00fc \u2018Kitap\u2019\u0131n\u0131 Yazmas\u0131 Ve Nihayetinde Eseri Olan Kitab\u0131na G\u00f6re Hayat\u0131 Anlaml\u0131 Ya\u015famas\u0131 Gerekir\u2026 Okumak, Yazmak Ve Ya\u015famak Budur.\u201d <\/p>\n","protected":false},"excerpt":{"rendered":"<p>\u0130nsan\u0131n Yaz\u0131s\u0131 Edebiyat \u201cEdebiyat Bir Hayat \u00dcsl\u00fbbudur Ya Da \u0130nsan\u0131n Kendine Has Hayat \u00dcsl\u00fbbunu Yakalamas\u0131 \u0130\u00e7in Gerekli T\u00fcm \u0130mk\u00e2nlar\u0131 \u0130nsana Sunan Bir Hayat K\u0131lavuzudur. Hepimizin Bu<span class=\"excerpt-hellip\"> [\u2026]<\/span><\/p>\n","protected":false},"featured_media":0,"template":"","meta":{"_monsterinsights_skip_tracking":false,"_monsterinsights_sitenote_active":false,"_monsterinsights_sitenote_note":"","_monsterinsights_sitenote_category":0},"product_brand":[],"product_cat":[12573,12566],"product_tag":[],"class_list":{"0":"post-729884","1":"product","2":"type-product","3":"status-publish","5":"product_cat-akademik-kitaplar","6":"product_cat-egitim","7":"pa_cilt-ciltsiz","8":"pa_tur-kitap","9":"pa_yayinevi-gulnar-yayinlari","10":"pa_yazar-rana-islam-degirmenci","12":"first","13":"instock","14":"sale","15":"shipping-taxable","16":"purchasable","17":"product-type-simple"},"_links":{"self":[{"href":"https:\/\/roveyayinevi.com.tr\/index.php\/wp-json\/wp\/v2\/product\/729884","targetHints":{"allow":["GET"]}}],"collection":[{"href":"https:\/\/roveyayinevi.com.tr\/index.php\/wp-json\/wp\/v2\/product"}],"about":[{"href":"https:\/\/roveyayinevi.com.tr\/index.php\/wp-json\/wp\/v2\/types\/product"}],"wp:attachment":[{"href":"https:\/\/roveyayinevi.com.tr\/index.php\/wp-json\/wp\/v2\/media?parent=729884"}],"wp:term":[{"taxonomy":"product_brand","embeddable":true,"href":"https:\/\/roveyayinevi.com.tr\/index.php\/wp-json\/wp\/v2\/product_brand?post=729884"},{"taxonomy":"product_cat","embeddable":true,"href":"https:\/\/roveyayinevi.com.tr\/index.php\/wp-json\/wp\/v2\/product_cat?post=729884"},{"taxonomy":"product_tag","embeddable":true,"href":"https:\/\/roveyayinevi.com.tr\/index.php\/wp-json\/wp\/v2\/product_tag?post=729884"}],"curies":[{"name":"wp","href":"https:\/\/api.w.org\/{rel}","templated":true}]}}