{"id":729882,"date":"2025-08-27T21:04:33","date_gmt":"2025-08-27T18:04:33","guid":{"rendered":"https:\/\/roveyayinevi.com.tr\/index.php\/urun\/ustu-kalsin-2\/"},"modified":"2026-04-16T02:37:35","modified_gmt":"2026-04-15T23:37:35","slug":"ustu-kalsin-2","status":"publish","type":"product","link":"https:\/\/roveyayinevi.com.tr\/index.php\/urun\/ustu-kalsin-2\/","title":{"rendered":"\u00dcst\u00fc Kals\u0131n"},"content":{"rendered":"<p>Garip bir bo\u015flu\u011fa b\u0131rakt\u0131m hayallerimi, Hayali bir ho\u015flu\u011fa. Ak\u0131l uyan desede y\u00fcrek ninni s\u00f6yl\u00fcyor. Bir r\u00fcya \u00e2leminde Nas\u0131l oluyor bilmiyorum M\u0131sra m\u0131sra y\u00fcz\u00fcyorum. K\u0131y\u0131 nerde ya da var m\u0131 bilmeden Yelkenlerim savruluyor Uzak diyarlardan gelen meltemi dinlerken. Ne d\u00fcnden ke\u015fke, Ne yar\u0131ndan kayg\u0131. S\u0131\u011f\u0131na\u011f\u0131m yok avu\u00e7lar\u0131mdaki y\u00fcre\u011fimden gayr\u0131. Son mu? Haz\u0131r\u0131m istedi\u011fi an gelsin, Hayata selam olsun yenemedim Ama yenilmedim de iyi bilsin. Mah\u015feride kurdum, \u0130lk hesab\u0131 kendime sordum. \u00c7izdim di\u011fer t\u00fcm hesaplar\u0131. \u0130stemem \u00fcst\u00fc kals\u0131n. Verece\u011fim yok ki alm\u0131\u015ft\u0131n\u0131z fazlas\u0131yla bir t\u00fcrl\u00fc. Dara\u011fac\u0131m s\u0131rt\u0131mda, Silinsin y\u00fcz\u00fcn\u00fcz mah\u015ferden \u00f6nce hat\u0131r\u0131mdan. Ne sitem ne veda etmiyorum, Yoktunuz ki ne m\u0131sram nede sat\u0131r\u0131mda. <\/p>\n","protected":false},"excerpt":{"rendered":"<p>Garip bir bo\u015flu\u011fa b\u0131rakt\u0131m hayallerimi, Hayali bir ho\u015flu\u011fa. Ak\u0131l uyan desede y\u00fcrek ninni s\u00f6yl\u00fcyor. Bir r\u00fcya \u00e2leminde Nas\u0131l oluyor bilmiyorum M\u0131sra m\u0131sra y\u00fcz\u00fcyorum. K\u0131y\u0131 nerde ya<span class=\"excerpt-hellip\"> [\u2026]<\/span><\/p>\n","protected":false},"featured_media":0,"template":"","meta":{"_monsterinsights_skip_tracking":false,"_monsterinsights_sitenote_active":false,"_monsterinsights_sitenote_note":"","_monsterinsights_sitenote_category":0},"product_brand":[],"product_cat":[12291,12509],"product_tag":[],"class_list":{"0":"post-729882","1":"product","2":"type-product","3":"status-publish","5":"product_cat-edebiyat","6":"product_cat-siir","7":"pa_cilt-ciltsiz","8":"pa_tur-kitap","9":"pa_yayinevi-gulnar-yayinlari","10":"pa_yazar-hulya-onder","12":"first","13":"instock","14":"sale","15":"shipping-taxable","16":"purchasable","17":"product-type-simple"},"_links":{"self":[{"href":"https:\/\/roveyayinevi.com.tr\/index.php\/wp-json\/wp\/v2\/product\/729882","targetHints":{"allow":["GET"]}}],"collection":[{"href":"https:\/\/roveyayinevi.com.tr\/index.php\/wp-json\/wp\/v2\/product"}],"about":[{"href":"https:\/\/roveyayinevi.com.tr\/index.php\/wp-json\/wp\/v2\/types\/product"}],"wp:attachment":[{"href":"https:\/\/roveyayinevi.com.tr\/index.php\/wp-json\/wp\/v2\/media?parent=729882"}],"wp:term":[{"taxonomy":"product_brand","embeddable":true,"href":"https:\/\/roveyayinevi.com.tr\/index.php\/wp-json\/wp\/v2\/product_brand?post=729882"},{"taxonomy":"product_cat","embeddable":true,"href":"https:\/\/roveyayinevi.com.tr\/index.php\/wp-json\/wp\/v2\/product_cat?post=729882"},{"taxonomy":"product_tag","embeddable":true,"href":"https:\/\/roveyayinevi.com.tr\/index.php\/wp-json\/wp\/v2\/product_tag?post=729882"}],"curies":[{"name":"wp","href":"https:\/\/api.w.org\/{rel}","templated":true}]}}