{"id":729879,"date":"2025-08-27T21:04:30","date_gmt":"2025-08-27T18:04:30","guid":{"rendered":"https:\/\/roveyayinevi.com.tr\/index.php\/urun\/psikoloji-sozlugu-2\/"},"modified":"2026-04-16T02:37:35","modified_gmt":"2026-04-15T23:37:35","slug":"psikoloji-sozlugu-2","status":"publish","type":"product","link":"https:\/\/roveyayinevi.com.tr\/index.php\/urun\/psikoloji-sozlugu-2\/","title":{"rendered":"Psikoloji S\u00f6zl\u00fc\u011f\u00fc"},"content":{"rendered":"<p>Her bir bilimsel alanda bilimsel bilginin daha anla\u015f\u0131l\u0131r ve payla\u015f\u0131labilir olmas\u0131 ortak bir terminolojinin varl\u0131\u011f\u0131yla yak\u0131ndan ilgilidir. Ancak ne yaz\u0131k ki \u00fclkemizde psikolojiyle ilgili halihaz\u0131rda ortak bir T\u00fcrk\u00e7e terminolojinin olmad\u0131\u011f\u0131n\u0131 belirtmek zorunday\u0131z. Bu \u00e7al\u0131\u015fmayla temel amac\u0131m\u0131z ortak bir terminolojiye do\u011fru ad\u0131m atmak olmu\u015ftur. Di\u011fer taraftan T\u00fcrk\u00e7e yaz\u0131nda bir\u00e7ok bilimsel makale ve kitaplar dahil olmak \u00fczere ayn\u0131 psikolojik terim farkl\u0131 T\u00fcrk\u00e7e kar\u015f\u0131l\u0131klarla kullan\u0131labilmektedir. Bu durum elbette psikoloji biliminin g\u00f6rece gen\u00e7 bir alan olmas\u0131yla ilgilidir. Bu nedenle a\u00e7\u0131klama gayreti i\u00e7erisinde oldu\u011fumuz her bir T\u00fcrk\u00e7e terimin \u0130ngilizce kar\u015f\u0131l\u0131\u011f\u0131n\u0131 da belirttik. Ayr\u0131ca \u0130ngilizce kaynaklardan faydalanan okurlara kolayl\u0131k sa\u011flamas\u0131 i\u00e7in \u0130ngilizce-T\u00fcrk\u00e7e Terimler S\u00f6zl\u00fc\u011f\u00fc ekledik. Fobilerin hem uygulamada hem teoride \u00e7ok\u00e7a kar\u015f\u0131la\u015f\u0131lan bir konu olmas\u0131 ve geni\u015f bir terminolojiye sahip olmas\u0131 nedeniyle Fobiler S\u00f6zl\u00fc\u011f\u00fcne yer verdik. Psikoloji biliminin in\u015fas\u0131na katk\u0131da bulunan bilim insanlar\u0131 ve ili\u015fkili kimi olgulara kronolojik olarak Tarihte Psikoloji k\u0131sm\u0131nda yer vermeye \u00e7al\u0131\u015ft\u0131k. Psikoloji ve ili\u015fkili alanlarda \u00f6\u011frenim g\u00f6ren veya ilgi duyan okurlar\u0131n faydalanabilmesi dile\u011fiyle. <\/p>\n","protected":false},"excerpt":{"rendered":"<p>Her bir bilimsel alanda bilimsel bilginin daha anla\u015f\u0131l\u0131r ve payla\u015f\u0131labilir olmas\u0131 ortak bir terminolojinin varl\u0131\u011f\u0131yla yak\u0131ndan ilgilidir. Ancak ne yaz\u0131k ki \u00fclkemizde psikolojiyle ilgili halihaz\u0131rda ortak<span class=\"excerpt-hellip\"> [\u2026]<\/span><\/p>\n","protected":false},"featured_media":0,"template":"","meta":{"_monsterinsights_skip_tracking":false,"_monsterinsights_sitenote_active":false,"_monsterinsights_sitenote_note":"","_monsterinsights_sitenote_category":0},"product_brand":[],"product_cat":[12755,12357],"product_tag":[],"class_list":{"0":"post-729879","1":"product","2":"type-product","3":"status-publish","5":"product_cat-gelisim-psikolojisi","6":"product_cat-psikoloji","7":"pa_cilt-ciltsiz","8":"pa_tur-kitap","9":"pa_yayinevi-pinhan-yayincilik","10":"pa_yazar-guncel-masarogullari-muhammet-kocakgol","12":"first","13":"instock","14":"sale","15":"shipping-taxable","16":"purchasable","17":"product-type-simple"},"_links":{"self":[{"href":"https:\/\/roveyayinevi.com.tr\/index.php\/wp-json\/wp\/v2\/product\/729879","targetHints":{"allow":["GET"]}}],"collection":[{"href":"https:\/\/roveyayinevi.com.tr\/index.php\/wp-json\/wp\/v2\/product"}],"about":[{"href":"https:\/\/roveyayinevi.com.tr\/index.php\/wp-json\/wp\/v2\/types\/product"}],"wp:attachment":[{"href":"https:\/\/roveyayinevi.com.tr\/index.php\/wp-json\/wp\/v2\/media?parent=729879"}],"wp:term":[{"taxonomy":"product_brand","embeddable":true,"href":"https:\/\/roveyayinevi.com.tr\/index.php\/wp-json\/wp\/v2\/product_brand?post=729879"},{"taxonomy":"product_cat","embeddable":true,"href":"https:\/\/roveyayinevi.com.tr\/index.php\/wp-json\/wp\/v2\/product_cat?post=729879"},{"taxonomy":"product_tag","embeddable":true,"href":"https:\/\/roveyayinevi.com.tr\/index.php\/wp-json\/wp\/v2\/product_tag?post=729879"}],"curies":[{"name":"wp","href":"https:\/\/api.w.org\/{rel}","templated":true}]}}