{"id":729878,"date":"2025-08-27T21:04:30","date_gmt":"2025-08-27T18:04:30","guid":{"rendered":"https:\/\/roveyayinevi.com.tr\/index.php\/urun\/armaganin-fenomenolojisi\/"},"modified":"2026-04-16T02:37:35","modified_gmt":"2026-04-15T23:37:35","slug":"armaganin-fenomenolojisi","status":"publish","type":"product","link":"https:\/\/roveyayinevi.com.tr\/index.php\/urun\/armaganin-fenomenolojisi\/","title":{"rendered":"Arma\u011fan\u0131n Fenomenolojisi"},"content":{"rendered":"<p>Felsefe tarihinin b\u00fcy\u00fck sistem felsefeleri i\u00e7inde \u201carma\u011fan\u201d, hi\u00e7bir zaman birincil ve merkezi bir ara\u015ft\u0131rma konusu olarak ele al\u0131nmam\u0131\u015ft\u0131r. Bu anlamda arma\u011fana, arma\u011fan\u0131n ne oldu\u011funa ve arma\u011fan\u0131n fenomenolojisine ili\u015fkin tart\u0131\u015fma, her ne kadar tarihsel olarak daha gerilerdeki felsefi s\u00f6ylemlerle k\u0131smen ili\u015fkilendirilebilecek olsa da, en temelde 20. y\u00fczy\u0131la ve onun d\u00fc\u015f\u00fcnme alan\u0131na aittir. \u0130lginin, oda\u011f\u0131n, merak\u0131n arma\u011fan \u00fczerine y\u00f6neldi\u011fi, d\u00f6nd\u00fc\u011f\u00fc vakit 20. y\u00fczy\u0131ld\u0131r ve arma\u011fana ili\u015fkin farkl\u0131 yakla\u015f\u0131mlar ve tart\u0131\u015fmalar\u0131 ele al\u0131rken, konuya ili\u015fkin b\u00fcy\u00fck resmi olu\u015fturan bu tarihsel, genel karakteristik \u00e7er\u00e7eve her zaman hat\u0131rlanmal\u0131d\u0131r. Arma\u011fan sorunu sadece arma\u011fanla ilgili de\u011fildir. Yani, arma\u011fan\u0131 kendi d\u00fc\u015f\u00fcnmelerinin konusu h\u00e2line getiren ve burada metinleri \u00e7evrilerek sunulmu\u015f olan t\u00fcm bilim insan\u0131, d\u00fc\u015f\u00fcn\u00fcr ve filozoflar, \u00f6yle ya da b\u00f6yle bir bi\u00e7imde, arma\u011fan \u00fczerine d\u00fc\u015f\u00fcn\u00fcrken asl\u0131nda, ya arma\u011fan\u0131n yan\u0131 s\u0131ra ba\u015fka \u015feyleri de d\u00fc\u015f\u00fcn\u00fcr, ya da as\u0131l olarak ba\u015fka \u015feyleri d\u00fc\u015f\u00fcnmeye \u00e7al\u0131\u015f\u0131rken arma\u011fan \u00fczerine d\u00fc\u015f\u00fcnmeye de y\u00f6nelirler.<\/p>\n","protected":false},"excerpt":{"rendered":"<p>Felsefe tarihinin b\u00fcy\u00fck sistem felsefeleri i\u00e7inde \u201carma\u011fan\u201d, hi\u00e7bir zaman birincil ve merkezi bir ara\u015ft\u0131rma konusu olarak ele al\u0131nmam\u0131\u015ft\u0131r. Bu anlamda arma\u011fana, arma\u011fan\u0131n ne oldu\u011funa ve arma\u011fan\u0131n<span class=\"excerpt-hellip\"> [\u2026]<\/span><\/p>\n","protected":false},"featured_media":0,"template":"","meta":{"_monsterinsights_skip_tracking":false,"_monsterinsights_sitenote_active":false,"_monsterinsights_sitenote_note":"","_monsterinsights_sitenote_category":0},"product_brand":[],"product_cat":[12389,12388],"product_tag":[],"class_list":{"0":"post-729878","1":"product","2":"type-product","3":"status-publish","5":"product_cat-diger-felsefe","6":"product_cat-felsefe","7":"pa_cilt-ciltsiz","8":"pa_tur-kitap","9":"pa_yayinevi-pinhan-yayincilik","10":"pa_yazar-pinhan-yayincilik-kolektif","12":"first","13":"instock","14":"sale","15":"shipping-taxable","16":"purchasable","17":"product-type-simple"},"_links":{"self":[{"href":"https:\/\/roveyayinevi.com.tr\/index.php\/wp-json\/wp\/v2\/product\/729878","targetHints":{"allow":["GET"]}}],"collection":[{"href":"https:\/\/roveyayinevi.com.tr\/index.php\/wp-json\/wp\/v2\/product"}],"about":[{"href":"https:\/\/roveyayinevi.com.tr\/index.php\/wp-json\/wp\/v2\/types\/product"}],"wp:attachment":[{"href":"https:\/\/roveyayinevi.com.tr\/index.php\/wp-json\/wp\/v2\/media?parent=729878"}],"wp:term":[{"taxonomy":"product_brand","embeddable":true,"href":"https:\/\/roveyayinevi.com.tr\/index.php\/wp-json\/wp\/v2\/product_brand?post=729878"},{"taxonomy":"product_cat","embeddable":true,"href":"https:\/\/roveyayinevi.com.tr\/index.php\/wp-json\/wp\/v2\/product_cat?post=729878"},{"taxonomy":"product_tag","embeddable":true,"href":"https:\/\/roveyayinevi.com.tr\/index.php\/wp-json\/wp\/v2\/product_tag?post=729878"}],"curies":[{"name":"wp","href":"https:\/\/api.w.org\/{rel}","templated":true}]}}