{"id":729877,"date":"2025-08-27T21:04:29","date_gmt":"2025-08-27T18:04:29","guid":{"rendered":"https:\/\/roveyayinevi.com.tr\/index.php\/urun\/tanri-ile-dostluk\/"},"modified":"2026-04-16T02:37:35","modified_gmt":"2026-04-15T23:37:35","slug":"tanri-ile-dostluk","status":"publish","type":"product","link":"https:\/\/roveyayinevi.com.tr\/index.php\/urun\/tanri-ile-dostluk\/","title":{"rendered":"Tanr\u0131 ile Dostluk"},"content":{"rendered":"<p>\u00c7o\u011fu insan Tanr\u0131\u2019ya inan\u0131r, bilmedikleri \u015feyse  Tanr\u0131\u2019n\u0131n da onlara inand\u0131\u011f\u0131d\u0131r.Neale Donald Walsch\u2019\u0131n vermek istedi\u011fi mesaj\u0131n \u00f6z\u00fc, inanc\u0131n kalbinde, her insan\u0131n Tanr\u0131s\u0131\u2019yla yaln\u0131z kald\u0131\u011f\u0131 o kutsal yerde sakl\u0131. Walsch hepimizi, her yerde olan ve yapt\u0131\u011f\u0131m\u0131z her \u015feyde bizimle konu\u015fan bir Tanr\u0131\u2019yla benzersiz bir ili\u015fki kurmaya \u00e7a\u011f\u0131r\u0131yor. Bu \u00e7a\u011fr\u0131y\u0131 dinlemek ve Tanr\u0131\u2019yla konu\u015fmaya ba\u015flamak ise bize kalm\u0131\u015f&#8230; Unutmamal\u0131y\u0131z ki sohbet etmek, her ili\u015fkide oldu\u011fu gibi, g\u00fcven vermek ya da arkada\u015fl\u0131k kurmak i\u00e7in at\u0131lan ilk ad\u0131md\u0131r.Bu kitap bizleri, Yarat\u0131c\u0131\u2019yla kurdu\u011fumuz ba\u011flar\u0131 derinle\u015ftirmeye ve g\u00fc\u00e7lendirmeye y\u00f6nlendirirken kalbimizin arzusunu da onurland\u0131r\u0131yor: Daha yak\u0131n, daha zengin ve daha dolu bir ba\u011flant\u0131 sayesinde Tanr\u0131 ile dost olmak&#8230; <\/p>\n","protected":false},"excerpt":{"rendered":"<p>\u00c7o\u011fu insan Tanr\u0131\u2019ya inan\u0131r, bilmedikleri \u015feyse Tanr\u0131\u2019n\u0131n da onlara inand\u0131\u011f\u0131d\u0131r.Neale Donald Walsch\u2019\u0131n vermek istedi\u011fi mesaj\u0131n \u00f6z\u00fc, inanc\u0131n kalbinde, her insan\u0131n Tanr\u0131s\u0131\u2019yla yaln\u0131z kald\u0131\u011f\u0131 o kutsal yerde<span class=\"excerpt-hellip\"> [\u2026]<\/span><\/p>\n","protected":false},"featured_media":0,"template":"","meta":{"_monsterinsights_skip_tracking":false,"_monsterinsights_sitenote_active":false,"_monsterinsights_sitenote_note":"","_monsterinsights_sitenote_category":0},"product_brand":[],"product_cat":[12364,12376],"product_tag":[],"class_list":{"0":"post-729877","1":"product","2":"type-product","3":"status-publish","5":"product_cat-genel-konular","6":"product_cat-kisisel-gelisim","7":"pa_cilt-ciltsiz","8":"pa_tur-kitap","9":"pa_yayinevi-nemesis-kitap","10":"pa_yazar-neale-donald-walsch","12":"first","13":"instock","14":"sale","15":"shipping-taxable","16":"purchasable","17":"product-type-simple"},"_links":{"self":[{"href":"https:\/\/roveyayinevi.com.tr\/index.php\/wp-json\/wp\/v2\/product\/729877","targetHints":{"allow":["GET"]}}],"collection":[{"href":"https:\/\/roveyayinevi.com.tr\/index.php\/wp-json\/wp\/v2\/product"}],"about":[{"href":"https:\/\/roveyayinevi.com.tr\/index.php\/wp-json\/wp\/v2\/types\/product"}],"wp:attachment":[{"href":"https:\/\/roveyayinevi.com.tr\/index.php\/wp-json\/wp\/v2\/media?parent=729877"}],"wp:term":[{"taxonomy":"product_brand","embeddable":true,"href":"https:\/\/roveyayinevi.com.tr\/index.php\/wp-json\/wp\/v2\/product_brand?post=729877"},{"taxonomy":"product_cat","embeddable":true,"href":"https:\/\/roveyayinevi.com.tr\/index.php\/wp-json\/wp\/v2\/product_cat?post=729877"},{"taxonomy":"product_tag","embeddable":true,"href":"https:\/\/roveyayinevi.com.tr\/index.php\/wp-json\/wp\/v2\/product_tag?post=729877"}],"curies":[{"name":"wp","href":"https:\/\/api.w.org\/{rel}","templated":true}]}}