{"id":729876,"date":"2025-08-27T21:04:28","date_gmt":"2025-08-27T18:04:28","guid":{"rendered":"https:\/\/roveyayinevi.com.tr\/index.php\/urun\/hukuki-ve-sosyal-boyutlariyla-isci-benzeri-calisan-kavrami\/"},"modified":"2026-04-16T02:37:35","modified_gmt":"2026-04-15T23:37:35","slug":"hukuki-ve-sosyal-boyutlariyla-isci-benzeri-calisan-kavrami","status":"publish","type":"product","link":"https:\/\/roveyayinevi.com.tr\/index.php\/urun\/hukuki-ve-sosyal-boyutlariyla-isci-benzeri-calisan-kavrami\/","title":{"rendered":"Hukuki ve Sosyal Boyutlar\u0131yla \u0130\u015f\u00e7i Benzeri \u00c7al\u0131\u015fan Kavram\u0131"},"content":{"rendered":"<p>1- \u0130\u015f\u00e7i Benzeri \u00c7al\u0131\u015fan a.Tarihi Geli\u015fim b.Terminoloji c. Kavram 2- \u0130\u015f\u00e7i Benzeri \u00c7al\u0131\u015fan Kavram\u0131na Duyulan \u0130htiyac\u0131n Hukuki ve Sosyal Temelleri a.\u0130\u015f\u00e7ilik Haklar\u0131n\u0131n Kullan\u0131lamamas\u0131 b.\u0130\u015fverenin \u00dc\u00e7\u00fcnc\u00fc Ki\u015filere Kar\u015f\u0131 Sorumlulu\u011fun Ortadan Kalkmas\u0131 c. Usul Ekonomisi \u0130lkesinin Uygulanamamas\u0131 d. Sosyal Politikilar\u0131n Olu\u015fturulmas\u0131nda Yetersiz Kal\u0131nmas\u0131 e. G\u00fcvenceli \u0130\u015flerin Azalmas\u0131 f. \u00dccretlerin Yap\u0131s\u0131nda ve Gelir Da\u011f\u0131l\u0131m\u0131nda Dengesizlik g. Sendikala\u015fma ve Toplu S\u00f6zle\u015fme S\u00fcrecine Kat\u0131l\u0131m Sorunlar\u0131 h.\u0130stihdama Kat\u0131l\u0131m\u0131n Zorla\u015fmas\u0131 i.Vergilendirmede Adaletsizlik 3-\u0130\u015f\u00e7i Benzeri \u00c7al\u0131\u015fan Kavram\u0131na Bir \u00d6rnek : Franchise Alan a. Franchise S\u00f6zle\u015fmesi Franchise Alan\u0131n \u0130\u015f\u00e7i Benzeri \u00c7al\u0131\u015fan Niteli\u011fi<\/p>\n","protected":false},"excerpt":{"rendered":"<p>1- \u0130\u015f\u00e7i Benzeri \u00c7al\u0131\u015fan a.Tarihi Geli\u015fim b.Terminoloji c. Kavram 2- \u0130\u015f\u00e7i Benzeri \u00c7al\u0131\u015fan Kavram\u0131na Duyulan \u0130htiyac\u0131n Hukuki ve Sosyal Temelleri a.\u0130\u015f\u00e7ilik Haklar\u0131n\u0131n Kullan\u0131lamamas\u0131 b.\u0130\u015fverenin \u00dc\u00e7\u00fcnc\u00fc Ki\u015filere<span class=\"excerpt-hellip\"> [\u2026]<\/span><\/p>\n","protected":false},"featured_media":0,"template":"","meta":{"_monsterinsights_skip_tracking":false,"_monsterinsights_sitenote_active":false,"_monsterinsights_sitenote_note":"","_monsterinsights_sitenote_category":0},"product_brand":[],"product_cat":[15350,17602],"product_tag":[],"class_list":{"0":"post-729876","1":"product","2":"type-product","3":"status-publish","5":"product_cat-hukuk","6":"product_cat-hukuk-uzerine","7":"pa_cilt-ciltsiz","8":"pa_tur-kitap","9":"pa_yayinevi-gazi-kitabevi","10":"pa_yazar-abdullah-erol","12":"first","13":"instock","14":"sale","15":"shipping-taxable","16":"purchasable","17":"product-type-simple"},"_links":{"self":[{"href":"https:\/\/roveyayinevi.com.tr\/index.php\/wp-json\/wp\/v2\/product\/729876","targetHints":{"allow":["GET"]}}],"collection":[{"href":"https:\/\/roveyayinevi.com.tr\/index.php\/wp-json\/wp\/v2\/product"}],"about":[{"href":"https:\/\/roveyayinevi.com.tr\/index.php\/wp-json\/wp\/v2\/types\/product"}],"wp:attachment":[{"href":"https:\/\/roveyayinevi.com.tr\/index.php\/wp-json\/wp\/v2\/media?parent=729876"}],"wp:term":[{"taxonomy":"product_brand","embeddable":true,"href":"https:\/\/roveyayinevi.com.tr\/index.php\/wp-json\/wp\/v2\/product_brand?post=729876"},{"taxonomy":"product_cat","embeddable":true,"href":"https:\/\/roveyayinevi.com.tr\/index.php\/wp-json\/wp\/v2\/product_cat?post=729876"},{"taxonomy":"product_tag","embeddable":true,"href":"https:\/\/roveyayinevi.com.tr\/index.php\/wp-json\/wp\/v2\/product_tag?post=729876"}],"curies":[{"name":"wp","href":"https:\/\/api.w.org\/{rel}","templated":true}]}}