{"id":729874,"date":"2025-08-27T21:04:26","date_gmt":"2025-08-27T18:04:26","guid":{"rendered":"https:\/\/roveyayinevi.com.tr\/index.php\/urun\/alaattin-dede-ve-aycan-4-kitap-set\/"},"modified":"2026-04-16T02:37:35","modified_gmt":"2026-04-15T23:37:35","slug":"alaattin-dede-ve-aycan-4-kitap-set","status":"publish","type":"product","link":"https:\/\/roveyayinevi.com.tr\/index.php\/urun\/alaattin-dede-ve-aycan-4-kitap-set\/","title":{"rendered":"Alaattin Dede Ve Aycan (4 Kitap Set)"},"content":{"rendered":"<p>De\u011ferlerimizi \u00e7ocuklar\u0131m\u0131za kazand\u0131rmak i\u00e7in ailenin, toplumun ve e\u011fitimcilerin \u00f6nemli g\u00f6revleri bulunmaktad\u0131r. De\u011ferler e\u011fitimi verirken \u201cBiz b\u00fcy\u00fckler, \u00e7ocuklara iyi model olabiliyor muyuz?\u201d sorusunu kendimize sormal\u0131y\u0131z.     Annelerimiz, babalar\u0131m\u0131z, dedelerimiz, ninelerimiz \u00e7ocuklu\u011fumuzun en g\u00fczel hat\u0131ralar\u0131nda yer al\u0131r. Hayat\u0131n i\u00e7inde b\u00fcy\u00fcklerimizden ne \u00e7ok \u015fey \u00f6\u011frenmi\u015fiz ve onlar\u0131 model alm\u0131\u015f\u0131zd\u0131r. Her \u015feyden \u00f6nemlisi onlar; kalbimize dokunmu\u015f, bizlere ku\u015faktan ku\u015fa\u011fa anlataca\u011f\u0131m\u0131z s\u0131cac\u0131k an\u0131lar b\u0131rakm\u0131\u015flard\u0131r. Kitab\u0131m\u0131zda  i\u00e7imizi \u0131s\u0131tacak s\u0131cac\u0131k an\u0131larla dolu. \u201cAlaattin Dede ve Aycan D\u00f6rt Mevsim D\u00f6rt De\u011fer\u201d serisi; sevgili \u00e7ocuklar\u0131m\u0131z\u0131n de\u011ferleri i\u00e7selle\u015ftirmeleri ve bu de\u011ferleri gelecek nesillere aktarmak i\u00e7in Alaattin Dede ve Aycan\u2019\u0131n maceralar\u0131n\u0131 bize anlatmaktad\u0131r. Alaattin Dede\u2019den \u00f6\u011frenece\u011fimiz daha \u00e7ok \u015fey var.     <\/p>\n","protected":false},"excerpt":{"rendered":"<p>De\u011ferlerimizi \u00e7ocuklar\u0131m\u0131za kazand\u0131rmak i\u00e7in ailenin, toplumun ve e\u011fitimcilerin \u00f6nemli g\u00f6revleri bulunmaktad\u0131r. De\u011ferler e\u011fitimi verirken \u201cBiz b\u00fcy\u00fckler, \u00e7ocuklara iyi model olabiliyor muyuz?\u201d sorusunu kendimize sormal\u0131y\u0131z. Annelerimiz, babalar\u0131m\u0131z,<span class=\"excerpt-hellip\"> [\u2026]<\/span><\/p>\n","protected":false},"featured_media":0,"template":"","meta":{"_monsterinsights_skip_tracking":false,"_monsterinsights_sitenote_active":false,"_monsterinsights_sitenote_note":"","_monsterinsights_sitenote_category":0},"product_brand":[],"product_cat":[12274,12284],"product_tag":[],"class_list":{"0":"post-729874","1":"product","2":"type-product","3":"status-publish","5":"product_cat-cocuk-ve-genclik-kitaplari","6":"product_cat-hikayeler","7":"pa_cilt-set","8":"pa_tur-kitap","9":"pa_yayinevi-us-yayinlari","10":"pa_yazar-demet-karakaya","12":"first","13":"instock","14":"sale","15":"shipping-taxable","16":"purchasable","17":"product-type-simple"},"_links":{"self":[{"href":"https:\/\/roveyayinevi.com.tr\/index.php\/wp-json\/wp\/v2\/product\/729874","targetHints":{"allow":["GET"]}}],"collection":[{"href":"https:\/\/roveyayinevi.com.tr\/index.php\/wp-json\/wp\/v2\/product"}],"about":[{"href":"https:\/\/roveyayinevi.com.tr\/index.php\/wp-json\/wp\/v2\/types\/product"}],"wp:attachment":[{"href":"https:\/\/roveyayinevi.com.tr\/index.php\/wp-json\/wp\/v2\/media?parent=729874"}],"wp:term":[{"taxonomy":"product_brand","embeddable":true,"href":"https:\/\/roveyayinevi.com.tr\/index.php\/wp-json\/wp\/v2\/product_brand?post=729874"},{"taxonomy":"product_cat","embeddable":true,"href":"https:\/\/roveyayinevi.com.tr\/index.php\/wp-json\/wp\/v2\/product_cat?post=729874"},{"taxonomy":"product_tag","embeddable":true,"href":"https:\/\/roveyayinevi.com.tr\/index.php\/wp-json\/wp\/v2\/product_tag?post=729874"}],"curies":[{"name":"wp","href":"https:\/\/api.w.org\/{rel}","templated":true}]}}