{"id":729872,"date":"2025-08-27T21:04:25","date_gmt":"2025-08-27T18:04:25","guid":{"rendered":"https:\/\/roveyayinevi.com.tr\/index.php\/urun\/sinir-cizmek-ozgurlestirir\/"},"modified":"2026-04-16T02:37:35","modified_gmt":"2026-04-15T23:37:35","slug":"sinir-cizmek-ozgurlestirir","status":"publish","type":"product","link":"https:\/\/roveyayinevi.com.tr\/index.php\/urun\/sinir-cizmek-ozgurlestirir\/","title":{"rendered":"S\u0131n\u0131r \u00c7izmek \u00d6zg\u00fcrle\u015ftirir"},"content":{"rendered":"<p>Gerekli s\u0131n\u0131rlar\u0131 \u00e7izmedi\u011finiz i\u00e7in omuzlar\u0131n\u0131zda ka\u00e7 ki\u015finin y\u00fck\u00fcn\u00fc ta\u015f\u0131yorsunuz, fark\u0131nda m\u0131s\u0131n\u0131z? Ve s\u0131n\u0131rlar\u0131n\u0131z\u0131 ihlal edenin herkesten \u00f6nce kendiniz oldu\u011funu biliyor musunuz? S\u0131n\u0131r \u00e7izmenin \u00e7at\u0131\u015fmaya, huzursuzlu\u011fa yol a\u00e7aca\u011f\u0131 veya bencilce bir davran\u0131\u015f olaca\u011f\u0131 kayg\u0131s\u0131yla mutsuz olan insan \u00e7oktur. E\u011fer a\u015fa\u011f\u0131daki gibi durumlar ya\u015f\u0131yorsan\u0131z baz\u0131 s\u0131n\u0131rlar \u00e7izmenin zaman\u0131 gelmi\u015ftir:  Ba\u015fkalar\u0131n\u0131n davran\u0131\u015flar\u0131 sonucunda s\u0131k s\u0131k kendinizi kurban gibi hissediyorsan\u0131z, Hayat\u0131n\u0131zda \u00e7ok az mahremiyet oldu\u011funu d\u00fc\u015f\u00fcn\u00fcyorsan\u0131z,Birlikte olaca\u011f\u0131n\u0131z zaman genelde planlar\u0131 di\u011ferlerinin yapmas\u0131na izin veriyor; gidilecek filmi, restoran\u0131, tatil yerini onlar\u0131n se\u00e7imine b\u0131rak\u0131yorsan\u0131z, Biri sizi (bilerek ya da bilmeden) incitti\u011finde ya da aldatt\u0131\u011f\u0131nda hi\u00e7bir \u015fey s\u00f6ylememeyi tercih ediyorsan\u0131z,Kendinizden \u00f6nce ba\u015fkalar\u0131n\u0131 d\u00fc\u015f\u00fcnmenin erdemli oldu\u011funa inan\u0131yor ve kendi arzular\u0131n\u0131z\u0131 ortaya koydu\u011funuzda k\u00f6t\u00fc ya da bencil biriymi\u015f gibi hissediyorsan\u0131z,  \u0130htiya\u00e7lar\u0131n\u0131z\u0131 g\u00f6z \u00f6n\u00fcnde bulundurmad\u0131klar\u0131 i\u00e7in birilerine s\u0131k s\u0131k i\u00e7erliyorsan\u0131z, Hayat\u0131n\u0131zdaki baz\u0131 insanlara asla s\u0131n\u0131r koyamayaca\u011f\u0131n\u0131zdan eminseniz\u2026 S\u0131n\u0131rlar\u0131n\u0131z\u0131 \u00e7izdi\u011finizde ba\u015fkalar\u0131n\u0131n size dayatt\u0131\u011f\u0131 de\u011fil kendi istedi\u011finiz hayat\u0131 ya\u015fama \u015fans\u0131n\u0131 elde edersiniz. Nancy Levin b\u00f6ylesi bir hayata giden yollar\u0131 g\u00f6sterirken \u00e7e\u015fitli egzersizler ve somut \u00f6rneklerle pratik olarak da rehberlik yapmay\u0131 ihmal etmiyor<\/p>\n","protected":false},"excerpt":{"rendered":"<p>Gerekli s\u0131n\u0131rlar\u0131 \u00e7izmedi\u011finiz i\u00e7in omuzlar\u0131n\u0131zda ka\u00e7 ki\u015finin y\u00fck\u00fcn\u00fc ta\u015f\u0131yorsunuz, fark\u0131nda m\u0131s\u0131n\u0131z? Ve s\u0131n\u0131rlar\u0131n\u0131z\u0131 ihlal edenin herkesten \u00f6nce kendiniz oldu\u011funu biliyor musunuz? S\u0131n\u0131r \u00e7izmenin \u00e7at\u0131\u015fmaya, huzursuzlu\u011fa yol<span class=\"excerpt-hellip\"> [\u2026]<\/span><\/p>\n","protected":false},"featured_media":0,"template":"","meta":{"_monsterinsights_skip_tracking":false,"_monsterinsights_sitenote_active":false,"_monsterinsights_sitenote_note":"","_monsterinsights_sitenote_category":0},"product_brand":[],"product_cat":[15983,13488],"product_tag":[],"class_list":{"0":"post-729872","1":"product","2":"type-product","3":"status-publish","5":"product_cat-iletisim-ve-medya","6":"product_cat-toplum-ve-insan","7":"pa_cilt-ciltsiz","8":"pa_tur-kitap","9":"pa_yayinevi-kuraldisi-yayinevi","10":"pa_yazar-nancy-levin","12":"first","13":"instock","14":"sale","15":"shipping-taxable","16":"purchasable","17":"product-type-simple"},"_links":{"self":[{"href":"https:\/\/roveyayinevi.com.tr\/index.php\/wp-json\/wp\/v2\/product\/729872","targetHints":{"allow":["GET"]}}],"collection":[{"href":"https:\/\/roveyayinevi.com.tr\/index.php\/wp-json\/wp\/v2\/product"}],"about":[{"href":"https:\/\/roveyayinevi.com.tr\/index.php\/wp-json\/wp\/v2\/types\/product"}],"wp:attachment":[{"href":"https:\/\/roveyayinevi.com.tr\/index.php\/wp-json\/wp\/v2\/media?parent=729872"}],"wp:term":[{"taxonomy":"product_brand","embeddable":true,"href":"https:\/\/roveyayinevi.com.tr\/index.php\/wp-json\/wp\/v2\/product_brand?post=729872"},{"taxonomy":"product_cat","embeddable":true,"href":"https:\/\/roveyayinevi.com.tr\/index.php\/wp-json\/wp\/v2\/product_cat?post=729872"},{"taxonomy":"product_tag","embeddable":true,"href":"https:\/\/roveyayinevi.com.tr\/index.php\/wp-json\/wp\/v2\/product_tag?post=729872"}],"curies":[{"name":"wp","href":"https:\/\/api.w.org\/{rel}","templated":true}]}}