{"id":729870,"date":"2025-08-27T21:04:22","date_gmt":"2025-08-27T18:04:22","guid":{"rendered":"https:\/\/roveyayinevi.com.tr\/index.php\/urun\/gokyuzu-kizi\/"},"modified":"2026-04-16T02:37:35","modified_gmt":"2026-04-15T23:37:35","slug":"gokyuzu-kizi","status":"publish","type":"product","link":"https:\/\/roveyayinevi.com.tr\/index.php\/urun\/gokyuzu-kizi\/","title":{"rendered":"G\u00f6ky\u00fcz\u00fc K\u0131z\u0131"},"content":{"rendered":"<p>Bulutlar\u0131n \u00fczerine \u00e7\u0131kmaya haz\u0131r m\u0131s\u0131n? Orada b\u00fcy\u00fcl\u00fc bir d\u00fcnya seni bekliyor. G\u00f6klerin en g\u00fczel k\u0131z\u0131 Silya, hayatta en \u00e7ok yery\u00fcz\u00fcn\u00fc merak ediyor. Ve bunun i\u00e7in her \u015feyi g\u00f6ze al\u0131p tehlikeli bir yolculu\u011fa \u00e7\u0131k\u0131yor. Bir pelikan\u0131n a\u011fz\u0131nda, mor bulutlar\u0131n, korkun\u00e7 \u015fim\u015feklerin aras\u0131nda bulutlar kap\u0131s\u0131na vard\u0131\u011f\u0131nda soluksuz macera ba\u015fl\u0131yor\u2026 <\/p>\n","protected":false},"excerpt":{"rendered":"<p>Bulutlar\u0131n \u00fczerine \u00e7\u0131kmaya haz\u0131r m\u0131s\u0131n? Orada b\u00fcy\u00fcl\u00fc bir d\u00fcnya seni bekliyor. G\u00f6klerin en g\u00fczel k\u0131z\u0131 Silya, hayatta en \u00e7ok yery\u00fcz\u00fcn\u00fc merak ediyor. Ve bunun i\u00e7in her<span class=\"excerpt-hellip\"> [\u2026]<\/span><\/p>\n","protected":false},"featured_media":0,"template":"","meta":{"_monsterinsights_skip_tracking":false,"_monsterinsights_sitenote_active":false,"_monsterinsights_sitenote_note":"","_monsterinsights_sitenote_category":0},"product_brand":[],"product_cat":[12913,12274],"product_tag":[],"class_list":{"0":"post-729870","1":"product","2":"type-product","3":"status-publish","5":"product_cat-3-6-yas-kitaplari","6":"product_cat-cocuk-ve-genclik-kitaplari","7":"pa_cilt-ciltsiz","8":"pa_tur-kitap","9":"pa_yayinevi-mandolin-yayinlari","10":"pa_yazar-ezgi-turk","12":"first","13":"instock","14":"sale","15":"shipping-taxable","16":"purchasable","17":"product-type-simple"},"_links":{"self":[{"href":"https:\/\/roveyayinevi.com.tr\/index.php\/wp-json\/wp\/v2\/product\/729870","targetHints":{"allow":["GET"]}}],"collection":[{"href":"https:\/\/roveyayinevi.com.tr\/index.php\/wp-json\/wp\/v2\/product"}],"about":[{"href":"https:\/\/roveyayinevi.com.tr\/index.php\/wp-json\/wp\/v2\/types\/product"}],"wp:attachment":[{"href":"https:\/\/roveyayinevi.com.tr\/index.php\/wp-json\/wp\/v2\/media?parent=729870"}],"wp:term":[{"taxonomy":"product_brand","embeddable":true,"href":"https:\/\/roveyayinevi.com.tr\/index.php\/wp-json\/wp\/v2\/product_brand?post=729870"},{"taxonomy":"product_cat","embeddable":true,"href":"https:\/\/roveyayinevi.com.tr\/index.php\/wp-json\/wp\/v2\/product_cat?post=729870"},{"taxonomy":"product_tag","embeddable":true,"href":"https:\/\/roveyayinevi.com.tr\/index.php\/wp-json\/wp\/v2\/product_tag?post=729870"}],"curies":[{"name":"wp","href":"https:\/\/api.w.org\/{rel}","templated":true}]}}