{"id":729868,"date":"2025-08-27T21:04:20","date_gmt":"2025-08-27T18:04:20","guid":{"rendered":"https:\/\/roveyayinevi.com.tr\/index.php\/urun\/karni-tok-ruhu-ac-cocuklar\/"},"modified":"2026-04-16T02:37:35","modified_gmt":"2026-04-15T23:37:35","slug":"karni-tok-ruhu-ac-cocuklar","status":"publish","type":"product","link":"https:\/\/roveyayinevi.com.tr\/index.php\/urun\/karni-tok-ruhu-ac-cocuklar\/","title":{"rendered":"Karn\u0131 Tok Ruhu A\u00e7 \u00c7ocuklar"},"content":{"rendered":"<p>\u00c7ocuklar\u0131m\u0131z\u0131 yeti\u015ftirmek yerine onlar\u0131n k\u00f6leleri olduk! \u00c7ocu\u011funuza nas\u0131l bir rol modelsiniz? Marka d\u00fc\u015fk\u00fcn\u00fc, g\u00f6steri\u015f budalas\u0131, sosyal medya ba\u011f\u0131ml\u0131s\u0131 olabilir misiniz? \u0130nternet \u00e7a\u011f\u0131nda do\u011fan \u00e7ocuklar\u0131 yeti\u015ftirmenin zorluklar\u0131 nelerdir? \u00c7ocu\u011funuzun nas\u0131l s\u0131n\u0131rlara ihtiyac\u0131 var? Kendine \u00e2\u015f\u0131k\/narsis nesiller mi yeti\u015fiyor? \u00c7ocu\u011funuzun duygusal a\u00e7l\u0131\u011f\u0131n\u0131 maddelerle mi gideriyorsunuz? Bu kitapla birlikte anne babal\u0131\u011f\u0131n\u0131za, \u00e7ocu\u011funuzun ruhsal geli\u015fimine dair soru ve sorunlar\u0131n\u0131za hayattan ve klinik vakalardan \u00f6rneklerle cevaplar bulacaks\u0131n\u0131z. Ger\u00e7ek terapi \u00f6yk\u00fclerinin de yer ald\u0131\u011f\u0131 bu kitapla hem ebeveyn olarak kendinizi hem de \u00e7ocu\u011funuzu daha yak\u0131ndan tan\u0131yacak, kendinizin ve \u00e7ocu\u011funuzun ruh sa\u011fl\u0131\u011f\u0131 yarar\u0131na b\u00fcy\u00fck bir ad\u0131m atm\u0131\u015f olacaks\u0131n\u0131z&#8230; Uzman Klinik Psikolog Fazilet Seyito\u011flu\u2019nun kaleme ald\u0131\u011f\u0131 bu kitap maddeyle kar\u0131nlar\u0131 doyurulmu\u015f \u00e7ocuklar\u0131n ruhlar\u0131n\u0131n ne \u015fekilde iyile\u015ftirilebilece\u011finin etkili ve g\u00fc\u00e7l\u00fc yollar\u0131n\u0131 ortaya koyuyor. <\/p>\n","protected":false},"excerpt":{"rendered":"<p>\u00c7ocuklar\u0131m\u0131z\u0131 yeti\u015ftirmek yerine onlar\u0131n k\u00f6leleri olduk! \u00c7ocu\u011funuza nas\u0131l bir rol modelsiniz? Marka d\u00fc\u015fk\u00fcn\u00fc, g\u00f6steri\u015f budalas\u0131, sosyal medya ba\u011f\u0131ml\u0131s\u0131 olabilir misiniz? \u0130nternet \u00e7a\u011f\u0131nda do\u011fan \u00e7ocuklar\u0131 yeti\u015ftirmenin zorluklar\u0131<span class=\"excerpt-hellip\"> [\u2026]<\/span><\/p>\n","protected":false},"featured_media":0,"template":"","meta":{"_monsterinsights_skip_tracking":false,"_monsterinsights_sitenote_active":false,"_monsterinsights_sitenote_note":"","_monsterinsights_sitenote_category":0},"product_brand":[],"product_cat":[12679,12357],"product_tag":[],"class_list":{"0":"post-729868","1":"product","2":"type-product","3":"status-publish","5":"product_cat-cocuk-psikolojisi","6":"product_cat-psikoloji","7":"pa_cilt-ciltsiz","8":"pa_tur-kitap","9":"pa_yayinevi-destek-yayinlari","10":"pa_yazar-fazilet-seyitoglu","12":"first","13":"instock","14":"sale","15":"shipping-taxable","16":"purchasable","17":"product-type-simple"},"_links":{"self":[{"href":"https:\/\/roveyayinevi.com.tr\/index.php\/wp-json\/wp\/v2\/product\/729868","targetHints":{"allow":["GET"]}}],"collection":[{"href":"https:\/\/roveyayinevi.com.tr\/index.php\/wp-json\/wp\/v2\/product"}],"about":[{"href":"https:\/\/roveyayinevi.com.tr\/index.php\/wp-json\/wp\/v2\/types\/product"}],"wp:attachment":[{"href":"https:\/\/roveyayinevi.com.tr\/index.php\/wp-json\/wp\/v2\/media?parent=729868"}],"wp:term":[{"taxonomy":"product_brand","embeddable":true,"href":"https:\/\/roveyayinevi.com.tr\/index.php\/wp-json\/wp\/v2\/product_brand?post=729868"},{"taxonomy":"product_cat","embeddable":true,"href":"https:\/\/roveyayinevi.com.tr\/index.php\/wp-json\/wp\/v2\/product_cat?post=729868"},{"taxonomy":"product_tag","embeddable":true,"href":"https:\/\/roveyayinevi.com.tr\/index.php\/wp-json\/wp\/v2\/product_tag?post=729868"}],"curies":[{"name":"wp","href":"https:\/\/api.w.org\/{rel}","templated":true}]}}