{"id":729867,"date":"2025-08-27T21:04:20","date_gmt":"2025-08-27T18:04:20","guid":{"rendered":"https:\/\/roveyayinevi.com.tr\/index.php\/urun\/hayallerin-otesinde-yasamak\/"},"modified":"2025-09-18T00:51:27","modified_gmt":"2025-09-17T21:51:27","slug":"hayallerin-otesinde-yasamak","status":"publish","type":"product","link":"https:\/\/roveyayinevi.com.tr\/index.php\/urun\/hayallerin-otesinde-yasamak\/","title":{"rendered":"Hayallerin \u00d6tesinde Ya\u015famak"},"content":{"rendered":"<p>Yapabilece\u011fini d\u00fc\u015f\u00fcn\u00fcyorsan da, yapamayaca\u011f\u0131n\u0131 d\u00fc\u015f\u00fcn\u00fcyorsan da hakl\u0131s\u0131n.\u201d   \u2013 Henry Ford \u201cD\u00fcnya Devlerini Y\u00f6neten 50 T\u00fcrk Y\u00f6netici\u201d aras\u0131nda an\u0131lan ve \u00fcst d\u00fczey y\u00f6neticili\u011finin yan\u0131nda hayat\u0131 da dolu dolu ya\u015fad\u0131\u011f\u0131na inanan Ebru Dorman, hem gen\u00e7ler hem de karar noktas\u0131nda olan herkes i\u00e7in samimi bir sohbet havas\u0131nda kaleme ald\u0131\u011f\u0131 bu kitab\u0131 ile bir yandan k\u0131lavuz niteli\u011finde pratik bilgiler veriyor, bir yandan da olas\u0131 zorluklara y\u00f6nelik harika \u00e7\u00f6z\u00fcmler sunuyor. Mahalle ilkokulundan Harvard\u2019a uzanan ilham dolu e\u011fitim yolculu\u011funu; 17 y\u0131l\u0131 yurtd\u0131\u015f\u0131nda ge\u00e7en ve ba\u015far\u0131larla dolu 25 y\u0131l\u0131 a\u015fk\u0131n kariyerini; ba\u015far\u0131l\u0131, mutlu, sa\u011fl\u0131kl\u0131 bir ya\u015fam i\u00e7in tavsiyelerini; giri\u015fimcilik ve f\u0131rsat e\u015fitli\u011fi konular\u0131ndaki tecr\u00fcbelerini payla\u015f\u0131yor. Ebru Dorman, ba\u015far\u0131n\u0131n ne oldu\u011funu ve bu kitab\u0131 yazma amac\u0131n\u0131 \u015fu s\u00f6zleri ile \u00f6zetliyor:   \u201cBenim i\u00e7in ba\u015far\u0131 mutlu olmak, hayata co\u015fku ile ba\u011fl\u0131 olmak, kendini sevmek, sevilmek, insanl\u0131k i\u00e7in faydal\u0131 i\u015fler yapm\u0131\u015f olmakt\u0131r. Ba\u015far\u0131, ula\u015ft\u0131\u011f\u0131m\u0131z mevki veya elde etti\u011fimiz g\u00fc\u00e7 ile \u00f6l\u00e7\u00fclmez. \u00dcn ya da unvan sahibi olmak ya da \u00e7ok para kazanmakla da \u00f6l\u00e7\u00fclmez. Ba\u015far\u0131 bir hedef de\u011fil, bir yolculuktur. Bu kitab\u0131 okuyanlar\u0131n ya\u015famlar\u0131n\u0131n her evresinde, g\u00fcnl\u00fck hayatta veya \u00f6nemli karar a\u015famalar\u0131nda faydal\u0131 olacak yeni fark\u0131ndal\u0131klar kazanabilmelerini, zengin bir \u2018alet kutusu\u2019 ile kendilerini hem daha g\u00fc\u00e7l\u00fc hem de daha donan\u0131ml\u0131 hissedebilmelerini ve hayata daha olumlu yakla\u015fabilmelerini arzu ediyorum.\u201d <\/p>\n","protected":false},"excerpt":{"rendered":"<p>Yapabilece\u011fini d\u00fc\u015f\u00fcn\u00fcyorsan da, yapamayaca\u011f\u0131n\u0131 d\u00fc\u015f\u00fcn\u00fcyorsan da hakl\u0131s\u0131n.\u201d \u2013 Henry Ford \u201cD\u00fcnya Devlerini Y\u00f6neten 50 T\u00fcrk Y\u00f6netici\u201d aras\u0131nda an\u0131lan ve \u00fcst d\u00fczey y\u00f6neticili\u011finin yan\u0131nda hayat\u0131 da dolu<span class=\"excerpt-hellip\"> [\u2026]<\/span><\/p>\n","protected":false},"featured_media":0,"template":"","meta":{"_monsterinsights_skip_tracking":false,"_monsterinsights_sitenote_active":false,"_monsterinsights_sitenote_note":"","_monsterinsights_sitenote_category":0},"product_brand":[],"product_cat":[12364,12376],"product_tag":[],"class_list":{"0":"post-729867","1":"product","2":"type-product","3":"status-publish","5":"product_cat-genel-konular","6":"product_cat-kisisel-gelisim","7":"pa_cilt-ciltsiz","8":"pa_tur-kitap","9":"pa_yayinevi-destek-yayinlari","10":"pa_yazar-ebru-dorman","12":"first","13":"instock","14":"sale","15":"shipping-taxable","16":"purchasable","17":"product-type-simple"},"_links":{"self":[{"href":"https:\/\/roveyayinevi.com.tr\/index.php\/wp-json\/wp\/v2\/product\/729867","targetHints":{"allow":["GET"]}}],"collection":[{"href":"https:\/\/roveyayinevi.com.tr\/index.php\/wp-json\/wp\/v2\/product"}],"about":[{"href":"https:\/\/roveyayinevi.com.tr\/index.php\/wp-json\/wp\/v2\/types\/product"}],"wp:attachment":[{"href":"https:\/\/roveyayinevi.com.tr\/index.php\/wp-json\/wp\/v2\/media?parent=729867"}],"wp:term":[{"taxonomy":"product_brand","embeddable":true,"href":"https:\/\/roveyayinevi.com.tr\/index.php\/wp-json\/wp\/v2\/product_brand?post=729867"},{"taxonomy":"product_cat","embeddable":true,"href":"https:\/\/roveyayinevi.com.tr\/index.php\/wp-json\/wp\/v2\/product_cat?post=729867"},{"taxonomy":"product_tag","embeddable":true,"href":"https:\/\/roveyayinevi.com.tr\/index.php\/wp-json\/wp\/v2\/product_tag?post=729867"}],"curies":[{"name":"wp","href":"https:\/\/api.w.org\/{rel}","templated":true}]}}