{"id":729865,"date":"2025-08-27T21:04:17","date_gmt":"2025-08-27T18:04:17","guid":{"rendered":"https:\/\/roveyayinevi.com.tr\/index.php\/urun\/melekler-nerede\/"},"modified":"2026-04-16T02:37:35","modified_gmt":"2026-04-15T23:37:35","slug":"melekler-nerede","status":"publish","type":"product","link":"https:\/\/roveyayinevi.com.tr\/index.php\/urun\/melekler-nerede\/","title":{"rendered":"Melekler Nerede?"},"content":{"rendered":"<p>Y\u00fcze yans\u0131yan bir \u00f6fke \u00c7aresizlik belki. Anlat\u0131lanlar var her kafadan A\u011f\u0131rl\u0131\u011f\u0131 suskunlukta sakl\u0131. Bir \u00e7aresiz, bir divane Ac\u0131n\u0131n rengi ne ki acaba? G\u00f6zya\u015f\u0131 hep masum k\u0131lm\u0131yor insan\u0131 \u015ea\u015fk\u0131n \u015feytan bile Namussuz namuslulara. Rengi olmayan ac\u0131da, Melekler neden yok ortada? <\/p>\n","protected":false},"excerpt":{"rendered":"<p>Y\u00fcze yans\u0131yan bir \u00f6fke \u00c7aresizlik belki. Anlat\u0131lanlar var her kafadan A\u011f\u0131rl\u0131\u011f\u0131 suskunlukta sakl\u0131. Bir \u00e7aresiz, bir divane Ac\u0131n\u0131n rengi ne ki acaba? G\u00f6zya\u015f\u0131 hep masum k\u0131lm\u0131yor<span class=\"excerpt-hellip\"> [\u2026]<\/span><\/p>\n","protected":false},"featured_media":0,"template":"","meta":{"_monsterinsights_skip_tracking":false,"_monsterinsights_sitenote_active":false,"_monsterinsights_sitenote_note":"","_monsterinsights_sitenote_category":0},"product_brand":[],"product_cat":[12291,12509],"product_tag":[],"class_list":{"0":"post-729865","1":"product","2":"type-product","3":"status-publish","5":"product_cat-edebiyat","6":"product_cat-siir","7":"pa_cilt-ciltsiz","8":"pa_tur-kitap","9":"pa_yayinevi-kuytu-yayinlari","10":"pa_yazar-nuray-karaman","12":"first","13":"instock","14":"sale","15":"shipping-taxable","16":"purchasable","17":"product-type-simple"},"_links":{"self":[{"href":"https:\/\/roveyayinevi.com.tr\/index.php\/wp-json\/wp\/v2\/product\/729865","targetHints":{"allow":["GET"]}}],"collection":[{"href":"https:\/\/roveyayinevi.com.tr\/index.php\/wp-json\/wp\/v2\/product"}],"about":[{"href":"https:\/\/roveyayinevi.com.tr\/index.php\/wp-json\/wp\/v2\/types\/product"}],"wp:attachment":[{"href":"https:\/\/roveyayinevi.com.tr\/index.php\/wp-json\/wp\/v2\/media?parent=729865"}],"wp:term":[{"taxonomy":"product_brand","embeddable":true,"href":"https:\/\/roveyayinevi.com.tr\/index.php\/wp-json\/wp\/v2\/product_brand?post=729865"},{"taxonomy":"product_cat","embeddable":true,"href":"https:\/\/roveyayinevi.com.tr\/index.php\/wp-json\/wp\/v2\/product_cat?post=729865"},{"taxonomy":"product_tag","embeddable":true,"href":"https:\/\/roveyayinevi.com.tr\/index.php\/wp-json\/wp\/v2\/product_tag?post=729865"}],"curies":[{"name":"wp","href":"https:\/\/api.w.org\/{rel}","templated":true}]}}