{"id":729863,"date":"2025-08-27T21:04:15","date_gmt":"2025-08-27T18:04:15","guid":{"rendered":"https:\/\/roveyayinevi.com.tr\/index.php\/urun\/pandemi-neoliberalizm-medya\/"},"modified":"2026-04-16T02:37:35","modified_gmt":"2026-04-15T23:37:35","slug":"pandemi-neoliberalizm-medya","status":"publish","type":"product","link":"https:\/\/roveyayinevi.com.tr\/index.php\/urun\/pandemi-neoliberalizm-medya\/","title":{"rendered":"Pandemi Neoliberalizm Medya"},"content":{"rendered":"<p>Geleneksel medya mevcut g\u00fc\u00e7 yap\u0131lar\u0131na meydan okumuyor. Oysa medyan\u0131n, hegemonik d\u00fczeni yeniden \u00fcretmeye hizmet etmek gibi bir derdi olmamas\u0131, aksine ezilenlerin ya\u015fad\u0131klar\u0131n\u0131 ve kar\u015f\u0131la\u015ft\u0131\u011f\u0131 engelleri haber yapmas\u0131 gerekmekte. \u00d6zellikle T\u00fcrkiye\u2019de haber ajanslar\u0131 kendilerine verilen bilgileri haber olarak payla\u015ft\u0131lar, habercilik yapmad\u0131lar ve bu durum halen devam etmekte. Bu anlamda pandemi d\u00f6neminde alternatif medyan\u0131n ne kadar \u00f6nemli bir g\u00f6revi yerine getirdi\u011fi de bir kez daha g\u00f6zler \u00f6n\u00fcne serildi\u2026 <\/p>\n","protected":false},"excerpt":{"rendered":"<p>Geleneksel medya mevcut g\u00fc\u00e7 yap\u0131lar\u0131na meydan okumuyor. Oysa medyan\u0131n, hegemonik d\u00fczeni yeniden \u00fcretmeye hizmet etmek gibi bir derdi olmamas\u0131, aksine ezilenlerin ya\u015fad\u0131klar\u0131n\u0131 ve kar\u015f\u0131la\u015ft\u0131\u011f\u0131 engelleri haber<span class=\"excerpt-hellip\"> [\u2026]<\/span><\/p>\n","protected":false},"featured_media":0,"template":"","meta":{"_monsterinsights_skip_tracking":false,"_monsterinsights_sitenote_active":false,"_monsterinsights_sitenote_note":"","_monsterinsights_sitenote_category":0},"product_brand":[],"product_cat":[13366,13365],"product_tag":[],"class_list":{"0":"post-729863","1":"product","2":"type-product","3":"status-publish","5":"product_cat-diger-saglik","6":"product_cat-saglik","7":"pa_cilt-ciltsiz","8":"pa_tur-kitap","9":"pa_yayinevi-ayrinti-yayinlari","10":"pa_yazar-yasemin-inceoglu-savas-coban","12":"first","13":"instock","14":"sale","15":"shipping-taxable","16":"purchasable","17":"product-type-simple"},"_links":{"self":[{"href":"https:\/\/roveyayinevi.com.tr\/index.php\/wp-json\/wp\/v2\/product\/729863","targetHints":{"allow":["GET"]}}],"collection":[{"href":"https:\/\/roveyayinevi.com.tr\/index.php\/wp-json\/wp\/v2\/product"}],"about":[{"href":"https:\/\/roveyayinevi.com.tr\/index.php\/wp-json\/wp\/v2\/types\/product"}],"wp:attachment":[{"href":"https:\/\/roveyayinevi.com.tr\/index.php\/wp-json\/wp\/v2\/media?parent=729863"}],"wp:term":[{"taxonomy":"product_brand","embeddable":true,"href":"https:\/\/roveyayinevi.com.tr\/index.php\/wp-json\/wp\/v2\/product_brand?post=729863"},{"taxonomy":"product_cat","embeddable":true,"href":"https:\/\/roveyayinevi.com.tr\/index.php\/wp-json\/wp\/v2\/product_cat?post=729863"},{"taxonomy":"product_tag","embeddable":true,"href":"https:\/\/roveyayinevi.com.tr\/index.php\/wp-json\/wp\/v2\/product_tag?post=729863"}],"curies":[{"name":"wp","href":"https:\/\/api.w.org\/{rel}","templated":true}]}}