{"id":729861,"date":"2025-08-27T21:04:13","date_gmt":"2025-08-27T18:04:13","guid":{"rendered":"https:\/\/roveyayinevi.com.tr\/index.php\/urun\/spinozanin-etikasi\/"},"modified":"2026-04-16T02:37:35","modified_gmt":"2026-04-15T23:37:35","slug":"spinozanin-etikasi","status":"publish","type":"product","link":"https:\/\/roveyayinevi.com.tr\/index.php\/urun\/spinozanin-etikasi\/","title":{"rendered":"Spinoza&#8217;n\u0131n Etika&#8217;s\u0131"},"content":{"rendered":"<p>Spinozan\u0131n Etikas\u0131 Spinoza\u2019n\u0131n Etika \u2019s\u0131, felsefe tarihindeki en dikkat \u00e7ekici, \u00f6nemli ve zor kitaplardan biridir. E\u015fzamanl\u0131 olarak metafizi\u011fe, bilgiye, felsefi psikolojiye, ahlak ve siyaset felsefelerine dair bir incelemedir. Spinoza\u2019n\u0131n\u00fcnl\u00fc \u201cgeometrik y\u00f6ntem\u201dinde Etika ,onun Tanr\u0131, Do\u011fa, insan ve mutluluk\u00fczerine radikal g\u00f6r\u00fc\u015flerini ortaya koyar. 2006 tarihli bu geni\u015f kapsaml\u0131 giri\u015f \u00e7al\u0131\u015fmas\u0131nda Steven Nadler, Etika\u2019n\u0131n arg\u00fcmanlar\u0131n\u0131 ve \u00f6\u011fretilerini a\u00e7\u0131klar ve Spinoza\u2019n\u0131n sonu gelmez bir \u015fekilde insanlar\u0131 etkileyen fikirlerinin \u00e7a\u011fda\u015flar\u0131 taraf\u0131ndan neden tedirgin edici bulunmu\u015f olabilece\u011fi sorusunun yan\u0131nda, bu fikirlerin g\u00fcn\u00fcm\u00fczde neden h\u00e2l\u00e2 g\u00fcncelliklerini koruduklar\u0131 sorusunu da cevaplar. Ayn\u0131 zamanda Spinoza d\u00fc\u015f\u00fcncesinin felsefi arka plan\u0131n\u0131 ve Spinoza\u2019n\u0131n girdi\u011fi diyaloglar\u0131 inceler, s\u00f6zgelimi \u00e7a\u011fda\u015flar\u0131yla (Descartes ve Hobbes dahil olmak\u00fczere), antik d\u00fc\u015f\u00fcn\u00fcrlerle (\u00f6zellikle Stoac\u0131larla) ve atalar\u0131 olan Yahudi rasyonalistleriyle bu diyalo\u011fu s\u00fcrd\u00fcr\u00fcr. Elinizdeki bu \u00e7al\u0131\u015fma her ne kadar \u00f6\u011frenciler i\u00e7in yaz\u0131lm\u0131\u015f olsa da, Erken D\u00f6nem Modern Felsefe uzmanlar\u0131n\u0131n da ilgisini \u00e7ekecektir.   \u00dclkemizde Spinoza \u00fczerine yaz\u0131lan pek \u00e7ok eserden farkl\u0131 olarak, Etika\u2019y\u0131 bire bir markaja al\u0131p yorumlayan, uzun zamand\u0131r eksikli\u011fi duyulan derinlikli bir eser. Spinoza\u2019n\u0131n felsefesi\u00fczerine \u00e7al\u0131\u015fan ya\u015fayan en \u00f6nemli isimlerden biri olan Steven Nadler\u2019\u0131n kitab\u0131n\u0131n, bu felsefe \u00fczerine yap\u0131lacak samimi ve g\u00fc\u00e7l\u00fc \u00e7al\u0131\u015fmalara muazzam bir y\u00f6n verece\u011fi ku\u015fkusuz. <\/p>\n","protected":false},"excerpt":{"rendered":"<p>Spinozan\u0131n Etikas\u0131 Spinoza\u2019n\u0131n Etika \u2019s\u0131, felsefe tarihindeki en dikkat \u00e7ekici, \u00f6nemli ve zor kitaplardan biridir. E\u015fzamanl\u0131 olarak metafizi\u011fe, bilgiye, felsefi psikolojiye, ahlak ve siyaset felsefelerine dair<span class=\"excerpt-hellip\"> [\u2026]<\/span><\/p>\n","protected":false},"featured_media":0,"template":"","meta":{"_monsterinsights_skip_tracking":false,"_monsterinsights_sitenote_active":false,"_monsterinsights_sitenote_note":"","_monsterinsights_sitenote_category":0},"product_brand":[],"product_cat":[13590,12337],"product_tag":[],"class_list":{"0":"post-729861","1":"product","2":"type-product","3":"status-publish","5":"product_cat-arastirma-inceleme-politika-siyaset","6":"product_cat-politika-siyaset","7":"pa_cilt-ciltsiz","8":"pa_tur-kitap","9":"pa_yayinevi-say-yayinlari","10":"pa_yazar-steven-nadler","12":"first","13":"instock","14":"sale","15":"shipping-taxable","16":"purchasable","17":"product-type-simple"},"_links":{"self":[{"href":"https:\/\/roveyayinevi.com.tr\/index.php\/wp-json\/wp\/v2\/product\/729861","targetHints":{"allow":["GET"]}}],"collection":[{"href":"https:\/\/roveyayinevi.com.tr\/index.php\/wp-json\/wp\/v2\/product"}],"about":[{"href":"https:\/\/roveyayinevi.com.tr\/index.php\/wp-json\/wp\/v2\/types\/product"}],"wp:attachment":[{"href":"https:\/\/roveyayinevi.com.tr\/index.php\/wp-json\/wp\/v2\/media?parent=729861"}],"wp:term":[{"taxonomy":"product_brand","embeddable":true,"href":"https:\/\/roveyayinevi.com.tr\/index.php\/wp-json\/wp\/v2\/product_brand?post=729861"},{"taxonomy":"product_cat","embeddable":true,"href":"https:\/\/roveyayinevi.com.tr\/index.php\/wp-json\/wp\/v2\/product_cat?post=729861"},{"taxonomy":"product_tag","embeddable":true,"href":"https:\/\/roveyayinevi.com.tr\/index.php\/wp-json\/wp\/v2\/product_tag?post=729861"}],"curies":[{"name":"wp","href":"https:\/\/api.w.org\/{rel}","templated":true}]}}