{"id":729860,"date":"2025-08-27T21:04:13","date_gmt":"2025-08-27T18:04:13","guid":{"rendered":"https:\/\/roveyayinevi.com.tr\/index.php\/urun\/bilinc-akisi-zihin-ve-deneyim-uzerine\/"},"modified":"2026-04-16T02:37:35","modified_gmt":"2026-04-15T23:37:35","slug":"bilinc-akisi-zihin-ve-deneyim-uzerine","status":"publish","type":"product","link":"https:\/\/roveyayinevi.com.tr\/index.php\/urun\/bilinc-akisi-zihin-ve-deneyim-uzerine\/","title":{"rendered":"Bilin\u00e7 Ak\u0131\u015f\u0131 \u2013 Zihin ve Deneyim \u00dczerine"},"content":{"rendered":"<p>Bu kitap, Amerikal\u0131 filozof William James\u2019in deneyim ve zihin felsefesi \u00fczerine temel metinlerinden olu\u015fmaktad\u0131r. Davran\u0131\u015flardan yola \u00e7\u0131karak insan psikolojisinin arka plan\u0131ndaki mekanizmay\u0131 ke\u015ffetmeye \u00e7al\u0131\u015fan James, bili\u015fsel i\u015flevleri a\u00e7\u0131klamaya y\u00f6neldi\u011finde bilin\u00e7 meselesiyle kar\u015f\u0131la\u015f\u0131r. Pek \u00e7ok filozofun teorik olarak inceledi\u011fi bilinci, hem do\u011fal bir bilim olarak psikoloji \u00fczerinden hem de metafizik a\u00e7\u0131dan ele alan James, bilincin mahiyetine dair g\u00f6r\u00fc\u015fleriyle bir taraftan kendinden \u00f6nceki bilin\u00e7 teorilerinin ele\u015ftirisini yapm\u0131\u015f di\u011fer taraftan felsefede dikkatleri bilin\u00e7 sorununa y\u00f6nelterek \u2018zihin felsefesi\u2019nin geli\u015fmesinin yolunu a\u00e7m\u0131\u015ft\u0131r. Hi\u00e7 \u015f\u00fcphesiz William James\u2019in bilincin mahiyeti ve i\u015flevine ili\u015fkin ortaya koymu\u015f oldu\u011fu \u2018bilin\u00e7 ak\u0131\u015f\u0131\u2019 anlay\u0131\u015f\u0131, genelde onun felsefesini \u00f6zelde ise psikolojisini en iyi \u015fekilde ortaya koymaya y\u00f6nelik \u00e7abalar\u0131 temsil eder. Duyum ve bilin\u00e7 ekseninde James\u2019in \u00fczerinde \u00f6nemle durdu\u011fu di\u011fer bir konu ise \u2018ben\u2019 ya da \u2018benlik\u2019 meselesidir. O, benli\u011fi en geni\u015f anlam\u0131yla ele alarak ba\u015flar ve deneyime dayal\u0131 benlikten yola \u00e7\u0131karak saf egoya do\u011fru yol al\u0131r ve benli\u011fin unsurlar\u0131n\u0131 maddi, toplumsal, ruhsal olarak ele al\u0131r.<\/p>\n","protected":false},"excerpt":{"rendered":"<p>Bu kitap, Amerikal\u0131 filozof William James\u2019in deneyim ve zihin felsefesi \u00fczerine temel metinlerinden olu\u015fmaktad\u0131r. Davran\u0131\u015flardan yola \u00e7\u0131karak insan psikolojisinin arka plan\u0131ndaki mekanizmay\u0131 ke\u015ffetmeye \u00e7al\u0131\u015fan James, bili\u015fsel<span class=\"excerpt-hellip\"> [\u2026]<\/span><\/p>\n","protected":false},"featured_media":0,"template":"","meta":{"_monsterinsights_skip_tracking":false,"_monsterinsights_sitenote_active":false,"_monsterinsights_sitenote_note":"","_monsterinsights_sitenote_category":0},"product_brand":[],"product_cat":[12388,13555],"product_tag":[],"class_list":{"0":"post-729860","1":"product","2":"type-product","3":"status-publish","5":"product_cat-felsefe","6":"product_cat-genel-felsefe","7":"pa_cilt-ciltsiz","8":"pa_tur-kitap","9":"pa_yayinevi-fol-kitap","10":"pa_yazar-william-james","12":"first","13":"instock","14":"sale","15":"shipping-taxable","16":"purchasable","17":"product-type-simple"},"_links":{"self":[{"href":"https:\/\/roveyayinevi.com.tr\/index.php\/wp-json\/wp\/v2\/product\/729860","targetHints":{"allow":["GET"]}}],"collection":[{"href":"https:\/\/roveyayinevi.com.tr\/index.php\/wp-json\/wp\/v2\/product"}],"about":[{"href":"https:\/\/roveyayinevi.com.tr\/index.php\/wp-json\/wp\/v2\/types\/product"}],"wp:attachment":[{"href":"https:\/\/roveyayinevi.com.tr\/index.php\/wp-json\/wp\/v2\/media?parent=729860"}],"wp:term":[{"taxonomy":"product_brand","embeddable":true,"href":"https:\/\/roveyayinevi.com.tr\/index.php\/wp-json\/wp\/v2\/product_brand?post=729860"},{"taxonomy":"product_cat","embeddable":true,"href":"https:\/\/roveyayinevi.com.tr\/index.php\/wp-json\/wp\/v2\/product_cat?post=729860"},{"taxonomy":"product_tag","embeddable":true,"href":"https:\/\/roveyayinevi.com.tr\/index.php\/wp-json\/wp\/v2\/product_tag?post=729860"}],"curies":[{"name":"wp","href":"https:\/\/api.w.org\/{rel}","templated":true}]}}