{"id":729858,"date":"2025-08-27T21:04:11","date_gmt":"2025-08-27T18:04:11","guid":{"rendered":"https:\/\/roveyayinevi.com.tr\/index.php\/urun\/hayat-yasamaya-deger-mi-ahlak-ve-din-uzerine\/"},"modified":"2026-04-16T02:37:35","modified_gmt":"2026-04-15T23:37:35","slug":"hayat-yasamaya-deger-mi-ahlak-ve-din-uzerine","status":"publish","type":"product","link":"https:\/\/roveyayinevi.com.tr\/index.php\/urun\/hayat-yasamaya-deger-mi-ahlak-ve-din-uzerine\/","title":{"rendered":"Hayat Ya\u015famaya De\u011fer mi? &#8211; Ahlak ve Din \u00dczerine"},"content":{"rendered":"<p>Bu kitap, Amerikal\u0131 filozof William James\u2019in ahlak ve din felsefesi \u00fczerine temel metinlerinden olu\u015fmaktad\u0131r. James\u2019in d\u00fc\u015f\u00fcncesinde ahlak ve din, evreni nas\u0131l alg\u0131lad\u0131\u011f\u0131m\u0131zla yak\u0131ndan ili\u015fkilidir. Ahlaki taleplerimiz inan\u00e7 ve k\u00fcltlerin olu\u015fmas\u0131nda rol oynarken, dinler, ahlaki hayat\u0131n boyutlar\u0131n\u0131 ve yeni derinliklerin imk\u00e2nlar\u0131n\u0131 bize sunar. James\u2019e g\u00f6re felsefenin amac\u0131 \u2018kendimizi evimizde hissetmek\u2019, dolay\u0131s\u0131yla insan\u0131 daha iyi bir ya\u015fama haz\u0131rlamaya \u00e7al\u0131\u015fmakt\u0131r. Hayat her zaman \u00e7\u00f6z\u00fclmesi gereken problemlerle doludur; bu problemlerden en \u00f6nemlisi ise \u015f\u00fcphesiz \u201cHayat ya\u015famaya de\u011fer mi?\u201d sorusunda kendisini g\u00f6sterir. Do\u011frudan varolu\u015fa y\u00f6nelen bu temel soru irdelenmeden ya\u015fanacak bir hayat\u0131n zay\u0131f ve dayanaks\u0131z olaca\u011f\u0131 a\u00e7\u0131kt\u0131r. James\u2019e g\u00f6re iyi bir hayat ya\u015famak ahlakla ili\u015fkilidir, ancak yaln\u0131zca \u00f6zne ve nesne ili\u015fkisinden do\u011fan yarg\u0131larlar \u00fczerinden ahlak\u0131 ku\u015fatamay\u0131z. Fikirler inan\u00e7lar\u0131, inan\u00e7lar ise irademizi \u00f6zg\u00fcrle\u015ftirir.<\/p>\n","protected":false},"excerpt":{"rendered":"<p>Bu kitap, Amerikal\u0131 filozof William James\u2019in ahlak ve din felsefesi \u00fczerine temel metinlerinden olu\u015fmaktad\u0131r. James\u2019in d\u00fc\u015f\u00fcncesinde ahlak ve din, evreni nas\u0131l alg\u0131lad\u0131\u011f\u0131m\u0131zla yak\u0131ndan ili\u015fkilidir. Ahlaki taleplerimiz<span class=\"excerpt-hellip\"> [\u2026]<\/span><\/p>\n","protected":false},"featured_media":0,"template":"","meta":{"_monsterinsights_skip_tracking":false,"_monsterinsights_sitenote_active":false,"_monsterinsights_sitenote_note":"","_monsterinsights_sitenote_category":0},"product_brand":[],"product_cat":[19998,12388],"product_tag":[],"class_list":{"0":"post-729858","1":"product","2":"type-product","3":"status-publish","5":"product_cat-din-felsefesi","6":"product_cat-felsefe","7":"pa_cilt-ciltsiz","8":"pa_tur-kitap","9":"pa_yayinevi-fol-kitap","10":"pa_yazar-william-james","12":"first","13":"instock","14":"sale","15":"shipping-taxable","16":"purchasable","17":"product-type-simple"},"_links":{"self":[{"href":"https:\/\/roveyayinevi.com.tr\/index.php\/wp-json\/wp\/v2\/product\/729858","targetHints":{"allow":["GET"]}}],"collection":[{"href":"https:\/\/roveyayinevi.com.tr\/index.php\/wp-json\/wp\/v2\/product"}],"about":[{"href":"https:\/\/roveyayinevi.com.tr\/index.php\/wp-json\/wp\/v2\/types\/product"}],"wp:attachment":[{"href":"https:\/\/roveyayinevi.com.tr\/index.php\/wp-json\/wp\/v2\/media?parent=729858"}],"wp:term":[{"taxonomy":"product_brand","embeddable":true,"href":"https:\/\/roveyayinevi.com.tr\/index.php\/wp-json\/wp\/v2\/product_brand?post=729858"},{"taxonomy":"product_cat","embeddable":true,"href":"https:\/\/roveyayinevi.com.tr\/index.php\/wp-json\/wp\/v2\/product_cat?post=729858"},{"taxonomy":"product_tag","embeddable":true,"href":"https:\/\/roveyayinevi.com.tr\/index.php\/wp-json\/wp\/v2\/product_tag?post=729858"}],"curies":[{"name":"wp","href":"https:\/\/api.w.org\/{rel}","templated":true}]}}