{"id":729857,"date":"2025-08-27T21:04:11","date_gmt":"2025-08-27T18:04:11","guid":{"rendered":"https:\/\/roveyayinevi.com.tr\/index.php\/urun\/kim-korkar-cagdas-sanattan\/"},"modified":"2026-03-12T02:47:59","modified_gmt":"2026-03-11T23:47:59","slug":"kim-korkar-cagdas-sanattan","status":"publish","type":"product","link":"https:\/\/roveyayinevi.com.tr\/index.php\/urun\/kim-korkar-cagdas-sanattan\/","title":{"rendered":"Kim Korkar \u00c7a\u011fda\u015f Sanattan?"},"content":{"rendered":"<p>Bakt\u0131\u011f\u0131m \u015fey nedir? Onu sanat yapan \u015fey nedir? Ve bu neden \u00f6nemli?   \u00c7a\u011fda\u015f sanat hayli kafa kar\u0131\u015ft\u0131r\u0131c\u0131 olabilir, ama Kyung An ve Jessica Cerasi sizleri harakete ge\u00e7irmek ve kafa kar\u0131\u015f\u0131kl\u0131klar\u0131n\u0131z\u0131 gidermek \u00fczere haz\u0131r bekliyorlar. Bu A\u2019dan Z\u2019ye rehber nitelikli bu kitap, g\u00fcn\u00fcm\u00fcz sanat sahnesine \u00f6zl\u00fc ve isabetli bir \u015fekilde yakla\u015f\u0131yor, k\u00fcrat\u00f6rlerin ne yapt\u0131\u011f\u0131n\u0131 a\u00e7\u0131kl\u0131yor, kavramsal sanat\u0131 a\u00e7\u0131kl\u0131\u011fa kavu\u015fturuyor ve \u00e7a\u011fda\u015f sanatla ilgili sormaya korktu\u011funuz t\u00fcm sorular\u0131 yan\u0131tl\u0131yor.   Kim Korkar \u00c7a\u011fda\u015f Sanattan? bir sonraki b\u00fcy\u00fck \u015fey sizi tamam\u0131yla \u015fa\u015fk\u0131na \u00e7evirdi\u011finde dan\u0131\u015fabilece\u011finiz kusursuz bir rehber kitap.   Kyung An New York Guggenheim Museum\u2019da yard\u0131mc\u0131 k\u00fcrat\u00f6rd\u00fcr. Londra, Courtauld Institute of Art\u2019dan sanat tarihi doktora derecesi alm\u0131\u015ft\u0131r.   Jessica Cerasi Birle\u015fik Krall\u0131k Devlet Sanat Koleksiyonu\u2019nun Modern &amp; \u00c7a\u011fda\u015f Sanat k\u00fcrat\u00f6r\u00fcd\u00fcr. 2019 y\u0131l\u0131ndaki Venedik Bienali\u2019nde ve 2016 y\u0131l\u0131nda ger\u00e7ekle\u015fen Sidney Bienali\u2019nde yard\u0131mc\u0131 k\u00fcrat\u00f6r olarak g\u00f6rev yapm\u0131\u015ft\u0131r<\/p>\n","protected":false},"excerpt":{"rendered":"<p>Bakt\u0131\u011f\u0131m \u015fey nedir? Onu sanat yapan \u015fey nedir? Ve bu neden \u00f6nemli? \u00c7a\u011fda\u015f sanat hayli kafa kar\u0131\u015ft\u0131r\u0131c\u0131 olabilir, ama Kyung An ve Jessica Cerasi sizleri harakete<span class=\"excerpt-hellip\"> [\u2026]<\/span><\/p>\n","protected":false},"featured_media":0,"template":"","meta":{"_monsterinsights_skip_tracking":false,"_monsterinsights_sitenote_active":false,"_monsterinsights_sitenote_note":"","_monsterinsights_sitenote_category":0},"product_brand":[],"product_cat":[13548,12408],"product_tag":[],"class_list":{"0":"post-729857","1":"product","2":"type-product","3":"status-publish","5":"product_cat-kuram","6":"product_cat-sanat","7":"pa_cilt-ciltsiz","8":"pa_tur-kitap","9":"pa_yayinevi-hayalperest-yayinlari","10":"pa_yazar-kyung-an-jessica-cerasi","12":"first","13":"instock","14":"sale","15":"shipping-taxable","16":"purchasable","17":"product-type-simple"},"_links":{"self":[{"href":"https:\/\/roveyayinevi.com.tr\/index.php\/wp-json\/wp\/v2\/product\/729857","targetHints":{"allow":["GET"]}}],"collection":[{"href":"https:\/\/roveyayinevi.com.tr\/index.php\/wp-json\/wp\/v2\/product"}],"about":[{"href":"https:\/\/roveyayinevi.com.tr\/index.php\/wp-json\/wp\/v2\/types\/product"}],"wp:attachment":[{"href":"https:\/\/roveyayinevi.com.tr\/index.php\/wp-json\/wp\/v2\/media?parent=729857"}],"wp:term":[{"taxonomy":"product_brand","embeddable":true,"href":"https:\/\/roveyayinevi.com.tr\/index.php\/wp-json\/wp\/v2\/product_brand?post=729857"},{"taxonomy":"product_cat","embeddable":true,"href":"https:\/\/roveyayinevi.com.tr\/index.php\/wp-json\/wp\/v2\/product_cat?post=729857"},{"taxonomy":"product_tag","embeddable":true,"href":"https:\/\/roveyayinevi.com.tr\/index.php\/wp-json\/wp\/v2\/product_tag?post=729857"}],"curies":[{"name":"wp","href":"https:\/\/api.w.org\/{rel}","templated":true}]}}