{"id":729856,"date":"2025-08-27T21:04:10","date_gmt":"2025-08-27T18:04:10","guid":{"rendered":"https:\/\/roveyayinevi.com.tr\/index.php\/urun\/modern-sanatin-yedi-anahtari\/"},"modified":"2026-03-12T02:47:59","modified_gmt":"2026-03-11T23:47:59","slug":"modern-sanatin-yedi-anahtari","status":"publish","type":"product","link":"https:\/\/roveyayinevi.com.tr\/index.php\/urun\/modern-sanatin-yedi-anahtari\/","title":{"rendered":"Modern Sanat\u0131n Yedi Anahtar\u0131"},"content":{"rendered":"<p>\u201cMorley, hem s\u0131radan okura hem de merakl\u0131s\u0131na sanat ve fikirlerle derinlemesine me\u015fgul olmalar\u0131 i\u00e7in gerekli ara\u00e7lar\u0131 sa\u011flayacak g\u00f6rme ve kavrama y\u00f6ntemlerini s\u0131ral\u0131yor.\u201d Iwona Blazwick Whitechapel Gallery Direkt\u00f6r\u00fc Sanat\u00e7\u0131lar\u0131n kendilerini ifade etmeye, yenili\u011fe, duygulardan ar\u0131nm\u0131\u015f bir entelekt\u00fcelli\u011fe ve salt tepki \u00e7ekmek u\u011fruna \u00f6fkeye \u00f6ncelik verdikleri bir d\u00fcnyada Modern Sanat\u0131n Yedi Anahtar\u0131, tuhaf ve s\u0131kl\u0131kla g\u00f6z korkutan \u201cmodern sanat\u201d olgusunun \u015fifrelerini \u00e7\u00f6zmeyi ama\u00e7l\u0131yor. Olduk\u00e7a geni\u015f bir aral\u0131kta de\u011fi\u015fen mecra, \u00fcslup, konu ve niyet \u00e7e\u015fitlili\u011fi i\u00e7inde Simon Morley, k\u00fcreselle\u015fmenin ve sinirbilimin etkisini yans\u0131tan yirmi sanatsal \u00e7al\u0131\u015fmay\u0131 yorumlamak i\u00e7in yedi farkl\u0131 mercek sunuyor. Esnekli\u011fi olmayan \u201cokumalara\u201d ba\u015fvurmaks\u0131z\u0131n yazar, okuru d\u00fcnyan\u0131n en merak uyand\u0131ran ve tart\u0131\u015fmal\u0131 sanat \u00e7al\u0131\u015fmalar\u0131ndan baz\u0131lar\u0131n\u0131n anlamlar\u0131n\u0131 \u00e7\u00f6zmeye davet ediyor. <\/p>\n","protected":false},"excerpt":{"rendered":"<p>\u201cMorley, hem s\u0131radan okura hem de merakl\u0131s\u0131na sanat ve fikirlerle derinlemesine me\u015fgul olmalar\u0131 i\u00e7in gerekli ara\u00e7lar\u0131 sa\u011flayacak g\u00f6rme ve kavrama y\u00f6ntemlerini s\u0131ral\u0131yor.\u201d Iwona Blazwick Whitechapel Gallery<span class=\"excerpt-hellip\"> [\u2026]<\/span><\/p>\n","protected":false},"featured_media":0,"template":"","meta":{"_monsterinsights_skip_tracking":false,"_monsterinsights_sitenote_active":false,"_monsterinsights_sitenote_note":"","_monsterinsights_sitenote_category":0},"product_brand":[],"product_cat":[13548,12408],"product_tag":[],"class_list":{"0":"post-729856","1":"product","2":"type-product","3":"status-publish","5":"product_cat-kuram","6":"product_cat-sanat","7":"pa_cilt-ciltsiz","8":"pa_tur-kitap","9":"pa_yayinevi-hayalperest-yayinlari","10":"pa_yazar-simon-morley","12":"first","13":"instock","14":"sale","15":"shipping-taxable","16":"purchasable","17":"product-type-simple"},"_links":{"self":[{"href":"https:\/\/roveyayinevi.com.tr\/index.php\/wp-json\/wp\/v2\/product\/729856","targetHints":{"allow":["GET"]}}],"collection":[{"href":"https:\/\/roveyayinevi.com.tr\/index.php\/wp-json\/wp\/v2\/product"}],"about":[{"href":"https:\/\/roveyayinevi.com.tr\/index.php\/wp-json\/wp\/v2\/types\/product"}],"wp:attachment":[{"href":"https:\/\/roveyayinevi.com.tr\/index.php\/wp-json\/wp\/v2\/media?parent=729856"}],"wp:term":[{"taxonomy":"product_brand","embeddable":true,"href":"https:\/\/roveyayinevi.com.tr\/index.php\/wp-json\/wp\/v2\/product_brand?post=729856"},{"taxonomy":"product_cat","embeddable":true,"href":"https:\/\/roveyayinevi.com.tr\/index.php\/wp-json\/wp\/v2\/product_cat?post=729856"},{"taxonomy":"product_tag","embeddable":true,"href":"https:\/\/roveyayinevi.com.tr\/index.php\/wp-json\/wp\/v2\/product_tag?post=729856"}],"curies":[{"name":"wp","href":"https:\/\/api.w.org\/{rel}","templated":true}]}}