{"id":729855,"date":"2025-08-27T21:04:09","date_gmt":"2025-08-27T18:04:09","guid":{"rendered":"https:\/\/roveyayinevi.com.tr\/index.php\/urun\/kod-adi-atilla\/"},"modified":"2026-04-16T02:37:35","modified_gmt":"2026-04-15T23:37:35","slug":"kod-adi-atilla","status":"publish","type":"product","link":"https:\/\/roveyayinevi.com.tr\/index.php\/urun\/kod-adi-atilla\/","title":{"rendered":"Kod Ad\u0131 Atilla"},"content":{"rendered":"<p>KOD ADI AT\u0130LLA ilk kez 2004 y\u0131l\u0131nda yay\u0131mland\u0131. O g\u00fcnden itibaren Alaattin \u00c7ak\u0131c\u0131\u2019n\u0131n, \u201cge\u00e7mi\u015f d\u00f6nemin yeralt\u0131 d\u00fcnyas\u0131n\u0131n bir akt\u00f6r\u00fc\u201d olarak \u00f6mr\u00fcn\u00fc hapiste tamamlayaca\u011f\u0131 d\u00fc\u015f\u00fcn\u00fcl\u00fcyordu. Ama bug\u00fcn d\u0131\u015far\u0131da ve neredeyse bir \u201cpolitik fig\u00fcr\u201d haline getirildi. Kitab\u0131n bu geni\u015fletilmi\u015f son bask\u0131s\u0131nda, CHP Genel Ba\u015fkan\u0131 Kemal K\u0131l\u0131\u00e7daro\u011flu taraf\u0131ndan \u201cmafya\u201d, MHP Genel Ba\u015fkan\u0131 Devlet Bah\u00e7eli taraf\u0131ndan ise \u201c\u00fclk\u00fcc\u00fc dava arkada\u015f\u0131m\u201d diye adland\u0131r\u0131lan \u00c7ak\u0131c\u0131 hakk\u0131ndaki son tart\u0131\u015fmalar yer al\u0131yor. Emniyet\u2019in kay\u0131tlar\u0131na g\u00f6re bug\u00fcn T\u00fcrkiye\u2019de \u201culusal\u201d, \u201cb\u00f6lgesel\u201d ve \u201cyerel\u201d toplam 881 \u201corganize su\u00e7 \u00f6rg\u00fct\u00fc\u201d hara\u00e7 kesip tehdit ediyor, adam \u00f6ld\u00fcr\u00fcp ka\u00e7ak\u00e7\u0131l\u0131k yap\u0131yor. \u201cUlusal\u201d \u00e7apta faaliyet g\u00f6steren 32 organize su\u00e7 \u00f6rg\u00fct\u00fc aras\u0131nda \u00c7ak\u0131c\u0131\u2019n\u0131n liderli\u011fini yapt\u0131\u011f\u0131 \u00f6rg\u00fct toplam 417 eleman ile ba\u015f\u0131 \u00e7ekiyor. Gazeteci Nedim \u015eener, bu \u00e7al\u0131\u015fmas\u0131nda \u201cAlaattin \u00c7ak\u0131c\u0131 bir mafya lideri mi, politik fig\u00fcr m\u00fc?\u201d sorusuna cevap veriyor. Kitab\u0131 okudu\u011funuzda cevab\u0131 kendiniz bulacaks\u0131n\u0131z. <\/p>\n","protected":false},"excerpt":{"rendered":"<p>KOD ADI AT\u0130LLA ilk kez 2004 y\u0131l\u0131nda yay\u0131mland\u0131. O g\u00fcnden itibaren Alaattin \u00c7ak\u0131c\u0131\u2019n\u0131n, \u201cge\u00e7mi\u015f d\u00f6nemin yeralt\u0131 d\u00fcnyas\u0131n\u0131n bir akt\u00f6r\u00fc\u201d olarak \u00f6mr\u00fcn\u00fc hapiste tamamlayaca\u011f\u0131 d\u00fc\u015f\u00fcn\u00fcl\u00fcyordu. Ama bug\u00fcn<span class=\"excerpt-hellip\"> [\u2026]<\/span><\/p>\n","protected":false},"featured_media":0,"template":"","meta":{"_monsterinsights_skip_tracking":false,"_monsterinsights_sitenote_active":false,"_monsterinsights_sitenote_note":"","_monsterinsights_sitenote_category":0},"product_brand":[],"product_cat":[13590,12337],"product_tag":[],"class_list":{"0":"post-729855","1":"product","2":"type-product","3":"status-publish","5":"product_cat-arastirma-inceleme-politika-siyaset","6":"product_cat-politika-siyaset","7":"pa_cilt-ciltsiz","8":"pa_tur-kitap","9":"pa_yayinevi-destek-yayinlari","10":"pa_yazar-nedim-sener","12":"first","13":"instock","14":"sale","15":"shipping-taxable","16":"purchasable","17":"product-type-simple"},"_links":{"self":[{"href":"https:\/\/roveyayinevi.com.tr\/index.php\/wp-json\/wp\/v2\/product\/729855","targetHints":{"allow":["GET"]}}],"collection":[{"href":"https:\/\/roveyayinevi.com.tr\/index.php\/wp-json\/wp\/v2\/product"}],"about":[{"href":"https:\/\/roveyayinevi.com.tr\/index.php\/wp-json\/wp\/v2\/types\/product"}],"wp:attachment":[{"href":"https:\/\/roveyayinevi.com.tr\/index.php\/wp-json\/wp\/v2\/media?parent=729855"}],"wp:term":[{"taxonomy":"product_brand","embeddable":true,"href":"https:\/\/roveyayinevi.com.tr\/index.php\/wp-json\/wp\/v2\/product_brand?post=729855"},{"taxonomy":"product_cat","embeddable":true,"href":"https:\/\/roveyayinevi.com.tr\/index.php\/wp-json\/wp\/v2\/product_cat?post=729855"},{"taxonomy":"product_tag","embeddable":true,"href":"https:\/\/roveyayinevi.com.tr\/index.php\/wp-json\/wp\/v2\/product_tag?post=729855"}],"curies":[{"name":"wp","href":"https:\/\/api.w.org\/{rel}","templated":true}]}}