{"id":729854,"date":"2025-08-27T21:04:08","date_gmt":"2025-08-27T18:04:08","guid":{"rendered":"https:\/\/roveyayinevi.com.tr\/index.php\/urun\/sozlerim-eksik-kalir-beni-kalbimden-dinle\/"},"modified":"2026-04-16T02:37:35","modified_gmt":"2026-04-15T23:37:35","slug":"sozlerim-eksik-kalir-beni-kalbimden-dinle","status":"publish","type":"product","link":"https:\/\/roveyayinevi.com.tr\/index.php\/urun\/sozlerim-eksik-kalir-beni-kalbimden-dinle\/","title":{"rendered":"S\u00f6zlerim Eksik Kal\u0131r Beni Kalbimden Dinle"},"content":{"rendered":"<p>UNUTMA! SURETTE K\u00dc\u00c7\u00dcK B\u0130R \u00c2DEM OLSAN DA HAK\u0130KATTE EN B\u00dcY\u00dcK \u00c2LEM SENS\u0130N   Seveceksin azizim! Ba\u011fr\u0131na basa basa, saklamadan, gizlemeden, utanmadan, kar\u015f\u0131l\u0131k g\u00f6zetmeden, sar\u0131larak seveceksin! Anne, baba, e\u015f, evlat, arkada\u015f b\u00fcy\u00fck k\u00fc\u00e7\u00fck hepsini seveceksin. Yaradan\u2019\u0131n hat\u0131r\u0131na yarat\u0131lm\u0131\u015f olan her ne varsa, cimrilik etmeden, bir \u00e7ocuk y\u00fcre\u011fi ile insanca seveceksin. Ama evvela kendini seveceksin. \u201cBir kitap okudum hayat\u0131m de\u011fi\u015fti!\u201d der misin bilmem okuduktan sonra. Gel biz dertle\u015felim, dizimizdeki yaran\u0131n ac\u0131s\u0131n\u0131 nas\u0131l azalt\u0131r\u0131z onu konu\u015fal\u0131m, hi\u00e7 olmad\u0131 birbirimize merhem olal\u0131m. Sen t\u00fcrk\u00fc dinle, ben arabeskten yana olay\u0131m. Bazen seyyah olal\u0131m ama Mardin\u2019de de bir dural\u0131m, d\u00fcnyaya bir de oradan bakal\u0131m. Dertli bir Anadolu evlad\u0131n\u0131n kaleminden insana, kadere, m\u00fccadeleye, hasrete, vuslata, memlekete, \u00f6l\u00fcme ve do\u011fuma dair kelimeler&#8230; <\/p>\n","protected":false},"excerpt":{"rendered":"<p>UNUTMA! SURETTE K\u00dc\u00c7\u00dcK B\u0130R \u00c2DEM OLSAN DA HAK\u0130KATTE EN B\u00dcY\u00dcK \u00c2LEM SENS\u0130N Seveceksin azizim! Ba\u011fr\u0131na basa basa, saklamadan, gizlemeden, utanmadan, kar\u015f\u0131l\u0131k g\u00f6zetmeden, sar\u0131larak seveceksin! Anne, baba,<span class=\"excerpt-hellip\"> [\u2026]<\/span><\/p>\n","protected":false},"featured_media":0,"template":"","meta":{"_monsterinsights_skip_tracking":false,"_monsterinsights_sitenote_active":false,"_monsterinsights_sitenote_note":"","_monsterinsights_sitenote_category":0},"product_brand":[],"product_cat":[12777,12291],"product_tag":[],"class_list":{"0":"post-729854","1":"product","2":"type-product","3":"status-publish","5":"product_cat-deneme","6":"product_cat-edebiyat","7":"pa_cilt-ciltsiz","8":"pa_tur-kitap","9":"pa_yayinevi-destek-yayinlari","10":"pa_yazar-abdurrahman-uzun","12":"first","13":"instock","14":"sale","15":"shipping-taxable","16":"purchasable","17":"product-type-simple"},"_links":{"self":[{"href":"https:\/\/roveyayinevi.com.tr\/index.php\/wp-json\/wp\/v2\/product\/729854","targetHints":{"allow":["GET"]}}],"collection":[{"href":"https:\/\/roveyayinevi.com.tr\/index.php\/wp-json\/wp\/v2\/product"}],"about":[{"href":"https:\/\/roveyayinevi.com.tr\/index.php\/wp-json\/wp\/v2\/types\/product"}],"wp:attachment":[{"href":"https:\/\/roveyayinevi.com.tr\/index.php\/wp-json\/wp\/v2\/media?parent=729854"}],"wp:term":[{"taxonomy":"product_brand","embeddable":true,"href":"https:\/\/roveyayinevi.com.tr\/index.php\/wp-json\/wp\/v2\/product_brand?post=729854"},{"taxonomy":"product_cat","embeddable":true,"href":"https:\/\/roveyayinevi.com.tr\/index.php\/wp-json\/wp\/v2\/product_cat?post=729854"},{"taxonomy":"product_tag","embeddable":true,"href":"https:\/\/roveyayinevi.com.tr\/index.php\/wp-json\/wp\/v2\/product_tag?post=729854"}],"curies":[{"name":"wp","href":"https:\/\/api.w.org\/{rel}","templated":true}]}}