{"id":729853,"date":"2025-08-27T21:04:07","date_gmt":"2025-08-27T18:04:07","guid":{"rendered":"https:\/\/roveyayinevi.com.tr\/index.php\/urun\/gitmeli-miyim-kalmali-miyim\/"},"modified":"2026-04-16T02:37:35","modified_gmt":"2026-04-15T23:37:35","slug":"gitmeli-miyim-kalmali-miyim","status":"publish","type":"product","link":"https:\/\/roveyayinevi.com.tr\/index.php\/urun\/gitmeli-miyim-kalmali-miyim\/","title":{"rendered":"Gitmeli Miyim Kalmal\u0131 M\u0131y\u0131m"},"content":{"rendered":"<p>Kusur bulanlar\u0131n yan\u0131nda huzur bulamazs\u0131n\u0131z&#8230;   D\u00f6rt bir yan\u0131m\u0131z, d\u00fcnyan\u0131n kendi etraf\u0131nda d\u00f6nd\u00fc\u011f\u00fcne inanan narsislerle \u00e7evrili&#8230;   \u0130\u015fin garibi, bir narsise \u00e2\u015f\u0131k olmak fazlas\u0131yla kolay&#8230; \u00c7\u00fcnk\u00fc onlar \u00fcst\u00fcn zek\u00e2lar\u0131, manip\u00fclasyon kabiliyetleri ve karizmalar\u0131yla yery\u00fcz\u00fcn\u00fcn en \u00e7ekici \u00e2\u015f\u0131klar\u0131&#8230; Ne yaz\u0131k ki sevmek yerine, seviyor gibi yapabilme ustal\u0131klar\u0131 yads\u0131namayacak kadar g\u00fc\u00e7l\u00fc&#8230;   Hakan Meng\u00fc\u00e7\u2019\u00fcn kaleme ald\u0131\u011f\u0131 G\u0130TMEL\u0130 M\u0130Y\u0130M KALMALI MIYIM adl\u0131 bu kitap romanc\u0131l\u0131\u011f\u0131n ezberlerini bozarak yepyeni bir okuma disiplini vaat etmesinin yan\u0131 s\u0131ra, narsisizmin g\u00f6lgesinde ya\u015fanan huzursuz ve mutsuz ili\u015fkilerin psikolojik dehlizlerine inerek g\u00fcn\u00fcm\u00fcz ili\u015fkilerine ayna tutuyor.   Bu kitapta bir narsisin yaratt\u0131\u011f\u0131 alevlerle dolu sahte cennetten nas\u0131l ka\u00e7abilece\u011finizin ve giderek yok edilmekte olan \u00f6zg\u00fcveninizi nas\u0131l geri kazanabilece\u011finizin ipu\u00e7lar\u0131yla da kar\u015f\u0131la\u015f\u0131yor olacaks\u0131n\u0131z. \u00c7\u00fcnk\u00fc bu sadece bir roman de\u011fil, ayn\u0131 zamanda bir kurtulu\u015f yolu&#8230;   Aleyna ve Ertan\u2019\u0131n \u201ca\u015fk gibi\u201d g\u00f6r\u00fcnen sava\u015f\u0131nda kendinizden \u00e7ok \u015fey bulacaks\u0131n\u0131z. <\/p>\n","protected":false},"excerpt":{"rendered":"<p>Kusur bulanlar\u0131n yan\u0131nda huzur bulamazs\u0131n\u0131z&#8230; D\u00f6rt bir yan\u0131m\u0131z, d\u00fcnyan\u0131n kendi etraf\u0131nda d\u00f6nd\u00fc\u011f\u00fcne inanan narsislerle \u00e7evrili&#8230; \u0130\u015fin garibi, bir narsise \u00e2\u015f\u0131k olmak fazlas\u0131yla kolay&#8230; \u00c7\u00fcnk\u00fc onlar \u00fcst\u00fcn<span class=\"excerpt-hellip\"> [\u2026]<\/span><\/p>\n","protected":false},"featured_media":0,"template":"","meta":{"_monsterinsights_skip_tracking":false,"_monsterinsights_sitenote_active":false,"_monsterinsights_sitenote_note":"","_monsterinsights_sitenote_category":0},"product_brand":[],"product_cat":[12291,12711],"product_tag":[],"class_list":{"0":"post-729853","1":"product","2":"type-product","3":"status-publish","5":"product_cat-edebiyat","6":"product_cat-roman-oyku","7":"pa_cilt-ciltsiz","8":"pa_tur-kitap","9":"pa_yayinevi-destek-yayinlari","10":"pa_yazar-hakan-menguc","12":"first","13":"instock","14":"sale","15":"shipping-taxable","16":"purchasable","17":"product-type-simple"},"_links":{"self":[{"href":"https:\/\/roveyayinevi.com.tr\/index.php\/wp-json\/wp\/v2\/product\/729853","targetHints":{"allow":["GET"]}}],"collection":[{"href":"https:\/\/roveyayinevi.com.tr\/index.php\/wp-json\/wp\/v2\/product"}],"about":[{"href":"https:\/\/roveyayinevi.com.tr\/index.php\/wp-json\/wp\/v2\/types\/product"}],"wp:attachment":[{"href":"https:\/\/roveyayinevi.com.tr\/index.php\/wp-json\/wp\/v2\/media?parent=729853"}],"wp:term":[{"taxonomy":"product_brand","embeddable":true,"href":"https:\/\/roveyayinevi.com.tr\/index.php\/wp-json\/wp\/v2\/product_brand?post=729853"},{"taxonomy":"product_cat","embeddable":true,"href":"https:\/\/roveyayinevi.com.tr\/index.php\/wp-json\/wp\/v2\/product_cat?post=729853"},{"taxonomy":"product_tag","embeddable":true,"href":"https:\/\/roveyayinevi.com.tr\/index.php\/wp-json\/wp\/v2\/product_tag?post=729853"}],"curies":[{"name":"wp","href":"https:\/\/api.w.org\/{rel}","templated":true}]}}