{"id":729852,"date":"2025-08-27T21:04:07","date_gmt":"2025-08-27T18:04:07","guid":{"rendered":"https:\/\/roveyayinevi.com.tr\/index.php\/urun\/5-0-onde-baslamak\/"},"modified":"2026-04-16T02:37:35","modified_gmt":"2026-04-15T23:37:35","slug":"5-0-onde-baslamak","status":"publish","type":"product","link":"https:\/\/roveyayinevi.com.tr\/index.php\/urun\/5-0-onde-baslamak\/","title":{"rendered":"5.0 \u00d6nde Ba\u015flamak"},"content":{"rendered":"<p>\u201cD\u00fcnyay\u0131 de\u011fi\u015ftirmek i\u00e7in kullanabilece\u011finiz en g\u00fc\u00e7l\u00fc silah e\u011fitimdir.\u201d \u2013 Nelson MandelGelecek Nas\u0131l Gelecek?  Makineler \u0130nsan\u0131n Bir Fazlal\u0131k Oldu\u011funu D\u00fc\u015f\u00fcnebilir mi?  \u00c7ocuklar\u0131m\u0131z\u0131 Gelece\u011fe Nas\u0131l Haz\u0131rlar\u0131z?  \u0130\u00e7inizdeki D\u00e2hiyi Nas\u0131l Uyand\u0131rabilirsiniz?   Bizim hayalini bile kuramad\u0131\u011f\u0131m\u0131z bir gelecek, \u00e7ocuklar\u0131m\u0131z i\u00e7in s\u0131radan olacak. Bunu unutmamal\u0131y\u0131z, bizim akl\u0131m\u0131z alm\u0131yor, biz g\u00f6remiyoruz diye; onlar\u0131 d\u00fcne ve bug\u00fcne ba\u011fl\u0131 b\u0131rakmayal\u0131m. Gen\u00e7li\u011fin alg\u0131s\u0131, bak\u0131\u015f a\u00e7\u0131s\u0131, yetenekleri \u00e7ok daha fazla ve bize g\u00f6re \u00e7ok farkl\u0131. B\u0131rakal\u0131m bu yenilikleri, yar\u0131n\u0131, de\u011fi\u015fimi onlar ke\u015ffetsin, onlar yarats\u0131n ve y\u00f6netsin. Hem art\u0131k toplum, bireylerden \u00e7ok daha fazlas\u0131n\u0131 talep ediyor, bu talebi kar\u015f\u0131layamayanlar ne yaz\u0131k ki ba\u015far\u0131s\u0131z olacak. Bu yaln\u0131zca bireysel bir ba\u015far\u0131s\u0131zl\u0131k de\u011fil, toplumsal bir ba\u015far\u0131s\u0131zl\u0131k. Dolay\u0131s\u0131yla art\u0131k hepimize i\u015f d\u00fc\u015f\u00fcyor, hepimiz \u00f6nce kendimizi de\u011fi\u015ftirerek ve geli\u015ftirerek yola ba\u015flamal\u0131y\u0131z. Gelecek ancak bu \u015fekilde gelecek! Bu yolda esas kural nedir biliyor musunuz? Maneviyat\u0131 olmayan hi\u00e7bir \u015fey s\u00fcrd\u00fcr\u00fclebilir de\u011fildir. T\u00fcm gelecekler de buna dahildir! <\/p>\n","protected":false},"excerpt":{"rendered":"<p>\u201cD\u00fcnyay\u0131 de\u011fi\u015ftirmek i\u00e7in kullanabilece\u011finiz en g\u00fc\u00e7l\u00fc silah e\u011fitimdir.\u201d \u2013 Nelson MandelGelecek Nas\u0131l Gelecek? Makineler \u0130nsan\u0131n Bir Fazlal\u0131k Oldu\u011funu D\u00fc\u015f\u00fcnebilir mi? \u00c7ocuklar\u0131m\u0131z\u0131 Gelece\u011fe Nas\u0131l Haz\u0131rlar\u0131z? \u0130\u00e7inizdeki D\u00e2hiyi<span class=\"excerpt-hellip\"> [\u2026]<\/span><\/p>\n","protected":false},"featured_media":0,"template":"","meta":{"_monsterinsights_skip_tracking":false,"_monsterinsights_sitenote_active":false,"_monsterinsights_sitenote_note":"","_monsterinsights_sitenote_category":0},"product_brand":[],"product_cat":[12364,12376],"product_tag":[],"class_list":{"0":"post-729852","1":"product","2":"type-product","3":"status-publish","5":"product_cat-genel-konular","6":"product_cat-kisisel-gelisim","7":"pa_cilt-ciltsiz","8":"pa_tur-kitap","9":"pa_yayinevi-destek-yayinlari","10":"pa_yazar-levent-uysal","12":"first","13":"instock","14":"sale","15":"shipping-taxable","16":"purchasable","17":"product-type-simple"},"_links":{"self":[{"href":"https:\/\/roveyayinevi.com.tr\/index.php\/wp-json\/wp\/v2\/product\/729852","targetHints":{"allow":["GET"]}}],"collection":[{"href":"https:\/\/roveyayinevi.com.tr\/index.php\/wp-json\/wp\/v2\/product"}],"about":[{"href":"https:\/\/roveyayinevi.com.tr\/index.php\/wp-json\/wp\/v2\/types\/product"}],"wp:attachment":[{"href":"https:\/\/roveyayinevi.com.tr\/index.php\/wp-json\/wp\/v2\/media?parent=729852"}],"wp:term":[{"taxonomy":"product_brand","embeddable":true,"href":"https:\/\/roveyayinevi.com.tr\/index.php\/wp-json\/wp\/v2\/product_brand?post=729852"},{"taxonomy":"product_cat","embeddable":true,"href":"https:\/\/roveyayinevi.com.tr\/index.php\/wp-json\/wp\/v2\/product_cat?post=729852"},{"taxonomy":"product_tag","embeddable":true,"href":"https:\/\/roveyayinevi.com.tr\/index.php\/wp-json\/wp\/v2\/product_tag?post=729852"}],"curies":[{"name":"wp","href":"https:\/\/api.w.org\/{rel}","templated":true}]}}