{"id":729851,"date":"2025-08-27T21:04:06","date_gmt":"2025-08-27T18:04:06","guid":{"rendered":"https:\/\/roveyayinevi.com.tr\/index.php\/urun\/bu-kimin-ormani\/"},"modified":"2026-04-16T02:37:35","modified_gmt":"2026-04-15T23:37:35","slug":"bu-kimin-ormani","status":"publish","type":"product","link":"https:\/\/roveyayinevi.com.tr\/index.php\/urun\/bu-kimin-ormani\/","title":{"rendered":"Bu Kimin Orman\u0131?"},"content":{"rendered":"<p>Sol sayfada yer alan ipu\u00e7lar\u0131 ve sa\u011f sayfadaki \u00e7izim ve deliklerden, arka sayfadaki hayvan\u0131 tahmin edebilir misin? Ce-ee! \u0130\u015fte bir fil veya bir gergedan veya bir timsah! 0-3 ya\u015f i\u00e7in tasarlanan Ce-e Ben Kimim? serisi ile hayvanlar\u0131 ke\u015ffetmek art\u0131k daha keyifli, daha e\u011flenceli\u2026 <\/p>\n","protected":false},"excerpt":{"rendered":"<p>Sol sayfada yer alan ipu\u00e7lar\u0131 ve sa\u011f sayfadaki \u00e7izim ve deliklerden, arka sayfadaki hayvan\u0131 tahmin edebilir misin? Ce-ee! \u0130\u015fte bir fil veya bir gergedan veya bir<span class=\"excerpt-hellip\"> [\u2026]<\/span><\/p>\n","protected":false},"featured_media":0,"template":"","meta":{"_monsterinsights_skip_tracking":false,"_monsterinsights_sitenote_active":false,"_monsterinsights_sitenote_note":"","_monsterinsights_sitenote_category":0},"product_brand":[],"product_cat":[15192,12274],"product_tag":[],"class_list":{"0":"post-729851","1":"product","2":"type-product","3":"status-publish","5":"product_cat-1-3-yas-kitaplari","6":"product_cat-cocuk-ve-genclik-kitaplari","7":"pa_cilt-ciltsiz","8":"pa_tur-kitap","9":"pa_yayinevi-potikare-yayincilik","10":"pa_yazar-maria-loretta-giraldo","12":"first","13":"instock","14":"sale","15":"shipping-taxable","16":"purchasable","17":"product-type-simple"},"_links":{"self":[{"href":"https:\/\/roveyayinevi.com.tr\/index.php\/wp-json\/wp\/v2\/product\/729851","targetHints":{"allow":["GET"]}}],"collection":[{"href":"https:\/\/roveyayinevi.com.tr\/index.php\/wp-json\/wp\/v2\/product"}],"about":[{"href":"https:\/\/roveyayinevi.com.tr\/index.php\/wp-json\/wp\/v2\/types\/product"}],"wp:attachment":[{"href":"https:\/\/roveyayinevi.com.tr\/index.php\/wp-json\/wp\/v2\/media?parent=729851"}],"wp:term":[{"taxonomy":"product_brand","embeddable":true,"href":"https:\/\/roveyayinevi.com.tr\/index.php\/wp-json\/wp\/v2\/product_brand?post=729851"},{"taxonomy":"product_cat","embeddable":true,"href":"https:\/\/roveyayinevi.com.tr\/index.php\/wp-json\/wp\/v2\/product_cat?post=729851"},{"taxonomy":"product_tag","embeddable":true,"href":"https:\/\/roveyayinevi.com.tr\/index.php\/wp-json\/wp\/v2\/product_tag?post=729851"}],"curies":[{"name":"wp","href":"https:\/\/api.w.org\/{rel}","templated":true}]}}