{"id":729849,"date":"2025-08-27T21:04:04","date_gmt":"2025-08-27T18:04:04","guid":{"rendered":"https:\/\/roveyayinevi.com.tr\/index.php\/urun\/bahcede-kim-var-hareketli-kitaplar\/"},"modified":"2026-04-16T02:37:35","modified_gmt":"2026-04-15T23:37:35","slug":"bahcede-kim-var-hareketli-kitaplar","status":"publish","type":"product","link":"https:\/\/roveyayinevi.com.tr\/index.php\/urun\/bahcede-kim-var-hareketli-kitaplar\/","title":{"rendered":"Bah\u00e7ede Kim Var? &#8211; Hareketli Kitaplar"},"content":{"rendered":"<p>Yuvada iki yumurta m\u0131 var? Parma\u011f\u0131n\u0131 oynat ve bir bak! Ce-ee! Anne ku\u015f, yavrusunu besliyor. Ve bir sonraki sayfada, acaba seni nas\u0131l bir s\u00fcrpriz bekliyor? <\/p>\n","protected":false},"excerpt":{"rendered":"<p>Yuvada iki yumurta m\u0131 var? Parma\u011f\u0131n\u0131 oynat ve bir bak! Ce-ee! Anne ku\u015f, yavrusunu besliyor. Ve bir sonraki sayfada, acaba seni nas\u0131l bir s\u00fcrpriz bekliyor?<\/p>\n","protected":false},"featured_media":0,"template":"","meta":{"_monsterinsights_skip_tracking":false,"_monsterinsights_sitenote_active":false,"_monsterinsights_sitenote_note":"","_monsterinsights_sitenote_category":0},"product_brand":[],"product_cat":[15192,12274],"product_tag":[],"class_list":{"0":"post-729849","1":"product","2":"type-product","3":"status-publish","5":"product_cat-1-3-yas-kitaplari","6":"product_cat-cocuk-ve-genclik-kitaplari","7":"pa_cilt-ciltsiz","8":"pa_tur-kitap","9":"pa_yayinevi-potikare-yayincilik","10":"pa_yazar-daniela-gamba","12":"first","13":"instock","14":"sale","15":"shipping-taxable","16":"purchasable","17":"product-type-simple"},"_links":{"self":[{"href":"https:\/\/roveyayinevi.com.tr\/index.php\/wp-json\/wp\/v2\/product\/729849","targetHints":{"allow":["GET"]}}],"collection":[{"href":"https:\/\/roveyayinevi.com.tr\/index.php\/wp-json\/wp\/v2\/product"}],"about":[{"href":"https:\/\/roveyayinevi.com.tr\/index.php\/wp-json\/wp\/v2\/types\/product"}],"wp:attachment":[{"href":"https:\/\/roveyayinevi.com.tr\/index.php\/wp-json\/wp\/v2\/media?parent=729849"}],"wp:term":[{"taxonomy":"product_brand","embeddable":true,"href":"https:\/\/roveyayinevi.com.tr\/index.php\/wp-json\/wp\/v2\/product_brand?post=729849"},{"taxonomy":"product_cat","embeddable":true,"href":"https:\/\/roveyayinevi.com.tr\/index.php\/wp-json\/wp\/v2\/product_cat?post=729849"},{"taxonomy":"product_tag","embeddable":true,"href":"https:\/\/roveyayinevi.com.tr\/index.php\/wp-json\/wp\/v2\/product_tag?post=729849"}],"curies":[{"name":"wp","href":"https:\/\/api.w.org\/{rel}","templated":true}]}}