{"id":729847,"date":"2025-08-27T21:04:02","date_gmt":"2025-08-27T18:04:02","guid":{"rendered":"https:\/\/roveyayinevi.com.tr\/index.php\/urun\/hegelci-kozmoloji\/"},"modified":"2026-04-16T02:37:34","modified_gmt":"2026-04-15T23:37:34","slug":"hegelci-kozmoloji","status":"publish","type":"product","link":"https:\/\/roveyayinevi.com.tr\/index.php\/urun\/hegelci-kozmoloji\/","title":{"rendered":"Hegelci Kozmoloji"},"content":{"rendered":"<p>Elinizdeki kitapta \u0130ngiliz \u0130dealizminin en \u00f6nemli isimleridne John Ellis McTaggart, Temel kozmoloji problemleri \u00fczerinde Hegel felsefesini ve Hegelci d\u00fc\u015f\u00fcnceyi ele almaktad\u0131r. Metafizik ve etik alan\u0131nda hangi g\u00f6r\u00fc\u015flerin Hegel\u2019in mant\u0131\u011f\u0131 ve \u2018Mutlak\u2019 fikriyle uyumlu oldu\u011fu; insan \u00f6l\u00fcms\u00fczl\u00fc\u011f\u00fc, Mutlak\u2019\u0131n bir ki\u015fili\u011fe sahip olup olmad\u0131\u011f\u0131 ve sevginin insanlar\u0131 birbirine ba\u011flamadaki rol\u00fc gibi tart\u0131\u015fmalar\u0131n yan\u0131nda benlik, ceza, g\u00fcnah ve Hegel\u2019in Hristiyan teolojisi ile ili\u015fkisi ele al\u0131nan  di\u011fer konulardand\u0131r. T\u00fcm bu sorular\u0131 tart\u0131\u015f\u0131rken McTaggart\u2019\u0131n Hegel\u2019le birlikte  \u0130ngiliz \u0130dealist filozoflar Lotze, Bradley ve Mckenzie\u2019nin g\u00f6r\u00fc\u015flerini  de tart\u0131\u015fmas\u0131 ayr\u0131ca dikkate de\u011ferdir. <\/p>\n","protected":false},"excerpt":{"rendered":"<p>Elinizdeki kitapta \u0130ngiliz \u0130dealizminin en \u00f6nemli isimleridne John Ellis McTaggart, Temel kozmoloji problemleri \u00fczerinde Hegel felsefesini ve Hegelci d\u00fc\u015f\u00fcnceyi ele almaktad\u0131r. Metafizik ve etik alan\u0131nda hangi<span class=\"excerpt-hellip\"> [\u2026]<\/span><\/p>\n","protected":false},"featured_media":0,"template":"","meta":{"_monsterinsights_skip_tracking":false,"_monsterinsights_sitenote_active":false,"_monsterinsights_sitenote_note":"","_monsterinsights_sitenote_category":0},"product_brand":[],"product_cat":[20351,12388],"product_tag":[],"class_list":{"0":"post-729847","1":"product","2":"type-product","3":"status-publish","5":"product_cat-dusunce","6":"product_cat-felsefe","7":"pa_cilt-ciltsiz","8":"pa_tur-kitap","9":"pa_yayinevi-fol-kitap","10":"pa_yazar-john-ellis-mctaggart","12":"first","13":"instock","14":"sale","15":"shipping-taxable","16":"purchasable","17":"product-type-simple"},"_links":{"self":[{"href":"https:\/\/roveyayinevi.com.tr\/index.php\/wp-json\/wp\/v2\/product\/729847","targetHints":{"allow":["GET"]}}],"collection":[{"href":"https:\/\/roveyayinevi.com.tr\/index.php\/wp-json\/wp\/v2\/product"}],"about":[{"href":"https:\/\/roveyayinevi.com.tr\/index.php\/wp-json\/wp\/v2\/types\/product"}],"wp:attachment":[{"href":"https:\/\/roveyayinevi.com.tr\/index.php\/wp-json\/wp\/v2\/media?parent=729847"}],"wp:term":[{"taxonomy":"product_brand","embeddable":true,"href":"https:\/\/roveyayinevi.com.tr\/index.php\/wp-json\/wp\/v2\/product_brand?post=729847"},{"taxonomy":"product_cat","embeddable":true,"href":"https:\/\/roveyayinevi.com.tr\/index.php\/wp-json\/wp\/v2\/product_cat?post=729847"},{"taxonomy":"product_tag","embeddable":true,"href":"https:\/\/roveyayinevi.com.tr\/index.php\/wp-json\/wp\/v2\/product_tag?post=729847"}],"curies":[{"name":"wp","href":"https:\/\/api.w.org\/{rel}","templated":true}]}}