{"id":729846,"date":"2025-08-27T21:04:02","date_gmt":"2025-08-27T18:04:02","guid":{"rendered":"https:\/\/roveyayinevi.com.tr\/index.php\/urun\/hegelci-diyalektik\/"},"modified":"2026-04-16T02:37:34","modified_gmt":"2026-04-15T23:37:34","slug":"hegelci-diyalektik","status":"publish","type":"product","link":"https:\/\/roveyayinevi.com.tr\/index.php\/urun\/hegelci-diyalektik\/","title":{"rendered":"Hegelci Diyalektik"},"content":{"rendered":"<p>Hegel\u2019e g\u00f6re diyalektik nedir? Diyalekti\u011fin Hegel felsefesindeki yeri nedir? Hegel, diyalekti\u011fin, varl\u0131k, do\u011fa, ve tin ile ili\u015fkisin, nas\u0131l kurar? Hegelci diyalektik s\u00fcrecin, dinde, hukukta ya da tarihte izini s\u00fcrmek bizi nereye g\u00f6t\u00fcr\u00fcr. Elinizdeki kitapta, \u0130ngiliz idealizminin en \u00f6nemli temsilcilerinden John Ellis McTaggart, Hegel\u2019in temel eserleri \u00fczerinden t\u00fcm bu sorulara cevap aramaktad\u0131r. Bununla beraber McTaggart, Hegel\u2019in diyalektik y\u00f6ntem anlay\u0131\u015f\u0131na yaln\u0131zca kapsaml\u0131 bir giri\u015f yapmakla kalmaz, ayn\u0131 zamanda Hegel\u2019in \u00f6\u011fretisinin yanl\u0131\u015f oldu\u011funu d\u00fc\u015f\u00fcnd\u00fc\u011f\u00fc bir dizi noktay\u0131 ele\u015ftirel bir okuma ile ortaya koyar. Ayn\u0131 zamanda McTaggart\u2019\u0131n, diyalektik tart\u0131\u015fmas\u0131n\u0131 Hegel\u2019in yan\u0131nda, Francis Bradley, Nicolai Hartmann ve F.C.S Schiller\u2019le birlikte y\u00fcr\u00fctmesi de dikkate de\u011ferdir. <\/p>\n","protected":false},"excerpt":{"rendered":"<p>Hegel\u2019e g\u00f6re diyalektik nedir? Diyalekti\u011fin Hegel felsefesindeki yeri nedir? Hegel, diyalekti\u011fin, varl\u0131k, do\u011fa, ve tin ile ili\u015fkisin, nas\u0131l kurar? Hegelci diyalektik s\u00fcrecin, dinde, hukukta ya da<span class=\"excerpt-hellip\"> [\u2026]<\/span><\/p>\n","protected":false},"featured_media":0,"template":"","meta":{"_monsterinsights_skip_tracking":false,"_monsterinsights_sitenote_active":false,"_monsterinsights_sitenote_note":"","_monsterinsights_sitenote_category":0},"product_brand":[],"product_cat":[20351,12388],"product_tag":[],"class_list":{"0":"post-729846","1":"product","2":"type-product","3":"status-publish","5":"product_cat-dusunce","6":"product_cat-felsefe","7":"pa_cilt-ciltsiz","8":"pa_tur-kitap","9":"pa_yayinevi-fol-kitap","10":"pa_yazar-john-ellis-mctaggart","12":"first","13":"instock","14":"sale","15":"shipping-taxable","16":"purchasable","17":"product-type-simple"},"_links":{"self":[{"href":"https:\/\/roveyayinevi.com.tr\/index.php\/wp-json\/wp\/v2\/product\/729846","targetHints":{"allow":["GET"]}}],"collection":[{"href":"https:\/\/roveyayinevi.com.tr\/index.php\/wp-json\/wp\/v2\/product"}],"about":[{"href":"https:\/\/roveyayinevi.com.tr\/index.php\/wp-json\/wp\/v2\/types\/product"}],"wp:attachment":[{"href":"https:\/\/roveyayinevi.com.tr\/index.php\/wp-json\/wp\/v2\/media?parent=729846"}],"wp:term":[{"taxonomy":"product_brand","embeddable":true,"href":"https:\/\/roveyayinevi.com.tr\/index.php\/wp-json\/wp\/v2\/product_brand?post=729846"},{"taxonomy":"product_cat","embeddable":true,"href":"https:\/\/roveyayinevi.com.tr\/index.php\/wp-json\/wp\/v2\/product_cat?post=729846"},{"taxonomy":"product_tag","embeddable":true,"href":"https:\/\/roveyayinevi.com.tr\/index.php\/wp-json\/wp\/v2\/product_tag?post=729846"}],"curies":[{"name":"wp","href":"https:\/\/api.w.org\/{rel}","templated":true}]}}