{"id":729844,"date":"2025-08-27T21:04:00","date_gmt":"2025-08-27T18:04:00","guid":{"rendered":"https:\/\/roveyayinevi.com.tr\/index.php\/urun\/hegel-mantigi\/"},"modified":"2026-04-16T02:37:34","modified_gmt":"2026-04-15T23:37:34","slug":"hegel-mantigi","status":"publish","type":"product","link":"https:\/\/roveyayinevi.com.tr\/index.php\/urun\/hegel-mantigi\/","title":{"rendered":"Hegel Mant\u0131\u011f\u0131"},"content":{"rendered":"<p>Bu kitap, \u0130ngiliz \u0130dealizminin en \u00f6nemli temsilcilerinde John Ellis McTaggart\u2019\u0131n Hegelci Diyalektik, Hegelci Kozmoloji eserleri ile birlikte yazar\u0131n Hegel \u00fczerine ara\u015ft\u0131rmalar\u0131n\u0131n son \u00fcr\u00fcn\u00fcd\u00fcr. Bu kitap B\u00fcy\u00fck Mant\u0131k\u2019\u0131 anlamak isteyen Hegel okurlar\u0131na bir a\u00e7\u0131mlama olarak faydal\u0131 olacakt\u0131r. Ayn\u0131 zamanda okuyucu bu kitapta, Varl\u0131k kategorisinden Mutlak \u0130de kategorisine giden s\u00fcre\u00e7te Hegel felsefesinin ge\u00e7i\u015f yapt\u0131\u011f\u0131 \u00e7e\u015fitli u\u011fraklar\u0131n ele\u015ftirel bir a\u00e7\u0131klamas\u0131n\u0131 bulacakt\u0131r. T\u00fcm filozoflar gibi, Hegel\u2019in d\u00fc\u015f\u00fcncesi de durgun bir g\u00f6let de\u011fildir. Bu a\u00e7\u0131dan, Hegel\u2019in B\u00fcy\u00fck Mant\u0131k ve Ansiklopedi eserleri b\u00fcy\u00fck \u00f6l\u00e7\u00fcde \u00f6rt\u00fc\u015fse de,  farkl\u0131l\u0131k g\u00f6sterdikleri birka\u00e7 \u00f6nemli nokta da s\u00f6z konusudur. Bu farkl\u0131l\u0131klar\u0131 g\u00f6rmek ad\u0131na da elinizdeki kitap sizlere \u00f6nemli bir izlek sunacakt\u0131r. <\/p>\n","protected":false},"excerpt":{"rendered":"<p>Bu kitap, \u0130ngiliz \u0130dealizminin en \u00f6nemli temsilcilerinde John Ellis McTaggart\u2019\u0131n Hegelci Diyalektik, Hegelci Kozmoloji eserleri ile birlikte yazar\u0131n Hegel \u00fczerine ara\u015ft\u0131rmalar\u0131n\u0131n son \u00fcr\u00fcn\u00fcd\u00fcr. Bu kitap B\u00fcy\u00fck<span class=\"excerpt-hellip\"> [\u2026]<\/span><\/p>\n","protected":false},"featured_media":0,"template":"","meta":{"_monsterinsights_skip_tracking":false,"_monsterinsights_sitenote_active":false,"_monsterinsights_sitenote_note":"","_monsterinsights_sitenote_category":0},"product_brand":[],"product_cat":[16038,12388],"product_tag":[],"class_list":{"0":"post-729844","1":"product","2":"type-product","3":"status-publish","5":"product_cat-arastirma-inceleme-referans-felsefe","6":"product_cat-felsefe","7":"pa_cilt-ciltsiz","8":"pa_tur-kitap","9":"pa_yayinevi-fol-kitap","10":"pa_yazar-john-ellis-mctaggart","12":"first","13":"instock","14":"sale","15":"shipping-taxable","16":"purchasable","17":"product-type-simple"},"_links":{"self":[{"href":"https:\/\/roveyayinevi.com.tr\/index.php\/wp-json\/wp\/v2\/product\/729844","targetHints":{"allow":["GET"]}}],"collection":[{"href":"https:\/\/roveyayinevi.com.tr\/index.php\/wp-json\/wp\/v2\/product"}],"about":[{"href":"https:\/\/roveyayinevi.com.tr\/index.php\/wp-json\/wp\/v2\/types\/product"}],"wp:attachment":[{"href":"https:\/\/roveyayinevi.com.tr\/index.php\/wp-json\/wp\/v2\/media?parent=729844"}],"wp:term":[{"taxonomy":"product_brand","embeddable":true,"href":"https:\/\/roveyayinevi.com.tr\/index.php\/wp-json\/wp\/v2\/product_brand?post=729844"},{"taxonomy":"product_cat","embeddable":true,"href":"https:\/\/roveyayinevi.com.tr\/index.php\/wp-json\/wp\/v2\/product_cat?post=729844"},{"taxonomy":"product_tag","embeddable":true,"href":"https:\/\/roveyayinevi.com.tr\/index.php\/wp-json\/wp\/v2\/product_tag?post=729844"}],"curies":[{"name":"wp","href":"https:\/\/api.w.org\/{rel}","templated":true}]}}