{"id":729843,"date":"2025-08-27T21:03:59","date_gmt":"2025-08-27T18:03:59","guid":{"rendered":"https:\/\/roveyayinevi.com.tr\/index.php\/urun\/fichte-kantcilar-ve-kant-karsitlari\/"},"modified":"2026-04-16T02:37:34","modified_gmt":"2026-04-15T23:37:34","slug":"fichte-kantcilar-ve-kant-karsitlari","status":"publish","type":"product","link":"https:\/\/roveyayinevi.com.tr\/index.php\/urun\/fichte-kantcilar-ve-kant-karsitlari\/","title":{"rendered":"Fichte \u2013Kant\u00e7\u0131lar ve Kant Kar\u015f\u0131tlar\u0131"},"content":{"rendered":"<p>Alman filozof Nicolai Hartmann\u2019\u0131n kaleme ald\u0131\u011f\u0131 bu kitap, Kant sonras\u0131 felsefenin en \u00f6nemli u\u011fraklar\u0131ndan olan Alman \u0130dealizmi\u2019nin \u00f6yk\u00fcs\u00fcn\u00fc anlatmaktad\u0131r. 18. y\u00fczy\u0131l\u0131n sonunda, Kant\u2019tan yola \u00e7\u0131kar bu \u00f6yk\u00fc. Felsefe tarihinin bu u\u011fra\u011f\u0131nda t\u00fcm felsefe, Kant\u2019\u0131n yorumlanmas\u0131 ve ona kar\u015f\u0131 tak\u0131n\u0131lan tutuma g\u00f6re \u015fekillenir. Kant\u2019\u0131n ilk ele\u015ftirmenlerinden Reinhold\u2019a ba\u011flanarak Schulze, Maimon, Beck, Jacobi ve Bardili gibi, ele\u015ftirel felsefenin bir dizi savunucusu ve kar\u015f\u0131t\u0131 ortaya \u00e7\u0131kar. Elinizdeki kitab\u0131n ilk b\u00f6l\u00fcm\u00fc bu Kant\u00e7\u0131lar ve Kant-Kar\u015f\u0131tlar\u0131na ayr\u0131lm\u0131\u015ft\u0131r. \u00c7ok de\u011fil, yaln\u0131zca birka\u00e7 y\u0131l sonra, Fichte\u2019nin sahneye \u00e7\u0131kmas\u0131yla birlikte, \u00f6nc\u00fc ki\u015filerinin kendilerine en y\u00fcksek spek\u00fclatif hedefleri belirledi\u011fi yeni, daha b\u00fcy\u00fck bir hareket patlak verir. Bu kitab\u0131n ikinci b\u00f6l\u00fcm\u00fcnde, Fichte\u2019nin ya\u015fam\u0131, bilim \u00f6\u011fretisi, ahlak, hukuk ve tarih felsefesi, Alman \u0130dealizmi i\u00e7erisindeki konumuyla birlikte sistematik bir okumayla ele al\u0131nmaktad\u0131r. Hartmann\u2019\u0131n, g\u00f6r\u00fc\u015flerini m\u00fcmk\u00fcn oldu\u011funca objektif bir bak\u0131\u015f a\u00e7\u0131s\u0131yla ve tarihsel geli\u015fimi esas alarak a\u00e7\u0131k bir dille sundu\u011fu bu eserini, Sayg\u0131n G\u00fcnen\u00e7 \u00e7evirisi ve Harun Tepe\u2019nin Sunu\u015f\u2019uyla okurlar\u0131m\u0131za sunuyoruz. <\/p>\n","protected":false},"excerpt":{"rendered":"<p>Alman filozof Nicolai Hartmann\u2019\u0131n kaleme ald\u0131\u011f\u0131 bu kitap, Kant sonras\u0131 felsefenin en \u00f6nemli u\u011fraklar\u0131ndan olan Alman \u0130dealizmi\u2019nin \u00f6yk\u00fcs\u00fcn\u00fc anlatmaktad\u0131r. 18. y\u00fczy\u0131l\u0131n sonunda, Kant\u2019tan yola \u00e7\u0131kar bu<span class=\"excerpt-hellip\"> [\u2026]<\/span><\/p>\n","protected":false},"featured_media":0,"template":"","meta":{"_monsterinsights_skip_tracking":false,"_monsterinsights_sitenote_active":false,"_monsterinsights_sitenote_note":"","_monsterinsights_sitenote_category":0},"product_brand":[],"product_cat":[12388,13555],"product_tag":[],"class_list":{"0":"post-729843","1":"product","2":"type-product","3":"status-publish","5":"product_cat-felsefe","6":"product_cat-genel-felsefe","7":"pa_cilt-ciltsiz","8":"pa_tur-kitap","9":"pa_yayinevi-fol-kitap","10":"pa_yazar-nicolai-hartmann","12":"first","13":"instock","14":"sale","15":"shipping-taxable","16":"purchasable","17":"product-type-simple"},"_links":{"self":[{"href":"https:\/\/roveyayinevi.com.tr\/index.php\/wp-json\/wp\/v2\/product\/729843","targetHints":{"allow":["GET"]}}],"collection":[{"href":"https:\/\/roveyayinevi.com.tr\/index.php\/wp-json\/wp\/v2\/product"}],"about":[{"href":"https:\/\/roveyayinevi.com.tr\/index.php\/wp-json\/wp\/v2\/types\/product"}],"wp:attachment":[{"href":"https:\/\/roveyayinevi.com.tr\/index.php\/wp-json\/wp\/v2\/media?parent=729843"}],"wp:term":[{"taxonomy":"product_brand","embeddable":true,"href":"https:\/\/roveyayinevi.com.tr\/index.php\/wp-json\/wp\/v2\/product_brand?post=729843"},{"taxonomy":"product_cat","embeddable":true,"href":"https:\/\/roveyayinevi.com.tr\/index.php\/wp-json\/wp\/v2\/product_cat?post=729843"},{"taxonomy":"product_tag","embeddable":true,"href":"https:\/\/roveyayinevi.com.tr\/index.php\/wp-json\/wp\/v2\/product_tag?post=729843"}],"curies":[{"name":"wp","href":"https:\/\/api.w.org\/{rel}","templated":true}]}}