{"id":729841,"date":"2025-08-27T21:03:57","date_gmt":"2025-08-27T18:03:57","guid":{"rendered":"https:\/\/roveyayinevi.com.tr\/index.php\/urun\/monolog\/"},"modified":"2025-10-30T13:30:08","modified_gmt":"2025-10-30T10:30:08","slug":"monolog","status":"publish","type":"product","link":"https:\/\/roveyayinevi.com.tr\/index.php\/urun\/monolog\/","title":{"rendered":"Monolog"},"content":{"rendered":"<p>\u201cVakit geldi Yaralananlar var yine Salg\u0131na yakalananlar K\u00f6t\u00fcler ve iyi olaca\u011f\u0131n\u0131 d\u00fc\u015f\u00fcnenler var Ayr\u0131l\u0131klar var Kafas\u0131na s\u0131kan Ayaklar\u0131n\u0131 ba\u011flay\u0131p Bo\u011faz\u0131n\u0131 kesenler S\u0131n\u0131r d\u0131\u015f\u0131 edilenler var Haks\u0131zl\u0131klar var Kendini ba\u015fka g\u00f6sterenler var Tedavi olmaya \u00e7al\u0131\u015fanlar var Ortada bir \u015fiir kitab\u0131 var T\u00fck\u00fcr\u00fck di\u015flerimin aras\u0131nda \u00d6ks\u00fcrsem klavyeye d\u00fc\u015fecek Yazmal\u0131 m\u0131y\u0131m Bir Bir Bir Sat\u0131r daha\u201d <\/p>\n","protected":false},"excerpt":{"rendered":"<p>\u201cVakit geldi Yaralananlar var yine Salg\u0131na yakalananlar K\u00f6t\u00fcler ve iyi olaca\u011f\u0131n\u0131 d\u00fc\u015f\u00fcnenler var Ayr\u0131l\u0131klar var Kafas\u0131na s\u0131kan Ayaklar\u0131n\u0131 ba\u011flay\u0131p Bo\u011faz\u0131n\u0131 kesenler S\u0131n\u0131r d\u0131\u015f\u0131 edilenler var Haks\u0131zl\u0131klar<span class=\"excerpt-hellip\"> [\u2026]<\/span><\/p>\n","protected":false},"featured_media":0,"template":"","meta":{"_monsterinsights_skip_tracking":false,"_monsterinsights_sitenote_active":false,"_monsterinsights_sitenote_note":"","_monsterinsights_sitenote_category":0},"product_brand":[],"product_cat":[12291,12509],"product_tag":[],"class_list":{"0":"post-729841","1":"product","2":"type-product","3":"status-publish","5":"product_cat-edebiyat","6":"product_cat-siir","7":"pa_cilt-ciltsiz","8":"pa_tur-kitap","9":"pa_yayinevi-imgenin-cocuklari","10":"pa_yazar-onur-can-calli","12":"first","13":"instock","14":"sale","15":"shipping-taxable","16":"purchasable","17":"product-type-simple"},"_links":{"self":[{"href":"https:\/\/roveyayinevi.com.tr\/index.php\/wp-json\/wp\/v2\/product\/729841","targetHints":{"allow":["GET"]}}],"collection":[{"href":"https:\/\/roveyayinevi.com.tr\/index.php\/wp-json\/wp\/v2\/product"}],"about":[{"href":"https:\/\/roveyayinevi.com.tr\/index.php\/wp-json\/wp\/v2\/types\/product"}],"wp:attachment":[{"href":"https:\/\/roveyayinevi.com.tr\/index.php\/wp-json\/wp\/v2\/media?parent=729841"}],"wp:term":[{"taxonomy":"product_brand","embeddable":true,"href":"https:\/\/roveyayinevi.com.tr\/index.php\/wp-json\/wp\/v2\/product_brand?post=729841"},{"taxonomy":"product_cat","embeddable":true,"href":"https:\/\/roveyayinevi.com.tr\/index.php\/wp-json\/wp\/v2\/product_cat?post=729841"},{"taxonomy":"product_tag","embeddable":true,"href":"https:\/\/roveyayinevi.com.tr\/index.php\/wp-json\/wp\/v2\/product_tag?post=729841"}],"curies":[{"name":"wp","href":"https:\/\/api.w.org\/{rel}","templated":true}]}}