{"id":729840,"date":"2025-08-27T21:03:56","date_gmt":"2025-08-27T18:03:56","guid":{"rendered":"https:\/\/roveyayinevi.com.tr\/index.php\/urun\/bu-basit\/"},"modified":"2026-04-16T02:37:34","modified_gmt":"2026-04-15T23:37:34","slug":"bu-basit","status":"publish","type":"product","link":"https:\/\/roveyayinevi.com.tr\/index.php\/urun\/bu-basit\/","title":{"rendered":"Bu Basit"},"content":{"rendered":"<p>\u201ci\u00e7imde bir g\u00f6lge oyunu masada kentin s\u0131k\u0131nt\u0131l\u0131 hali kentin i\u00e7inde y\u00fcz\u00fc sarg\u0131l\u0131 buruk bir \u00e7ocu\u011fun \u00f6l\u00fcm sevecenli\u011fi d\u00f6ne dola\u015fa kalbe iniyor kent sars\u0131nt\u0131larla g\u00f6lgeli d\u00fc\u015f bir kad\u0131nla erke\u011fin ah ile olan g\u00fcmb\u00fcrt\u00fcs\u00fc ye\u015file ka\u00e7\u0131yor kad\u0131n buralar b\u00f6ylece birden bire ba\u015f a\u011fr\u0131s\u0131 beyaz bir incir yapra\u011f\u0131na sar\u0131l\u0131 kendini s\u00f6k\u00fcp alman\u0131n vakti yol ikiye ayr\u0131l\u0131r bu basit o ya da O ya\u015famak i\u00e7in bir m\u00fcddet buradaki beton kentin kendi kesifli\u011fi\u201d <\/p>\n","protected":false},"excerpt":{"rendered":"<p>\u201ci\u00e7imde bir g\u00f6lge oyunu masada kentin s\u0131k\u0131nt\u0131l\u0131 hali kentin i\u00e7inde y\u00fcz\u00fc sarg\u0131l\u0131 buruk bir \u00e7ocu\u011fun \u00f6l\u00fcm sevecenli\u011fi d\u00f6ne dola\u015fa kalbe iniyor kent sars\u0131nt\u0131larla g\u00f6lgeli d\u00fc\u015f bir<span class=\"excerpt-hellip\"> [\u2026]<\/span><\/p>\n","protected":false},"featured_media":0,"template":"","meta":{"_monsterinsights_skip_tracking":false,"_monsterinsights_sitenote_active":false,"_monsterinsights_sitenote_note":"","_monsterinsights_sitenote_category":0},"product_brand":[],"product_cat":[12291,12509],"product_tag":[],"class_list":{"0":"post-729840","1":"product","2":"type-product","3":"status-publish","5":"product_cat-edebiyat","6":"product_cat-siir","7":"pa_cilt-ciltsiz","8":"pa_tur-kitap","9":"pa_yayinevi-imgenin-cocuklari","10":"pa_yazar-yunus-aydin","12":"first","13":"instock","14":"sale","15":"shipping-taxable","16":"purchasable","17":"product-type-simple"},"_links":{"self":[{"href":"https:\/\/roveyayinevi.com.tr\/index.php\/wp-json\/wp\/v2\/product\/729840","targetHints":{"allow":["GET"]}}],"collection":[{"href":"https:\/\/roveyayinevi.com.tr\/index.php\/wp-json\/wp\/v2\/product"}],"about":[{"href":"https:\/\/roveyayinevi.com.tr\/index.php\/wp-json\/wp\/v2\/types\/product"}],"wp:attachment":[{"href":"https:\/\/roveyayinevi.com.tr\/index.php\/wp-json\/wp\/v2\/media?parent=729840"}],"wp:term":[{"taxonomy":"product_brand","embeddable":true,"href":"https:\/\/roveyayinevi.com.tr\/index.php\/wp-json\/wp\/v2\/product_brand?post=729840"},{"taxonomy":"product_cat","embeddable":true,"href":"https:\/\/roveyayinevi.com.tr\/index.php\/wp-json\/wp\/v2\/product_cat?post=729840"},{"taxonomy":"product_tag","embeddable":true,"href":"https:\/\/roveyayinevi.com.tr\/index.php\/wp-json\/wp\/v2\/product_tag?post=729840"}],"curies":[{"name":"wp","href":"https:\/\/api.w.org\/{rel}","templated":true}]}}