{"id":729837,"date":"2025-08-27T21:03:54","date_gmt":"2025-08-27T18:03:54","guid":{"rendered":"https:\/\/roveyayinevi.com.tr\/index.php\/urun\/ramazan-guzellemeleri-2\/"},"modified":"2026-04-16T02:37:34","modified_gmt":"2026-04-15T23:37:34","slug":"ramazan-guzellemeleri-2","status":"publish","type":"product","link":"https:\/\/roveyayinevi.com.tr\/index.php\/urun\/ramazan-guzellemeleri-2\/","title":{"rendered":"Ramazan G\u00fczellemeleri"},"content":{"rendered":"<p>Oru\u00e7, t\u0131pk\u0131 kurban gibi, madd\u00ee y\u00f6n\u00fcn\u00fcn maneviyata tahavv\u00fcl etmesi beklenen, bu \u015fekilde insan\u0131n da asl\u0131na r\u00fccu etmesine vesile k\u0131l\u0131nan bir ulu ibadettir. Ramazan ise muhteviyat\u0131n\u0131n merkezindeki oru\u00e7 far\u00eezas\u0131n\u0131n fertten topluma, toplumdan k\u00e2inata inki\u015faf\u0131n\u0131 gerektiren bir m\u00fcbarek ayd\u0131r. Kadim co\u011frafyam\u0131zda Mevlid okumalar\u0131, sal\u00e2, salavat, cerre \u00e7\u0131kmak, di\u015f kiras\u0131, g\u00f6lge oyunu gibi pek \u00e7ok g\u00fczel gelenekle idrak edilen Ramazan ay\u0131, kalp co\u011frafyam\u0131zda ise zikr-i daim ile nesilden nesile aktar\u0131lagelen bir g\u00f6n\u00fcl iklimi olu\u015fturmu\u015f; bu iklimler de oru\u00e7 ay\u0131n\u0131n her bir g\u00fcn\u00fcnde e\u015fref-i mahlukat olan insana birer hediye mahiyetinde g\u00f6n\u00fcl hallerine, mevsimlerine d\u00f6n\u00fc\u015fm\u00fc\u015ft\u00fcr. Huzur, bulu\u015fma, dertle\u015fme, \u00f6\u011frenme, s\u00fck\u00fbt, idrak, uzlet, dua, ne\u015fe mevsimleri&#8230;\u0130\u015fte Ramazan G\u00fczellemeleri, Bilal Kemikli&#8217;nin edebiyatla bulu\u015fan s\u0131cac\u0131k anlat\u0131m\u0131yla Ramazan-\u0131 \u015eerif&#8217;in manev\u00ee ar\u0131nma vesilesi k\u0131l\u0131nmas\u0131na dair bir &#8220;mevsim&#8221;ler manzumesi olarak okurunu selaml\u0131yor. \u015eehr-i Ramazan&#8217;\u0131n her bir g\u00fcn\u00fc bu sat\u0131rlarda, m\u00fc&#8217;minin hat\u0131rlamas\u0131 ve hat\u0131rlatmas\u0131 gereken \u00e7e\u015fitli idrak seviyeleriyle kar\u015f\u0131m\u0131za \u00e7\u0131k\u0131yor. Ramazan, \u00e2deta bir m\u00fcr\u015fid; otuz g\u00fcn boyunca s\u00fcren ve akabinde de bir \u00f6m\u00fcr s\u00fcrd\u00fcr\u00fclmesi beklenen bu serencam, bir dervi\u015fin seyr u s\u00fcl\u00fbk mertebeleri oluyor ve \u00f6ze d\u00f6n\u00fc\u015f\u00fc \u00dcft\u00e2de Hazretlerinin nutku nezdinde mu\u015ftuluyor:\u00c2\u015f\u0131klar edin sal\u00e2Oru\u00e7 ay\u0131 geldi yineRahmet denizi c\u00fb\u015f edip\u00c2lemlere doldu yine<\/p>\n","protected":false},"excerpt":{"rendered":"<p>Oru\u00e7, t\u0131pk\u0131 kurban gibi, madd\u00ee y\u00f6n\u00fcn\u00fcn maneviyata tahavv\u00fcl etmesi beklenen, bu \u015fekilde insan\u0131n da asl\u0131na r\u00fccu etmesine vesile k\u0131l\u0131nan bir ulu ibadettir. Ramazan ise muhteviyat\u0131n\u0131n merkezindeki<span class=\"excerpt-hellip\"> [\u2026]<\/span><\/p>\n","protected":false},"featured_media":0,"template":"","meta":{"_monsterinsights_skip_tracking":false,"_monsterinsights_sitenote_active":false,"_monsterinsights_sitenote_note":"","_monsterinsights_sitenote_category":0},"product_brand":[],"product_cat":[12718,12719,12720],"product_tag":[],"class_list":{"0":"post-729837","1":"product","2":"type-product","3":"status-publish","5":"product_cat-din","6":"product_cat-islam","7":"product_cat-tasavvuf-mezhepler-tarikatlar","8":"pa_cilt-ciltsiz","9":"pa_tur-kitap","10":"pa_yayinevi-sufi-kitap","11":"pa_yazar-bilal-kemikli","13":"first","14":"instock","15":"sale","16":"shipping-taxable","17":"purchasable","18":"product-type-simple"},"_links":{"self":[{"href":"https:\/\/roveyayinevi.com.tr\/index.php\/wp-json\/wp\/v2\/product\/729837","targetHints":{"allow":["GET"]}}],"collection":[{"href":"https:\/\/roveyayinevi.com.tr\/index.php\/wp-json\/wp\/v2\/product"}],"about":[{"href":"https:\/\/roveyayinevi.com.tr\/index.php\/wp-json\/wp\/v2\/types\/product"}],"wp:attachment":[{"href":"https:\/\/roveyayinevi.com.tr\/index.php\/wp-json\/wp\/v2\/media?parent=729837"}],"wp:term":[{"taxonomy":"product_brand","embeddable":true,"href":"https:\/\/roveyayinevi.com.tr\/index.php\/wp-json\/wp\/v2\/product_brand?post=729837"},{"taxonomy":"product_cat","embeddable":true,"href":"https:\/\/roveyayinevi.com.tr\/index.php\/wp-json\/wp\/v2\/product_cat?post=729837"},{"taxonomy":"product_tag","embeddable":true,"href":"https:\/\/roveyayinevi.com.tr\/index.php\/wp-json\/wp\/v2\/product_tag?post=729837"}],"curies":[{"name":"wp","href":"https:\/\/api.w.org\/{rel}","templated":true}]}}